{"id":400,"date":"2024-06-24T21:21:22","date_gmt":"2024-06-24T21:21:22","guid":{"rendered":"https:\/\/www.ecommerceupdate.com.br\/?page_id=400"},"modified":"2025-02-24T10:17:53","modified_gmt":"2025-02-24T13:17:53","slug":"sobre","status":"publish","type":"page","link":"https:\/\/www.ecommerceupdate.com.br\/sv\/sobre\/","title":{"rendered":"ovanp\u00e5"},"content":{"rendered":"<p>E-Commerce Update \u00e4r ett referensf\u00f6retag p\u00e5 den brasilianska marknaden, specialiserat p\u00e5 att producera och sprida h\u00f6gkvalitativt inneh\u00e5ll inom e-handelssektorn. F\u00f6r att fr\u00e4mja tillv\u00e4xten och utvecklingen av e-handel i landet \u00e4r f\u00f6retaget dedikerat till att ta itu med de mest varierande \u00e4mnena relaterade till detta segment, b\u00e5de nationellt och internationellt.<\/p>\n\n\n\n<p>Genom djupg\u00e5ende artiklar, marknadsanalyser, intervjuer med experter och bevakning av stora h\u00e4ndelser och trender erbjuder E-Commerce Update sina l\u00e4sare ett rikt, uppdaterat och relevant inneh\u00e5ll. F\u00f6retaget str\u00e4var inte bara efter att informera, utan ocks\u00e5 att utbilda och inspirera yrkesverksamma, entrepren\u00f6rer och e-handelsentusiaster, vilket bidrar till utvecklingen av ett mer robust och innovativt e-handelsekosystem i Brasilien och \u00f6ver hela v\u00e4rlden.<\/p>\n\n\n\n<p>E-Commerce Update utm\u00e4rker sig f\u00f6r sin redaktionella kvalitet och \u00f6vergripande inst\u00e4llning till e-handelsrelaterade \u00e4mnen.Fr\u00e5n digitala marknadsf\u00f6ringsstrategier, logistik, betalningsmetoder och anv\u00e4ndarupplevelse, till tekniska innovationer, framg\u00e5ngshistorier och branschutmaningar, syftar f\u00f6retaget till att t\u00e4cka alla aspekter som \u00e4r avg\u00f6rande f\u00f6r framg\u00e5ng inom e-handel.<\/p>\n\n\n\n<p>Genom att konsolidera sig som en p\u00e5litlig och inspirerande k\u00e4lla till inneh\u00e5ll om e-handel, har E-Commerce Update alltmer blivit en referenspunkt f\u00f6r yrkesverksamma och f\u00f6retag som vill h\u00e5lla sig uppdaterade, f\u00f6rb\u00e4ttra sina strategier och dra nytta av de m\u00f6jligheter som denna st\u00e4ndigt v\u00e4xande marknad erbjuder. Med sitt engagemang f\u00f6r att fr\u00e4mja e-handel i Brasilien och \u00f6ver hela v\u00e4rlden spelar f\u00f6retaget en nyckelroll i att bygga en lovande framtid f\u00f6r sektorn.<\/p>","protected":false},"excerpt":{"rendered":"<p>A E-Commerce Update \u00e9 uma empresa de refer\u00eancia no mercado brasileiro, especializada em produzir e disseminar conte\u00fado de alta qualidade sobre o setor de com\u00e9rcio eletr\u00f4nico. Com o objetivo de fomentar o crescimento e a evolu\u00e7\u00e3o do e-commerce no pa\u00eds, a empresa se dedica a abordar os mais variados temas relacionados a esse segmento, tanto [&hellip;]<\/p>\n","protected":false},"author":1,"featured_media":0,"parent":0,"menu_order":0,"comment_status":"closed","ping_status":"closed","template":"","meta":{"footnotes":""},"class_list":["post-400","page","type-page","status-publish"],"aioseo_notices":[],"_links":{"self":[{"href":"https:\/\/www.ecommerceupdate.com.br\/sv\/wp-json\/wp\/v2\/pages\/400","targetHints":{"allow":["GET"]}}],"collection":[{"href":"https:\/\/www.ecommerceupdate.com.br\/sv\/wp-json\/wp\/v2\/pages"}],"about":[{"href":"https:\/\/www.ecommerceupdate.com.br\/sv\/wp-json\/wp\/v2\/types\/page"}],"author":[{"embeddable":true,"href":"https:\/\/www.ecommerceupdate.com.br\/sv\/wp-json\/wp\/v2\/users\/1"}],"replies":[{"embeddable":true,"href":"https:\/\/www.ecommerceupdate.com.br\/sv\/wp-json\/wp\/v2\/comments?post=400"}],"version-history":[{"count":0,"href":"https:\/\/www.ecommerceupdate.com.br\/sv\/wp-json\/wp\/v2\/pages\/400\/revisions"}],"wp:attachment":[{"href":"https:\/\/www.ecommerceupdate.com.br\/sv\/wp-json\/wp\/v2\/media?parent=400"}],"curies":[{"name":"wp","href":"https:\/\/api.w.org\/{rel}","templated":true}]}}