{"id":91661,"date":"2026-02-07T12:39:34","date_gmt":"2026-02-07T15:39:34","guid":{"rendered":"https:\/\/www.ecommerceupdate.org\/produto\/custos-de-operacoes-no-e-commerce\/"},"modified":"2026-03-13T15:23:44","modified_gmt":"2026-03-13T18:23:44","slug":"custos-de-operacoes-no-e-commerce","status":"publish","type":"product","link":"https:\/\/www.ecommerceupdate.com.br\/sv\/produto\/custos-de-operacoes-no-e-commerce\/","title":{"rendered":"Kostnader f\u00f6r verksamhet inom e-handel"},"content":{"rendered":"<div class=\"woocommerce-product-details\"><\/div>","protected":false},"excerpt":{"rendered":"<p>Den h\u00e4r boken presenterar v\u00e4rdefull information om mycket viktiga faktorer f\u00f6r en framg\u00e5ngsrik e-handel: administration, ledning, logistik, datoriserade system, marknadsf\u00f6ring, betalningsmetoder, skatter, bland flera andra viktiga \u00e4mnen f\u00f6r skapandet av en framg\u00e5ngsrik, konkurrenskraftig och l\u00f6nsam virtuell verksamhet.<\/p>","protected":false},"featured_media":91661,"comment_status":"open","ping_status":"closed","template":"","meta":[],"product_cat":[1611,1613,1595],"product_tag":[],"class_list":{"0":"post-91661","1":"product","2":"type-product","3":"status-publish","4":"has-post-thumbnail","6":"product_brand-por-silvana-torquato-fernandes-alves-autor-lcia-maria-tavares-autor","7":"product_cat-administracao-negocios-e-economia","8":"product_cat-industrias-e-profissoes","9":"product_cat-livros","11":"first","12":"instock","13":"sale","14":"shipping-taxable","15":"purchasable","16":"product-type-simple"},"aioseo_notices":[],"_links":{"self":[{"href":"https:\/\/www.ecommerceupdate.com.br\/sv\/wp-json\/wp\/v2\/product\/91661","targetHints":{"allow":["GET"]}}],"collection":[{"href":"https:\/\/www.ecommerceupdate.com.br\/sv\/wp-json\/wp\/v2\/product"}],"about":[{"href":"https:\/\/www.ecommerceupdate.com.br\/sv\/wp-json\/wp\/v2\/types\/product"}],"replies":[{"embeddable":true,"href":"https:\/\/www.ecommerceupdate.com.br\/sv\/wp-json\/wp\/v2\/comments?post=91661"}],"wp:featuredmedia":[{"embeddable":true,"href":"https:\/\/www.ecommerceupdate.com.br\/sv\/wp-json\/wp\/v2\/product\/91661"}],"wp:attachment":[{"href":"https:\/\/www.ecommerceupdate.com.br\/sv\/wp-json\/wp\/v2\/media?parent=91661"}],"wp:term":[{"taxonomy":"product_cat","embeddable":true,"href":"https:\/\/www.ecommerceupdate.com.br\/sv\/wp-json\/wp\/v2\/product_cat?post=91661"},{"taxonomy":"product_tag","embeddable":true,"href":"https:\/\/www.ecommerceupdate.com.br\/sv\/wp-json\/wp\/v2\/product_tag?post=91661"}],"curies":[{"name":"wp","href":"https:\/\/api.w.org\/{rel}","templated":true}]}}