{"id":93372,"date":"2026-03-03T23:00:48","date_gmt":"2026-03-04T02:00:48","guid":{"rendered":"https:\/\/www.ecommerceupdate.com.br\/produto\/marketplace-teoria-e-pratica-2\/"},"modified":"2026-03-13T15:28:34","modified_gmt":"2026-03-13T18:28:34","slug":"marketplace-teoria-e-pratica-2","status":"publish","type":"product","link":"https:\/\/www.ecommerceupdate.com.br\/sv\/produto\/marketplace-teoria-e-pratica-2\/","title":{"rendered":"Marknad: Teori och praktik"},"content":{"rendered":"<div class=\"woocommerce-product-details\">\n<h3>Produktdetaljer<\/h3>\n<ul>\n<li>ASIN: B0BY5DPNLS<\/li>\n<li>F\u00f6rlag: Alexandre Villar\/Soul Publisher<\/li>\n<li>Tillg\u00e4nglighet: L\u00e4s mer<\/li>\n<li>Datum f\u00f6r offentligg\u00f6rande: 10 mars 2023<\/li>\n<li>Upplaga: 2:a<\/li>\n<li>Spr\u00e5k: Portugisiska<\/li>\n<li>Filstorlek: 2,1 MB<\/li>\n<li>Sk\u00e4rml\u00e4sare: Kompatibel<\/li>\n<li>Teckensnittskonfiguration: Aktiverad<\/li>\n<li>Ordf\u00f6rr\u00e5dstips: Ej aktiverat<\/li>\n<li>Antal sidor: 282 sidor<\/li>\n<li>ISBN-13:978-6586178906<\/li>\n<li>Sidv\u00e4ndning: Aktiverad<\/li>\n<li>L\u00e4s\u00e5lder: 13 18 \u00e5r<\/li>\n<li>Topps\u00e4ljarranking: nr 278 659 i Kindle Store (M\u00f6t topp 100 i kategorin Kindle Store) nr 124 i kundtj\u00e4nst nr 294 i webbmarknadsf\u00f6ring nr 1 720 inom marknadsf\u00f6ring och f\u00f6rs\u00e4ljning<\/li>\n<li>124 I Kundtj\u00e4nst<\/li>\n<li>294 I Webbmarknadsf\u00f6ring<\/li>\n<li>1 720 inom marknadsf\u00f6ring och f\u00f6rs\u00e4ljning<\/li>\n<\/ul><\/div>","protected":false},"excerpt":{"rendered":"<p>Inf\u00f6r en v\u00e4rld full av innovationer och en detaljhandelsmarknad som s\u00f6ker nya riktningar f\u00f6r sin f\u00f6rs\u00e4ljning, har f\u00f6rs\u00e4ljning p\u00e5 marknaden blivit en mycket intressant v\u00e4g f\u00f6r tusentals f\u00f6retag.Att dra nytta av den synlighet som stora portaler har f\u00f6r kundf\u00f6rv\u00e4rv, att komma in p\u00e5 denna innovativa marknad har sina bedrifter och risker F\u00f6rst\u00e5else f\u00f6r varje detalj p\u00e5 marknaden och dess sv\u00e5righeter kommer att g\u00f6ra ditt jobb mycket l\u00e4ttare.I den h\u00e4r boken kan du hitta l\u00f6sningen f\u00f6r flera av dem och bli en framg\u00e5ngsrik entrepren\u00f6r.<\/p>","protected":false},"featured_media":0,"comment_status":"open","ping_status":"closed","template":"","meta":[],"product_cat":[1611,1613,1595],"product_tag":[],"class_list":{"0":"post-93372","1":"product","2":"type-product","3":"status-publish","5":"product_brand-por-alexandre-villar-autor-formato-ebook-kindle","6":"product_cat-administracao-negocios-e-economia","7":"product_cat-industrias-e-profissoes","8":"product_cat-livros","10":"first","11":"instock","12":"shipping-taxable","13":"purchasable","14":"product-type-simple"},"aioseo_notices":[],"_links":{"self":[{"href":"https:\/\/www.ecommerceupdate.com.br\/sv\/wp-json\/wp\/v2\/product\/93372","targetHints":{"allow":["GET"]}}],"collection":[{"href":"https:\/\/www.ecommerceupdate.com.br\/sv\/wp-json\/wp\/v2\/product"}],"about":[{"href":"https:\/\/www.ecommerceupdate.com.br\/sv\/wp-json\/wp\/v2\/types\/product"}],"replies":[{"embeddable":true,"href":"https:\/\/www.ecommerceupdate.com.br\/sv\/wp-json\/wp\/v2\/comments?post=93372"}],"wp:attachment":[{"href":"https:\/\/www.ecommerceupdate.com.br\/sv\/wp-json\/wp\/v2\/media?parent=93372"}],"wp:term":[{"taxonomy":"product_cat","embeddable":true,"href":"https:\/\/www.ecommerceupdate.com.br\/sv\/wp-json\/wp\/v2\/product_cat?post=93372"},{"taxonomy":"product_tag","embeddable":true,"href":"https:\/\/www.ecommerceupdate.com.br\/sv\/wp-json\/wp\/v2\/product_tag?post=93372"}],"curies":[{"name":"wp","href":"https:\/\/api.w.org\/{rel}","templated":true}]}}