{"id":93552,"date":"2026-03-04T20:16:42","date_gmt":"2026-03-04T23:16:42","guid":{"rendered":"https:\/\/www.ecommerceupdate.com.br\/produto\/transformando-ideias-em-vendas-um-guia-completo-para-startups-de-e-commerce-em-fase-de-ideacao-alcancarem-o-sucesso-no-mercado-digital\/"},"modified":"2026-05-08T11:39:56","modified_gmt":"2026-05-08T14:39:56","slug":"transformando-ideias-em-vendas-um-guia-completo-para-startups-de-e-commerce-em-fase-de-ideacao-alcancarem-o-sucesso-no-mercado-digital","status":"publish","type":"product","link":"https:\/\/www.ecommerceupdate.com.br\/sv\/produto\/transformando-ideias-em-vendas-um-guia-completo-para-startups-de-e-commerce-em-fase-de-ideacao-alcancarem-o-sucesso-no-mercado-digital\/","title":{"rendered":"Att omvandla id\u00e9er till f\u00f6rs\u00e4ljning: En komplett guide f\u00f6r id\u00e9stadieindelade e-handelsstartups f\u00f6r att n\u00e5 framg\u00e5ng p\u00e5 den digitala marknaden"},"content":{"rendered":"<div class=\"woocommerce-product-details\">\n<h3>Produktdetaljer<\/h3>\n<ul>\n<li>ASIN: B0DG8CNX3X<\/li>\n<li>Tillg\u00e4nglighet: L\u00e4s mer<\/li>\n<li>Datum f\u00f6r offentligg\u00f6rande: 5 september 2024<\/li>\n<li>Upplaga: 1a<\/li>\n<li>Spr\u00e5k: Portugisiska<\/li>\n<li>Filstorlek: 328 KB<\/li>\n<li>Sk\u00e4rml\u00e4sare: Kompatibel<\/li>\n<li>Teckensnittskonfiguration: Aktiverad<\/li>\n<li>Ordf\u00f6rr\u00e5dstips: Ej aktiverat<\/li>\n<li>Antal sidor: 201 sidor<\/li>\n<li>Sidv\u00e4ndning: Aktiverad<\/li>\n<li>Topps\u00e4ljarranking: nr 213 549 i Kindle Store (M\u00f6t topp 100 i kategorin Kindle Store) nr 116 i att \u00f6ppna ett f\u00f6retag nr 176 i sm\u00e5f\u00f6retag nr 877 i marknadsf\u00f6ring<\/li>\n<li>116 I Att \u00f6ppna ett f\u00f6retag<\/li>\n<li>176 I sm\u00e5f\u00f6retag<\/li>\n<li>877 I Marknadsf\u00f6ring<\/li>\n<li>Kundernas betyg: 5.0 5.0 av 5 stj\u00e4rnor (2)<\/li>\n<\/ul><\/div>","protected":false},"excerpt":{"rendered":"<p>att f\u00f6rvandla id\u00e9er till f\u00f6rs\u00e4ljning: En komplett guide f\u00f6r startups f\u00f6r e-handel i id\u00e9fasen Uppn\u00e5 framg\u00e5ng p\u00e5 den digitala marknadenI denna viktiga bok f\u00f6r moderna entrepren\u00f6rer hittar du en praktisk och detaljerad f\u00e4rdplan f\u00f6r att omvandla din e-handelsid\u00e9 till ett framg\u00e5ngsrikt f\u00f6retag.\u201cTransforming Ideas into Sales\u201d, ett steg-f\u00f6r-steg, datadrivet tillv\u00e4gag\u00e5ngss\u00e4tt som t\u00e4cker fr\u00e5n initial id\u00e9uppfattning till att skapa en minimal livskraftig produkt (MVP) och aff\u00e4rsskala. Oavsett om du \u00e4r nyb\u00f6rjare i startupv\u00e4rlden eller en erfaren entrepren\u00f6r, ger den h\u00e4r guiden verktygen och strategierna som beh\u00f6vs f\u00f6r att navigera genom marknadens komplexitet.<span>Komplett och praktisk guide f\u00f6r e-handel startups i id\u00e9fasen.<\/span>Komplett och praktisk guide f\u00f6r e-handel startups i id\u00e9fasen.<span>Testade strategier f\u00f6r marknadsunders\u00f6kningar, konkurrensanalys och MVP-utveckling.<\/span>Testade strategier f\u00f6r marknadsunders\u00f6kningar, konkurrensanalys och MVP-utveckling.<span>Dynamiskt och flexibelt tillv\u00e4gag\u00e5ngss\u00e4tt som m\u00f6jligg\u00f6r snabba anpassningar och innovationer.<\/span>Dynamiskt och flexibelt tillv\u00e4gag\u00e5ngss\u00e4tt som m\u00f6jligg\u00f6r snabba anpassningar och innovationer.<span>Verktyg och tekniker f\u00f6r att skala din verksamhet och n\u00e5 nya marknader.<\/span>Verktyg och tekniker f\u00f6r att skala ditt f\u00f6retag och n\u00e5 nya marknader.Ideal f\u00f6r entrepren\u00f6rer, studenter och e-handel yrkesverksamma s\u00f6ker praktisk och till\u00e4mplig kunskap f\u00f6r att skapa och utveckla framg\u00e5ngsrika online-f\u00f6retag.<\/p>","protected":false},"featured_media":93552,"comment_status":"open","ping_status":"closed","template":"","meta":[],"product_cat":[1611,1595,1618],"product_tag":[],"class_list":{"0":"post-93552","1":"product","2":"type-product","3":"status-publish","4":"has-post-thumbnail","5":"product_brand-por-josu-arago-autor-formato-ebook-kindle","6":"product_cat-administracao-negocios-e-economia","7":"product_cat-livros","8":"product_cat-marketing-e-vendas","10":"first","11":"instock","12":"shipping-taxable","13":"purchasable","14":"product-type-simple"},"aioseo_notices":[],"_links":{"self":[{"href":"https:\/\/www.ecommerceupdate.com.br\/sv\/wp-json\/wp\/v2\/product\/93552","targetHints":{"allow":["GET"]}}],"collection":[{"href":"https:\/\/www.ecommerceupdate.com.br\/sv\/wp-json\/wp\/v2\/product"}],"about":[{"href":"https:\/\/www.ecommerceupdate.com.br\/sv\/wp-json\/wp\/v2\/types\/product"}],"replies":[{"embeddable":true,"href":"https:\/\/www.ecommerceupdate.com.br\/sv\/wp-json\/wp\/v2\/comments?post=93552"}],"wp:featuredmedia":[{"embeddable":true,"href":"https:\/\/www.ecommerceupdate.com.br\/sv\/wp-json\/wp\/v2\/product\/93552"}],"wp:attachment":[{"href":"https:\/\/www.ecommerceupdate.com.br\/sv\/wp-json\/wp\/v2\/media?parent=93552"}],"wp:term":[{"taxonomy":"product_cat","embeddable":true,"href":"https:\/\/www.ecommerceupdate.com.br\/sv\/wp-json\/wp\/v2\/product_cat?post=93552"},{"taxonomy":"product_tag","embeddable":true,"href":"https:\/\/www.ecommerceupdate.com.br\/sv\/wp-json\/wp\/v2\/product_tag?post=93552"}],"curies":[{"name":"wp","href":"https:\/\/api.w.org\/{rel}","templated":true}]}}