{"id":93554,"date":"2026-03-04T20:17:15","date_gmt":"2026-03-04T23:17:15","guid":{"rendered":"https:\/\/www.ecommerceupdate.com.br\/produto\/universo-do-e-commerce\/"},"modified":"2026-03-13T15:35:11","modified_gmt":"2026-03-13T18:35:11","slug":"universo-do-e-commerce","status":"publish","type":"product","link":"https:\/\/www.ecommerceupdate.com.br\/sv\/produto\/universo-do-e-commerce\/","title":{"rendered":"E-handel Universum"},"content":{"rendered":"<div class=\"woocommerce-product-details\">\n<h3>Produktdetaljer<\/h3>\n<ul>\n<li>ASIN: B09QC5C789<\/li>\n<li>Tillg\u00e4nglighet: L\u00e4s mer<\/li>\n<li>Datum f\u00f6r offentligg\u00f6rande: 11 januari 2022<\/li>\n<li>Upplaga: 1a<\/li>\n<li>Spr\u00e5k: Portugisiska<\/li>\n<li>Filstorlek: 1,9 MB<\/li>\n<li>Sk\u00e4rml\u00e4sare: Kompatibel<\/li>\n<li>Teckensnittskonfiguration: Aktiverad<\/li>\n<li>Ordf\u00f6rr\u00e5dstips: Ej aktiverat<\/li>\n<li>Antal sidor: 205 sidor<\/li>\n<li>Sidv\u00e4ndning: Aktiverad<\/li>\n<li>L\u00e4s\u00e5lder: 16 18 \u00e5r<\/li>\n<li>Topps\u00e4ljarranking: nr 152 211 i Kindle Store (M\u00f6t topp 100 i kategorin Kindle Store) nr 138 i forskning och utbildning nr 340 i professionell och teknisk professionell utveckling nr 3 494 inom utbildning (Kindle Store)<\/li>\n<li>138 Inom forskning och utbildning<\/li>\n<li>340 Professionell och teknisk utveckling<\/li>\n<li>3 494 i utbildning (Kindle Store)<\/li>\n<li>Kundrecensioner: 4,3 4,3 av 5 stj\u00e4rnor (20)<\/li>\n<\/ul><\/div>","protected":false},"excerpt":{"rendered":"<p>E-handelsuniversumet skrevs f\u00f6r dig som \u00e4r intresserad av e-handel eller som redan arbetar med digitala kanaler och vill veta nya tekniker och koncept. Den h\u00e4r boken ska f\u00f6rmedla kunskap p\u00e5 ett s\u00e4tt som fungerar som v\u00e4gledning f\u00f6r att erbjuda en makrobild av allt som involverar e-handel. F\u00f6rst\u00f6rande \u00e4mnen relaterade till aff\u00e4rsmodeller och verksamheter, marknadsf\u00f6ringspunkter, service och logistik, och \u00e4ven \u00e4mnen relaterade till teknik, system och integrationer, tillg\u00e4nglighet och s\u00e4kerhet f\u00f6r information. F\u00f6r mer erfarna l\u00e4sare kan den h\u00e4r boken fungera som en konsultationskanal, d\u00e4r varje kapitel kan behandla specifika fr\u00e5gor och relevanta f\u00f6r dess funktion. Till l\u00e4sare som b\u00f6rjar resan i denna v\u00e4rld kan positivt dra nytta av e-handeln, p\u00e5 grund av universums b\u00f6rjan, kan anv\u00e4nda den professionella tillv\u00e4xten i detta kapitel, s\u00e5 mycket mer.<\/p>","protected":false},"featured_media":93554,"comment_status":"open","ping_status":"closed","template":"","meta":[],"product_cat":[1653,1730,1595],"product_tag":[],"class_list":{"0":"post-93554","1":"product","2":"type-product","3":"status-publish","4":"has-post-thumbnail","6":"product_brand-por-fellipe-guimares-autor-formato-ebook-kindle","7":"product_cat-educacao-referencia-e-didaticos","8":"product_cat-escolas-e-ensino","9":"product_cat-livros","11":"first","12":"instock","13":"shipping-taxable","14":"purchasable","15":"product-type-simple"},"aioseo_notices":[],"_links":{"self":[{"href":"https:\/\/www.ecommerceupdate.com.br\/sv\/wp-json\/wp\/v2\/product\/93554","targetHints":{"allow":["GET"]}}],"collection":[{"href":"https:\/\/www.ecommerceupdate.com.br\/sv\/wp-json\/wp\/v2\/product"}],"about":[{"href":"https:\/\/www.ecommerceupdate.com.br\/sv\/wp-json\/wp\/v2\/types\/product"}],"replies":[{"embeddable":true,"href":"https:\/\/www.ecommerceupdate.com.br\/sv\/wp-json\/wp\/v2\/comments?post=93554"}],"wp:featuredmedia":[{"embeddable":true,"href":"https:\/\/www.ecommerceupdate.com.br\/sv\/wp-json\/wp\/v2\/product\/93554"}],"wp:attachment":[{"href":"https:\/\/www.ecommerceupdate.com.br\/sv\/wp-json\/wp\/v2\/media?parent=93554"}],"wp:term":[{"taxonomy":"product_cat","embeddable":true,"href":"https:\/\/www.ecommerceupdate.com.br\/sv\/wp-json\/wp\/v2\/product_cat?post=93554"},{"taxonomy":"product_tag","embeddable":true,"href":"https:\/\/www.ecommerceupdate.com.br\/sv\/wp-json\/wp\/v2\/product_tag?post=93554"}],"curies":[{"name":"wp","href":"https:\/\/api.w.org\/{rel}","templated":true}]}}