{"id":93857,"date":"2026-03-05T21:55:38","date_gmt":"2026-03-06T00:55:38","guid":{"rendered":"https:\/\/www.ecommerceupdate.com.br\/produto\/marketing-de-varejo\/"},"modified":"2026-05-13T10:34:49","modified_gmt":"2026-05-13T13:34:49","slug":"marketing-de-varejo","status":"publish","type":"product","link":"https:\/\/www.ecommerceupdate.com.br\/sv\/produto\/marketing-de-varejo\/","title":{"rendered":"Detaljhandelsmarknadsf\u00f6ring"},"content":{"rendered":"<div class=\"woocommerce-product-details\">\n<h3>Produktdetaljer<\/h3>\n<ul>\n<li>F\u00f6rlag: Atlas<\/li>\n<li>Datum f\u00f6r offentligg\u00f6rande: 17 november 2006<\/li>\n<li>Upplaga: 4a<\/li>\n<li>Spr\u00e5k: Portugisiska<\/li>\n<li>Antal sidor: 376 sidor<\/li>\n<li>ISBN-10:8522445524<\/li>\n<li>ISBN-13:978-8522445523<\/li>\n<li>Produktvikt: 640g<\/li>\n<li>M\u00e5tt: 23,8 x 17 x 2 cm<\/li>\n<li>Topps\u00e4ljarranking: nr 578 843 i b\u00f6cker (M\u00f6t de 100 b\u00e4sta i kategorin b\u00f6cker) nr 2 011 i marknadsf\u00f6ring nr 10 292 i ledning och ledarskap nr 39 195 p\u00e5 helgdagar och festivaler Barn och barn<\/li>\n<li>2 011 inom Marknadsf\u00f6ring<\/li>\n<li>10 292 inom Management och ledarskap<\/li>\n<li>39.195 P\u00e5 helgdagar och festivaler Barn och barn och ungdom<\/li>\n<li>Kundrecensioner: 5,0 5,0 av 5 stj\u00e4rnor (1)<\/li>\n<\/ul><\/div>","protected":false},"excerpt":{"rendered":"<p>Inom tj\u00e4nsteutbudet finns detaljhandelsverksamheten, som genererar syssels\u00e4ttning f\u00f6r en stor del av den brasilianska befolkningen. Trots dess betydelse f\u00f6r ekonomin och samh\u00e4llet finns det f\u00e5 b\u00f6cker specialiserade p\u00e5 \u00e4mnet. F\u00f6r att fylla denna lucka i den brasilianska marknadslitteraturen unders\u00f6kte f\u00f6rfattaren utl\u00e4ndska och nationella verk som, ut\u00f6ver sin erfarenhet som l\u00e4rare i detaljhandelsmarknadsf\u00f6ring, gav utarbetandet av en praktisk och aktuell bok, anpassad till brasilianska behov. Skrivet p\u00e5 ett objektivt och enkelt spr\u00e5k, g\u00f6r arbetet det m\u00f6jligt f\u00f6r l\u00e4saren att till\u00e4mpa marknadsf\u00f6ringstekniker i sitt detaljhandelsf\u00f6retag, oavsett om det \u00e4r stort, medelstort, litet eller mikro, och m\u00f6ta sin egen debatt om de st\u00e4ndiga fr\u00e5gorna och det ekonomiska genomsyrar fr\u00e5gan.<\/p>","protected":false},"featured_media":93857,"comment_status":"open","ping_status":"closed","template":"","meta":[],"product_cat":[1611,1595,1618],"product_tag":[],"class_list":{"0":"post-93857","1":"product","2":"type-product","3":"status-publish","4":"has-post-thumbnail","5":"product_brand-edicao-portugus-por-alexandre-l-las-casas-autor","6":"product_cat-administracao-negocios-e-economia","7":"product_cat-livros","8":"product_cat-marketing-e-vendas","10":"first","11":"instock","12":"shipping-taxable","13":"purchasable","14":"product-type-simple"},"aioseo_notices":[],"_links":{"self":[{"href":"https:\/\/www.ecommerceupdate.com.br\/sv\/wp-json\/wp\/v2\/product\/93857","targetHints":{"allow":["GET"]}}],"collection":[{"href":"https:\/\/www.ecommerceupdate.com.br\/sv\/wp-json\/wp\/v2\/product"}],"about":[{"href":"https:\/\/www.ecommerceupdate.com.br\/sv\/wp-json\/wp\/v2\/types\/product"}],"replies":[{"embeddable":true,"href":"https:\/\/www.ecommerceupdate.com.br\/sv\/wp-json\/wp\/v2\/comments?post=93857"}],"wp:featuredmedia":[{"embeddable":true,"href":"https:\/\/www.ecommerceupdate.com.br\/sv\/wp-json\/wp\/v2\/product\/93857"}],"wp:attachment":[{"href":"https:\/\/www.ecommerceupdate.com.br\/sv\/wp-json\/wp\/v2\/media?parent=93857"}],"wp:term":[{"taxonomy":"product_cat","embeddable":true,"href":"https:\/\/www.ecommerceupdate.com.br\/sv\/wp-json\/wp\/v2\/product_cat?post=93857"},{"taxonomy":"product_tag","embeddable":true,"href":"https:\/\/www.ecommerceupdate.com.br\/sv\/wp-json\/wp\/v2\/product_tag?post=93857"}],"curies":[{"name":"wp","href":"https:\/\/api.w.org\/{rel}","templated":true}]}}