{"id":93880,"date":"2026-03-06T03:30:35","date_gmt":"2026-03-06T06:30:35","guid":{"rendered":"https:\/\/www.ecommerceupdate.com.br\/produto\/guia-completo-como-comecar-a-vender-na-amazon\/"},"modified":"2026-05-13T10:38:22","modified_gmt":"2026-05-13T13:38:22","slug":"guia-completo-como-comecar-a-vender-na-amazon","status":"publish","type":"product","link":"https:\/\/www.ecommerceupdate.com.br\/sv\/produto\/guia-completo-como-comecar-a-vender-na-amazon\/","title":{"rendered":"Komplett guide Hur man b\u00f6rjar s\u00e4lja p\u00e5 Amazon"},"content":{"rendered":"<div class=\"woocommerce-product-details\"><\/div>","protected":false},"excerpt":{"rendered":"<p>Att s\u00e4lja p\u00e5 Amazon \u00e4r ett av de mest l\u00f6nsamma s\u00e4tten att starta ett onlinef\u00f6retag, vilket g\u00f6r att alla kan starta ett f\u00f6retag med l\u00e5ga investeringar och stor tillv\u00e4xtpotential. Marknadsplatsen erbjuder en robust struktur, global r\u00e4ckvidd och miljontals dagliga aktiva kunder.<\/p>\n<p>Med denna e-bok kan vem som helst f\u00f6rvandla Amazon till en skalbar och h\u00e5llbar inkomstk\u00e4lla genom att dominera marknaden och uppn\u00e5 ekonomisk frihet<\/p>","protected":false},"featured_media":93880,"comment_status":"open","ping_status":"closed","template":"","meta":[],"product_cat":[1611,1608,1607],"product_tag":[],"class_list":{"0":"post-93880","1":"product","2":"type-product","3":"status-publish","4":"has-post-thumbnail","5":"product_brand-por-allan-paixo-autor-formato-ebook-kindle","6":"product_cat-administracao-negocios-e-economia","7":"product_cat-ebooks-kindle","8":"product_cat-loja-kindle","10":"first","11":"instock","12":"shipping-taxable","13":"purchasable","14":"product-type-simple"},"aioseo_notices":[],"_links":{"self":[{"href":"https:\/\/www.ecommerceupdate.com.br\/sv\/wp-json\/wp\/v2\/product\/93880","targetHints":{"allow":["GET"]}}],"collection":[{"href":"https:\/\/www.ecommerceupdate.com.br\/sv\/wp-json\/wp\/v2\/product"}],"about":[{"href":"https:\/\/www.ecommerceupdate.com.br\/sv\/wp-json\/wp\/v2\/types\/product"}],"replies":[{"embeddable":true,"href":"https:\/\/www.ecommerceupdate.com.br\/sv\/wp-json\/wp\/v2\/comments?post=93880"}],"wp:featuredmedia":[{"embeddable":true,"href":"https:\/\/www.ecommerceupdate.com.br\/sv\/wp-json\/wp\/v2\/product\/93880"}],"wp:attachment":[{"href":"https:\/\/www.ecommerceupdate.com.br\/sv\/wp-json\/wp\/v2\/media?parent=93880"}],"wp:term":[{"taxonomy":"product_cat","embeddable":true,"href":"https:\/\/www.ecommerceupdate.com.br\/sv\/wp-json\/wp\/v2\/product_cat?post=93880"},{"taxonomy":"product_tag","embeddable":true,"href":"https:\/\/www.ecommerceupdate.com.br\/sv\/wp-json\/wp\/v2\/product_tag?post=93880"}],"curies":[{"name":"wp","href":"https:\/\/api.w.org\/{rel}","templated":true}]}}