{"id":94511,"date":"2026-03-15T16:43:28","date_gmt":"2026-03-15T19:43:28","guid":{"rendered":"https:\/\/www.ecommerceupdate.com.br\/produto\/wordpress-descomplicado-do-basico-ao-e-commerce\/"},"modified":"2026-03-24T19:48:49","modified_gmt":"2026-03-24T22:48:49","slug":"wordpress-descomplicado-do-basico-ao-e-commerce","status":"publish","type":"product","link":"https:\/\/www.ecommerceupdate.com.br\/sv\/produto\/wordpress-descomplicado-do-basico-ao-e-commerce\/","title":{"rendered":"WordPress Okomplicerat: Fr\u00e5n grunder till e-handel"},"content":{"rendered":"<div class=\"woocommerce-product-details\">\n<h3>Produktdetaljer<\/h3>\n<ul>\n<li>ASIN: B08C35YMMJ<\/li>\n<li>Tillg\u00e4nglighet: L\u00e4s mer<\/li>\n<li>Datum f\u00f6r offentligg\u00f6rande: 29 juni 2020<\/li>\n<li>Upplaga: 1a<\/li>\n<li>Spr\u00e5k: Portugisiska<\/li>\n<li>Filstorlek: 21.3 MB<\/li>\n<li>Sk\u00e4rml\u00e4sare: Kompatibel<\/li>\n<li>Teckensnittskonfiguration: Aktiverad<\/li>\n<li>Ordf\u00f6rr\u00e5dstips: Ej aktiverat<\/li>\n<li>Antal sidor: 50 sidor<\/li>\n<li>Sidv\u00e4ndning: Aktiverad<\/li>\n<li>Topps\u00e4ljarranking: nr 237 191 i Kindle Store (M\u00f6t topp 100 i kategorin Kindle Store) nr 14 i Oracle Databases nr 3 115 inom datorer, internet och digitala medier<\/li>\n<li>14 I Oracle Databases<\/li>\n<li>3 115 inom datorer, internet och digitala medier<\/li>\n<li>Kundrecensioner: 3,4 3,4 av 5 stj\u00e4rnor (7)<\/li>\n<\/ul><\/div>","protected":false},"excerpt":{"rendered":"<p>WordPress \u00e4r ett gratis inneh\u00e5llshanteringssystem f\u00f6r internet, detta \u00e4r det mest anv\u00e4nda i v\u00e4rlden.Promopulariseringen av wordpress beror fr\u00e4mst p\u00e5 dess anv\u00e4ndarv\u00e4nlighet, m\u00e5ngsidighet och m\u00e5ngfald av projekt som kan utvecklas genom det.Flera f\u00f6retag och personer anv\u00e4nder WordPress f\u00f6r att utveckla sina personliga sidor, aff\u00e4rssidor, tidskrifter, portf\u00f6ljer, hanterade projekt, evenemangsschemal\u00e4ggare och \u00e4ven e-handelsprodukter och tj\u00e4nster, p\u00e5 grund av dess f\u00f6rm\u00e5ga att ut\u00f6ka med plugins och varierande teman.I detta arbete f\u00f6ljer stegen f\u00f6r hur man b\u00f6rjar med WordPress, med b\u00f6rjan som en enkel sidutveckling, i kursen kommer att visas hur man anpassar p\u00e5 ett mer professionellt s\u00e4tt och i slutet utvecklingen av en elektronisk butik.<\/p>","protected":false},"featured_media":94511,"comment_status":"open","ping_status":"closed","template":"","meta":[],"product_cat":[1691,1641,1595],"product_tag":[],"class_list":{"0":"post-94511","1":"product","2":"type-product","3":"status-publish","4":"has-post-thumbnail","6":"product_brand-por-luiz-gallerani-autor-formato-ebook-kindle","7":"product_cat-base-de-dados","8":"product_cat-computacao-informatica-e-midias-digitais","9":"product_cat-livros","11":"first","12":"instock","13":"shipping-taxable","14":"purchasable","15":"product-type-simple"},"aioseo_notices":[],"_links":{"self":[{"href":"https:\/\/www.ecommerceupdate.com.br\/sv\/wp-json\/wp\/v2\/product\/94511","targetHints":{"allow":["GET"]}}],"collection":[{"href":"https:\/\/www.ecommerceupdate.com.br\/sv\/wp-json\/wp\/v2\/product"}],"about":[{"href":"https:\/\/www.ecommerceupdate.com.br\/sv\/wp-json\/wp\/v2\/types\/product"}],"replies":[{"embeddable":true,"href":"https:\/\/www.ecommerceupdate.com.br\/sv\/wp-json\/wp\/v2\/comments?post=94511"}],"wp:featuredmedia":[{"embeddable":true,"href":"https:\/\/www.ecommerceupdate.com.br\/sv\/wp-json\/wp\/v2\/product\/94511"}],"wp:attachment":[{"href":"https:\/\/www.ecommerceupdate.com.br\/sv\/wp-json\/wp\/v2\/media?parent=94511"}],"wp:term":[{"taxonomy":"product_cat","embeddable":true,"href":"https:\/\/www.ecommerceupdate.com.br\/sv\/wp-json\/wp\/v2\/product_cat?post=94511"},{"taxonomy":"product_tag","embeddable":true,"href":"https:\/\/www.ecommerceupdate.com.br\/sv\/wp-json\/wp\/v2\/product_tag?post=94511"}],"curies":[{"name":"wp","href":"https:\/\/api.w.org\/{rel}","templated":true}]}}