{"id":400,"date":"2024-06-24T21:21:22","date_gmt":"2024-06-24T21:21:22","guid":{"rendered":"https:\/\/www.ecommerceupdate.com.br\/?page_id=400"},"modified":"2025-02-24T10:17:53","modified_gmt":"2025-02-24T13:17:53","slug":"sobre","status":"publish","type":"page","link":"https:\/\/www.ecommerceupdate.com.br\/tr\/sobre\/","title":{"rendered":"\u00fcst\u00fcne"},"content":{"rendered":"<p>E-Ticaret G\u00fcncellemesi, Brezilya pazar\u0131nda e-ticaret sekt\u00f6r\u00fcnde y\u00fcksek kaliteli i\u00e7erik \u00fcretme ve yayma konusunda uzmanla\u015fm\u0131\u015f bir referans \u015firketidir. \u00dclkede e-ticaretin b\u00fcy\u00fcmesini ve geli\u015fimini te\u015fvik etmek amac\u0131yla \u015firket, bu konuyu ele almaya kendini adam\u0131\u015ft\u0131r. Bu segmentle ilgili hem ulusal hem de uluslararas\u0131 \u00e7ok \u00e7e\u015fitli konular.<\/p>\n\n\n\n<p>Derinlemesine makaleler, pazar analizi, uzmanlarla r\u00f6portajlar ve \u00f6nemli etkinlik ve trendlerin kapsam\u0131 arac\u0131l\u0131\u011f\u0131yla E-Ticaret G\u00fcncellemesi okuyucular\u0131na zengin, g\u00fcncel ve alakal\u0131 bir i\u00e7erik sunuyor. \u015eirket yaln\u0131zca bilgilendirmeyi de\u011fil, ayn\u0131 zamanda profesyonelleri e\u011fitmeyi ve ilham vermeyi ama\u00e7l\u0131yor. Brezilya'da ve d\u00fcnya \u00e7ap\u0131nda daha sa\u011flam ve yenilik\u00e7i bir e-ticaret ekosisteminin geli\u015ftirilmesine katk\u0131da bulunan giri\u015fimciler ve e-ticaret merakl\u0131lar\u0131.<\/p>\n\n\n\n<p>E-Ticaret G\u00fcncellemesi editoryal kalitesi ve e-ticaretle ilgili konulara kapsaml\u0131 yakla\u015f\u0131m\u0131yla \u00f6ne \u00e7\u0131k\u0131yor. \u015eirket, dijital pazarlama stratejileri, lojistik, \u00f6deme y\u00f6ntemleri ve kullan\u0131c\u0131 deneyiminden teknolojik yeniliklere, ba\u015far\u0131 \u00f6yk\u00fclerine ve sekt\u00f6rdeki zorluklara kadar t\u00fcm konular\u0131 kapsamay\u0131 hedefliyor. e-ticarette ba\u015far\u0131 i\u00e7in gerekli olan hususlar.<\/p>\n\n\n\n<p>E-ticaret hakk\u0131nda g\u00fcvenilir ve ilham verici bir i\u00e7erik kayna\u011f\u0131 olarak kendini peki\u015ftirerek, E-Ticaret G\u00fcncellemesi, g\u00fcncel kalmak, stratejilerini geli\u015ftirmek ve s\u00fcrekli geni\u015fleyen bu pazar\u0131n sundu\u011fu f\u0131rsatlardan yararlanmak isteyen profesyoneller ve \u015firketler i\u00e7in giderek daha fazla referans noktas\u0131 haline geldi. Brezilya'da ve d\u00fcnya \u00e7ap\u0131nda e-ticareti te\u015fvik etme taahh\u00fcd\u00fcyle \u015firket, sekt\u00f6r i\u00e7in umut verici bir gelecek in\u015fa etmede kilit bir rol oynuyor.<\/p>","protected":false},"excerpt":{"rendered":"<p>A E-Commerce Update \u00e9 uma empresa de refer\u00eancia no mercado brasileiro, especializada em produzir e disseminar conte\u00fado de alta qualidade sobre o setor de com\u00e9rcio eletr\u00f4nico. Com o objetivo de fomentar o crescimento e a evolu\u00e7\u00e3o do e-commerce no pa\u00eds, a empresa se dedica a abordar os mais variados temas relacionados a esse segmento, tanto [&hellip;]<\/p>\n","protected":false},"author":1,"featured_media":0,"parent":0,"menu_order":0,"comment_status":"closed","ping_status":"closed","template":"","meta":{"footnotes":""},"class_list":["post-400","page","type-page","status-publish"],"aioseo_notices":[],"_links":{"self":[{"href":"https:\/\/www.ecommerceupdate.com.br\/tr\/wp-json\/wp\/v2\/pages\/400","targetHints":{"allow":["GET"]}}],"collection":[{"href":"https:\/\/www.ecommerceupdate.com.br\/tr\/wp-json\/wp\/v2\/pages"}],"about":[{"href":"https:\/\/www.ecommerceupdate.com.br\/tr\/wp-json\/wp\/v2\/types\/page"}],"author":[{"embeddable":true,"href":"https:\/\/www.ecommerceupdate.com.br\/tr\/wp-json\/wp\/v2\/users\/1"}],"replies":[{"embeddable":true,"href":"https:\/\/www.ecommerceupdate.com.br\/tr\/wp-json\/wp\/v2\/comments?post=400"}],"version-history":[{"count":0,"href":"https:\/\/www.ecommerceupdate.com.br\/tr\/wp-json\/wp\/v2\/pages\/400\/revisions"}],"wp:attachment":[{"href":"https:\/\/www.ecommerceupdate.com.br\/tr\/wp-json\/wp\/v2\/media?parent=400"}],"curies":[{"name":"wp","href":"https:\/\/api.w.org\/{rel}","templated":true}]}}