{"id":91660,"date":"2026-02-07T12:37:33","date_gmt":"2026-02-07T15:37:33","guid":{"rendered":"https:\/\/www.ecommerceupdate.org\/produto\/logistica-de-e-commerce\/"},"modified":"2026-03-13T15:23:37","modified_gmt":"2026-03-13T18:23:37","slug":"logistica-de-e-commerce","status":"publish","type":"product","link":"https:\/\/www.ecommerceupdate.com.br\/tr\/produto\/logistica-de-e-commerce\/","title":{"rendered":"E-ticaret Lojisti\u011fi"},"content":{"rendered":"<div class=\"woocommerce-product-details\"><\/div>","protected":false},"excerpt":{"rendered":"<p>Sevgili (a) \u00f6\u011frenci (a), E-ticaret insanlar\u0131n \u015firketlerle ili\u015fki kurma \u015feklini de\u011fi\u015ftirdi. E\u011fer sat\u0131n alma i\u015flemini ger\u00e7ekle\u015ftirmek i\u00e7in kurulu\u015fa ta\u015f\u0131nmalar\u0131 gerekmeden \u00f6nce, bug\u00fcn internet eri\u015fimi olan bir ak\u0131ll\u0131 telefona sahip olan herkes, t\u00fcm kolayl\u0131k ile, bir sat\u0131n alma i\u015flemi yapabilir ve \u00e7evrimi\u00e7i sipari\u015finizin durumunu takip edebilir. Bir yandan, t\u00fcketici \u015firketle olan ili\u015fkide daha fazla g\u00fcce ve rahatl\u0131\u011fa sahiptir; di\u011fer yandan, i\u015f g\u00fcnl\u00fck ya\u015fam\u0131na dahil edilen t\u00fcm tedarik zincirinin y\u00f6netiminde b\u00fcy\u00fck bir zorluk \u00dcr\u00fcn\u00fcn en h\u0131zl\u0131 kanal taraf\u0131ndan, en k\u0131sa s\u00fcrede, do\u011fru yerde ve m\u00fc\u015fterinin iste\u011fi do\u011frultusunda teslim edilmesini umuyorum. Bu \u00e7al\u0131\u015fma, i\u015fi dikkate alarak, pazar\u0131 dikkate alarak ve en iyi uygulamalar\u0131 dikkate alarak, pazarda, pazar\u0131n en \u00f6nemli y\u00f6nlerini, piyasay\u0131, piyasay\u0131, en \u00f6nemli, en \u00f6nemli, en \u00f6nemli, en \u00f6nemli, en \u00f6nemli, en \u00f6nemli, en \u00f6nemli, en \u00f6nemli, en \u00f6nemli, en \u00f6nemli, en \u00f6nemli, en \u00f6nemli, en \u00f6nemli, en \u00f6nemli, en \u00f6nemli, en \u00f6nemli, en \u00f6nemli, en \u00f6nemli, en \u00f6nemli, en \u00f6nemli, en \u00f6nemli, en \u00f6nemli, en \u00f6nemli, en \u00f6nemli, en \u00f6nemli, en \u00f6nemli, en \u00f6nemli, en \u00f6nemli, en \u00f6nemli, en \u00f6nemli, en \u00f6nemli, en \u00f6nemli, en \u00f6nemli, en \u00f6nemli, en \u00f6nemli, en \u00f6nemli, en \u00f6nemli, en \u00f6nemli, en \u00f6nemli, en \u00f6nemli, en \u00f6nemli.<\/p>","protected":false},"featured_media":91660,"comment_status":"open","ping_status":"closed","template":"","meta":[],"product_cat":[1653,1595],"product_tag":[],"class_list":{"0":"post-91660","1":"product","2":"type-product","3":"status-publish","4":"has-post-thumbnail","6":"product_brand-por-elson-hazelski-teixeira-autor","7":"product_cat-educacao-referencia-e-didaticos","8":"product_cat-livros","10":"first","11":"instock","12":"shipping-taxable","13":"purchasable","14":"product-type-simple"},"aioseo_notices":[],"_links":{"self":[{"href":"https:\/\/www.ecommerceupdate.com.br\/tr\/wp-json\/wp\/v2\/product\/91660","targetHints":{"allow":["GET"]}}],"collection":[{"href":"https:\/\/www.ecommerceupdate.com.br\/tr\/wp-json\/wp\/v2\/product"}],"about":[{"href":"https:\/\/www.ecommerceupdate.com.br\/tr\/wp-json\/wp\/v2\/types\/product"}],"replies":[{"embeddable":true,"href":"https:\/\/www.ecommerceupdate.com.br\/tr\/wp-json\/wp\/v2\/comments?post=91660"}],"wp:featuredmedia":[{"embeddable":true,"href":"https:\/\/www.ecommerceupdate.com.br\/tr\/wp-json\/wp\/v2\/product\/91660"}],"wp:attachment":[{"href":"https:\/\/www.ecommerceupdate.com.br\/tr\/wp-json\/wp\/v2\/media?parent=91660"}],"wp:term":[{"taxonomy":"product_cat","embeddable":true,"href":"https:\/\/www.ecommerceupdate.com.br\/tr\/wp-json\/wp\/v2\/product_cat?post=91660"},{"taxonomy":"product_tag","embeddable":true,"href":"https:\/\/www.ecommerceupdate.com.br\/tr\/wp-json\/wp\/v2\/product_tag?post=91660"}],"curies":[{"name":"wp","href":"https:\/\/api.w.org\/{rel}","templated":true}]}}