{"id":91664,"date":"2026-02-07T12:40:16","date_gmt":"2026-02-07T15:40:16","guid":{"rendered":"https:\/\/www.ecommerceupdate.org\/produto\/e-commerce-na-pratica\/"},"modified":"2026-03-13T15:23:55","modified_gmt":"2026-03-13T18:23:55","slug":"e-commerce-na-pratica","status":"publish","type":"product","link":"https:\/\/www.ecommerceupdate.com.br\/tr\/produto\/e-commerce-na-pratica\/","title":{"rendered":"Uygulamada E-Ticaret"},"content":{"rendered":"<div class=\"woocommerce-product-details\">\n<h3>\u00dcr\u00fcn detaylar\u0131<\/h3>\n<ul>\n<li>ASIN: B09W35JWMQ<\/li>\n<li>Yay\u0131nc\u0131: Authors Club<\/li>\n<li>Yay\u0131n tarihi: 15 Mart 2022<\/li>\n<li>Dil: Portekizce<\/li>\n<li>Sayfa say\u0131s\u0131: 190 sayfa<\/li>\n<li>\u00dcr\u00fcn a\u011f\u0131rl\u0131\u011f\u0131: 240g<\/li>\n<li>En \u00c7ok Satanlar S\u0131ralamas\u0131: Kitaplarda 343.633 Numara (Kitaplar kategorisinde \u0130lk 100 ile Tan\u0131\u015f\u0131n) \u0130\u015fletme, \u0130\u015fletme ve Ekonomi (Kitaplar) alan\u0131nda 18.379 Numara<\/li>\n<li>\u0130\u015fletme, \u0130\u015fletme ve Ekonomi (Kitaplar) alan\u0131nda 18.379<\/li>\n<\/ul><\/div>","protected":false},"excerpt":{"rendered":"<p>Bir internet ma\u011fazas\u0131 kurmak, harika bir i\u015fe sahip olma ve pazardaki en b\u00fcy\u00fck \u015firketlerle rekabet etme \u015fans\u0131n\u0131z olabilir, bu, hedef kitlenizi segmentlere ay\u0131rma ve bu grubun tam olarak ihtiya\u00e7 duydu\u011fu \u015feyleri sunma kolayl\u0131\u011f\u0131 nedeniyle m\u00fcmk\u00fcnd\u00fcr, bu kitap sanal perakende, sosyal medya, lojistik ve teknoloji hakk\u0131nda g\u00fcncel bilgilerle dolu bir rehberdir.<\/p>","protected":false},"featured_media":91664,"comment_status":"open","ping_status":"closed","template":"","meta":[],"product_cat":[1611,1595],"product_tag":[],"class_list":{"0":"post-91664","1":"product","2":"type-product","3":"status-publish","4":"has-post-thumbnail","6":"product_brand-edicao-portugus-por-roberto-de-jesus-oliveira-autor","7":"product_cat-administracao-negocios-e-economia","8":"product_cat-livros","10":"first","11":"instock","12":"shipping-taxable","13":"purchasable","14":"product-type-simple"},"aioseo_notices":[],"_links":{"self":[{"href":"https:\/\/www.ecommerceupdate.com.br\/tr\/wp-json\/wp\/v2\/product\/91664","targetHints":{"allow":["GET"]}}],"collection":[{"href":"https:\/\/www.ecommerceupdate.com.br\/tr\/wp-json\/wp\/v2\/product"}],"about":[{"href":"https:\/\/www.ecommerceupdate.com.br\/tr\/wp-json\/wp\/v2\/types\/product"}],"replies":[{"embeddable":true,"href":"https:\/\/www.ecommerceupdate.com.br\/tr\/wp-json\/wp\/v2\/comments?post=91664"}],"wp:featuredmedia":[{"embeddable":true,"href":"https:\/\/www.ecommerceupdate.com.br\/tr\/wp-json\/wp\/v2\/product\/91664"}],"wp:attachment":[{"href":"https:\/\/www.ecommerceupdate.com.br\/tr\/wp-json\/wp\/v2\/media?parent=91664"}],"wp:term":[{"taxonomy":"product_cat","embeddable":true,"href":"https:\/\/www.ecommerceupdate.com.br\/tr\/wp-json\/wp\/v2\/product_cat?post=91664"},{"taxonomy":"product_tag","embeddable":true,"href":"https:\/\/www.ecommerceupdate.com.br\/tr\/wp-json\/wp\/v2\/product_tag?post=91664"}],"curies":[{"name":"wp","href":"https:\/\/api.w.org\/{rel}","templated":true}]}}