{"id":93228,"date":"2026-03-01T09:32:48","date_gmt":"2026-03-01T12:32:48","guid":{"rendered":"https:\/\/www.ecommerceupdate.com.br\/produto\/universo-do-e-commerce-portuguese-edition\/"},"modified":"2026-03-13T15:27:39","modified_gmt":"2026-03-13T18:27:39","slug":"universo-do-e-commerce-portuguese-edition","status":"publish","type":"product","link":"https:\/\/www.ecommerceupdate.com.br\/tr\/produto\/universo-do-e-commerce-portuguese-edition\/","title":{"rendered":"E-ticaret Evreni (Portekizce Bask\u0131)"},"content":{"rendered":"<div class=\"woocommerce-product-details\">\n<h3>\u00dcr\u00fcn detaylar\u0131<\/h3>\n<ul>\n<li>ASIN: B09S61Z23C<\/li>\n<li>Yay\u0131nc\u0131: Ba\u011f\u0131ms\u0131z olarak yay\u0131nland\u0131<\/li>\n<li>Yay\u0131n tarihi: 13 Ocak 2022<\/li>\n<li>Dil: Portekizce<\/li>\n<li>Sayfa say\u0131s\u0131: 284 sayfa<\/li>\n<li>ISBN-13:979-8401405098<\/li>\n<li>\u00dcr\u00fcn a\u011f\u0131rl\u0131\u011f\u0131: 494g<\/li>\n<li>Boyutlar: 15,24 x 1,63 x 22,86 cm<\/li>\n<li>En \u00c7ok Satanlar S\u0131ralamas\u0131: Ara\u015ft\u0131rma ve E\u011fitimde 123. Mesleki ve Teknik Geli\u015fimde 301. s\u0131rada<\/li>\n<li>301 Mesleki ve Teknik Geli\u015fim<\/li>\n<li>M\u00fc\u015fteri Yorumlar\u0131: 4,3 5 \u00fczerinden 4,3 y\u0131ld\u0131z (20)<\/li>\n<\/ul><\/div>","protected":false},"excerpt":{"rendered":"<p>E-ticaret Evreni, e-ticarete ilgi duyan veya halihaz\u0131rda dijital kanallarla \u00e7al\u0131\u015fan ve yeni teknik ve kavramlar\u0131 bilmek isteyenler i\u00e7in yaz\u0131lm\u0131\u015ft\u0131r.Bu kitap, e-ticareti i\u00e7eren her \u015feye makro bir bak\u0131\u015f a\u00e7\u0131s\u0131 sunabilmek i\u00e7in bilgiyi rehber olacak \u015fekilde aktarmal\u0131d\u0131r. \u0130\u015f modelleri ve operasyonlar\u0131, pazarlama noktalar\u0131, hizmet ve lojistik ile ilgili konular\u0131n yan\u0131 s\u0131ra teknoloji, sistemler ve entegrasyonlar, eri\u015filebilirlik ve bilgi g\u00fcvenli\u011fi ile ilgili konular\u0131n yerle bir edilmesi. Daha deneyimli okuyucular i\u00e7in bu kitap, her b\u00f6l\u00fcm\u00fcn belirli konular\u0131 ele alabilece\u011fi ve i\u015fleyi\u015fiyle ilgili konular\u0131 ele alabilece\u011fi bir dan\u0131\u015fma kanal\u0131 olarak hizmet verebilir. Bu d\u00fcnyada yolculu\u011fa ba\u015flayan okuyuculara, evrenin ba\u015flang\u0131c\u0131ndan dolay\u0131 E-ticaretten olumlu bir \u015fekilde yararlanabilirler, bu b\u00f6l\u00fcmde mesleki b\u00fcy\u00fcmeyi \u00e7ok daha fazla kullanabilirler.<\/p>","protected":false},"featured_media":93228,"comment_status":"open","ping_status":"closed","template":"","meta":[],"product_cat":[1653,1730,1595],"product_tag":[],"class_list":{"0":"post-93228","1":"product","2":"type-product","3":"status-publish","4":"has-post-thumbnail","6":"product_brand-por-fellipe-guimares-autor","7":"product_cat-educacao-referencia-e-didaticos","8":"product_cat-escolas-e-ensino","9":"product_cat-livros","11":"first","12":"instock","13":"shipping-taxable","14":"purchasable","15":"product-type-simple"},"aioseo_notices":[],"_links":{"self":[{"href":"https:\/\/www.ecommerceupdate.com.br\/tr\/wp-json\/wp\/v2\/product\/93228","targetHints":{"allow":["GET"]}}],"collection":[{"href":"https:\/\/www.ecommerceupdate.com.br\/tr\/wp-json\/wp\/v2\/product"}],"about":[{"href":"https:\/\/www.ecommerceupdate.com.br\/tr\/wp-json\/wp\/v2\/types\/product"}],"replies":[{"embeddable":true,"href":"https:\/\/www.ecommerceupdate.com.br\/tr\/wp-json\/wp\/v2\/comments?post=93228"}],"wp:featuredmedia":[{"embeddable":true,"href":"https:\/\/www.ecommerceupdate.com.br\/tr\/wp-json\/wp\/v2\/product\/93228"}],"wp:attachment":[{"href":"https:\/\/www.ecommerceupdate.com.br\/tr\/wp-json\/wp\/v2\/media?parent=93228"}],"wp:term":[{"taxonomy":"product_cat","embeddable":true,"href":"https:\/\/www.ecommerceupdate.com.br\/tr\/wp-json\/wp\/v2\/product_cat?post=93228"},{"taxonomy":"product_tag","embeddable":true,"href":"https:\/\/www.ecommerceupdate.com.br\/tr\/wp-json\/wp\/v2\/product_tag?post=93228"}],"curies":[{"name":"wp","href":"https:\/\/api.w.org\/{rel}","templated":true}]}}