{"id":93229,"date":"2026-03-01T09:32:53","date_gmt":"2026-03-01T12:32:53","guid":{"rendered":"https:\/\/www.ecommerceupdate.com.br\/produto\/empreendendo-no-e-commerce\/"},"modified":"2026-03-13T15:27:54","modified_gmt":"2026-03-13T18:27:54","slug":"empreendendo-no-e-commerce","status":"publish","type":"product","link":"https:\/\/www.ecommerceupdate.com.br\/tr\/produto\/empreendendo-no-e-commerce\/","title":{"rendered":"E-ticarette taahh\u00fct"},"content":{"rendered":"<div class=\"woocommerce-product-details\">\n<h3>\u00dcr\u00fcn detaylar\u0131<\/h3>\n<ul>\n<li>ASIN: B0F92B2HMQ<\/li>\n<li>Yay\u0131nc\u0131: Ariane Vianna<\/li>\n<li>Eri\u015filebilirlik: Daha fazla bilgi edinin<\/li>\n<li>Yay\u0131n tarihi: 17 May\u0131s 2025<\/li>\n<li>Dil: Portekizce<\/li>\n<li>Dosya boyutu: 326 KB<\/li>\n<li>Ekran okuyucu : Uyumlu<\/li>\n<li>Yaz\u0131 Tipi Yap\u0131land\u0131rmas\u0131 : Etkin<\/li>\n<li>Kelime Bilgisi \u0130pu\u00e7lar\u0131: Etkin de\u011fil<\/li>\n<li>Sayfa say\u0131s\u0131: 44 sayfa<\/li>\n<li>ISBN-13:978-6501462141<\/li>\n<li>Sayfa \u00c7evirme: Etkin<\/li>\n<li>Okuma ya\u015f\u0131: 12 18 y\u0131l<\/li>\n<li>En \u00c7ok Satanlar S\u0131ralamas\u0131: Kindle Store'da 203.063 numara (Kindle Store kategorisinde \u0130lk 100 ile Tan\u0131\u015f\u0131n) Kindle Standard S\u00f6zl\u00fcklerinde 23 numara G\u00fcnl\u00fcklerde e-Kitaplarda 100 numara Zaman Y\u00f6netimi'nde 544 numara<\/li>\n<li>23 Kindle Standart S\u00f6zl\u00fcklerinde<\/li>\n<li>100 G\u00fcnl\u00fck e-Kitaplar\u0131nda<\/li>\n<li>544 Zaman Y\u00f6netiminde<\/li>\n<li>M\u00fc\u015fteri Yorumlar\u0131: 5,0 5 \u00fczerinden 5,0 y\u0131ld\u0131z (11)<\/li>\n<\/ul><\/div>","protected":false},"excerpt":{"rendered":"<p>Deneyimsiz bile olsa online i\u015f yaratmak isteyenler i\u00e7in pratik, insani ve ilham verici bir rehber.Bu kitapta Ariane Vianna, s\u0131f\u0131rdan ba\u015flamak, ama\u00e7la satmak ve e-ticaretinizi bilin\u00e7li olarak \u00f6l\u00e7eklendirmek i\u00e7in do\u011frudan ipu\u00e7lar\u0131, pratik al\u0131\u015ft\u0131rmalar ve eri\u015filebilir stratejilerle ger\u00e7ek y\u00f6r\u00fcngesini payla\u015f\u0131yor 't\u00fcm bu uzla\u015ft\u0131r\u0131c\u0131 ki\u015fisel ya\u015fam, \u00e7ocuklar ve hayaller.\u00dcr\u00fcnleri nas\u0131l se\u00e7ece\u011finizi, ma\u011fazan\u0131z\u0131 nas\u0131l kuraca\u011f\u0131n\u0131z\u0131, do\u011fru fiyatland\u0131raca\u011f\u0131n\u0131z\u0131, ilk m\u00fc\u015fterilerinizi nas\u0131l \u00e7ekece\u011finizi, rutininizi nas\u0131l d\u00fczenleyece\u011finizi ve zor g\u00fcnlerde bile motivasyonu nas\u0131l koruyaca\u011f\u0131n\u0131z\u0131 \u00f6\u011freneceksiniz.Ruh ve eylemle \u00fcstlenmek isteyenler i\u00e7in ideal bir k\u0131lavuzdur.Kad\u0131n giri\u015fimciler, finansal ba\u011f\u0131ms\u0131zl\u0131k isteyen anneler ve doyuma d\u00f6n\u00fc\u015fmek isteyen herkes i\u00e7in endikedir.Ba\u015flamaman\u0131z gerekiyor.<\/p>","protected":false},"featured_media":93229,"comment_status":"open","ping_status":"closed","template":"","meta":[],"product_cat":[1627,1608,1607],"product_tag":[],"class_list":{"0":"post-93229","1":"product","2":"type-product","3":"status-publish","4":"has-post-thumbnail","6":"product_brand-por-ariane-vianna-autor-formato-ebook-kindle","7":"product_cat-autoajuda","8":"product_cat-ebooks-kindle","9":"product_cat-loja-kindle","11":"first","12":"instock","13":"shipping-taxable","14":"purchasable","15":"product-type-simple"},"aioseo_notices":[],"_links":{"self":[{"href":"https:\/\/www.ecommerceupdate.com.br\/tr\/wp-json\/wp\/v2\/product\/93229","targetHints":{"allow":["GET"]}}],"collection":[{"href":"https:\/\/www.ecommerceupdate.com.br\/tr\/wp-json\/wp\/v2\/product"}],"about":[{"href":"https:\/\/www.ecommerceupdate.com.br\/tr\/wp-json\/wp\/v2\/types\/product"}],"replies":[{"embeddable":true,"href":"https:\/\/www.ecommerceupdate.com.br\/tr\/wp-json\/wp\/v2\/comments?post=93229"}],"wp:featuredmedia":[{"embeddable":true,"href":"https:\/\/www.ecommerceupdate.com.br\/tr\/wp-json\/wp\/v2\/product\/93229"}],"wp:attachment":[{"href":"https:\/\/www.ecommerceupdate.com.br\/tr\/wp-json\/wp\/v2\/media?parent=93229"}],"wp:term":[{"taxonomy":"product_cat","embeddable":true,"href":"https:\/\/www.ecommerceupdate.com.br\/tr\/wp-json\/wp\/v2\/product_cat?post=93229"},{"taxonomy":"product_tag","embeddable":true,"href":"https:\/\/www.ecommerceupdate.com.br\/tr\/wp-json\/wp\/v2\/product_tag?post=93229"}],"curies":[{"name":"wp","href":"https:\/\/api.w.org\/{rel}","templated":true}]}}