{"id":93389,"date":"2026-03-04T00:24:52","date_gmt":"2026-03-04T03:24:52","guid":{"rendered":"https:\/\/www.ecommerceupdate.com.br\/produto\/alibaba-a-gigante-do-comercio-eletronico-o-imprerio-construido-por-jack-ma\/"},"modified":"2026-04-13T22:47:58","modified_gmt":"2026-04-14T01:47:58","slug":"alibaba-a-gigante-do-comercio-eletronico-o-imprerio-construido-por-jack-ma","status":"publish","type":"product","link":"https:\/\/www.ecommerceupdate.com.br\/tr\/produto\/alibaba-a-gigante-do-comercio-eletronico-o-imprerio-construido-por-jack-ma\/","title":{"rendered":"E-ticaret devi Alibaba: Jack Ma taraf\u0131ndan \u00fcretilen Imprire"},"content":{"rendered":"<div class=\"woocommerce-product-details\"><\/div>","protected":false},"excerpt":{"rendered":"<p>\u201dd\u00fcnya ekonomisini de\u011fi\u015ftiren eski bir profes\u00f6r\u00fcn hikayesi.Alibaba: e-ticaret devi, Alibaba ve onun karizmatik yarat\u0131c\u0131s\u0131 Jack Ma'n\u0131n \u00c7inlilerin ileti\u015fim kurma, t\u00fcketme ve e\u011flenme \u015feklini nas\u0131l de\u011fi\u015ftirdi\u011fini g\u00f6steren en \u00e7ok satan kitap. Etkileyici bir h\u0131zla \u00c7in'deki Hangzhou merkezli \u015firketler grubu, d\u00fcnyan\u0131n her yerinden giri\u015fimcilere ilham vermeye ve onlar\u0131 k\u0131\u015fk\u0131rtmaya ba\u015flad\u0131.  \u00a0 <br \/> Sadece on be\u015f y\u0131l i\u00e7inde, m\u00fctevaz\u0131 k\u00f6kenli bir adam Alibaba'y\u0131 kurdu ve d\u00fcnyan\u0131n en b\u00fcy\u00fck \u015firketlerinden biri haline getirdi, milyonlarca \u00c7inli t\u00fcketicinin ba\u011fl\u0131 oldu\u011fu bir e-ticaret imparatorlu\u011fu.2014 y\u0131l\u0131nda, \u015firketin ilk halka arz\u0131 tarihin en y\u00fcksek seviyesiydi, etkileyici rakam olan 25 milyar S$'ye ula\u015ft\u0131.D\u00fcnya \u00e7ap\u0131ndaki \u015firketlerin CEO'lar\u0131 ve ba\u015fkanlar\u0131 taraf\u0131ndan gerekli olan Jack Ma, \u00c7in'in \u00f6zel sekt\u00f6r\u00fcn\u00fcn patlamas\u0131n\u0131n bir simgesi ve y\u00fcz milyonlarca orta s\u0131n\u0131f t\u00fcketicinin bak\u0131m\u0131, \u00f6zel r\u00f6portajlar da dahil olmak \u00fczere \u00e7ok say\u0131da yay\u0131nlanmam\u0131\u015f materyale eri\u015fim ile Duncan Clark bu kitapta \u00c7in'den internete kay\u0131t yap\u0131yor.<br \/>Alibaba, bir profes\u00f6r\u00fcn d\u00fcnyan\u0131n en de\u011ferli \u015firketlerinden birini nas\u0131l kurdu\u011funu, Amazon ile rekabet etti\u011fini ve k\u00fcresel ekonomiyi sonsuza dek de\u011fi\u015ftirdi\u011fini anlatan ola\u011fan\u00fcst\u00fc ve b\u00fcy\u00fcleyici hikayeyi anlat\u0131yor\u201c<\/p>","protected":false},"featured_media":93389,"comment_status":"open","ping_status":"closed","template":"","meta":{"_aipt_faq_data":""},"product_cat":[1611,1613,1595],"product_tag":[],"class_list":{"0":"post-93389","1":"product","2":"type-product","3":"status-publish","4":"has-post-thumbnail","6":"product_brand-por-duncan-clark-autor-eduardo-rieche-tradutor","7":"product_cat-administracao-negocios-e-economia","8":"product_cat-industrias-e-profissoes","9":"product_cat-livros","11":"first","12":"instock","13":"sale","14":"shipping-taxable","15":"purchasable","16":"product-type-simple"},"aioseo_notices":[],"_links":{"self":[{"href":"https:\/\/www.ecommerceupdate.com.br\/tr\/wp-json\/wp\/v2\/product\/93389","targetHints":{"allow":["GET"]}}],"collection":[{"href":"https:\/\/www.ecommerceupdate.com.br\/tr\/wp-json\/wp\/v2\/product"}],"about":[{"href":"https:\/\/www.ecommerceupdate.com.br\/tr\/wp-json\/wp\/v2\/types\/product"}],"replies":[{"embeddable":true,"href":"https:\/\/www.ecommerceupdate.com.br\/tr\/wp-json\/wp\/v2\/comments?post=93389"}],"wp:featuredmedia":[{"embeddable":true,"href":"https:\/\/www.ecommerceupdate.com.br\/tr\/wp-json\/wp\/v2\/product\/93389"}],"wp:attachment":[{"href":"https:\/\/www.ecommerceupdate.com.br\/tr\/wp-json\/wp\/v2\/media?parent=93389"}],"wp:term":[{"taxonomy":"product_cat","embeddable":true,"href":"https:\/\/www.ecommerceupdate.com.br\/tr\/wp-json\/wp\/v2\/product_cat?post=93389"},{"taxonomy":"product_tag","embeddable":true,"href":"https:\/\/www.ecommerceupdate.com.br\/tr\/wp-json\/wp\/v2\/product_tag?post=93389"}],"curies":[{"name":"wp","href":"https:\/\/api.w.org\/{rel}","templated":true}]}}