{"id":93426,"date":"2026-03-04T08:54:09","date_gmt":"2026-03-04T11:54:09","guid":{"rendered":"https:\/\/www.ecommerceupdate.com.br\/produto\/bora-vender-a-melhor-estrategia-e-atitude\/"},"modified":"2026-03-13T15:32:26","modified_gmt":"2026-03-13T18:32:26","slug":"bora-vender-a-melhor-estrategia-e-atitude","status":"publish","type":"product","link":"https:\/\/www.ecommerceupdate.com.br\/tr\/produto\/bora-vender-a-melhor-estrategia-e-atitude\/","title":{"rendered":"Bora satmak: En iyi strateji tutumdur"},"content":{"rendered":"<div class=\"woocommerce-product-details\">\n<h3>\u00dcr\u00fcn detaylar\u0131<\/h3>\n<ul>\n<li>Yay\u0131nc\u0131: People<\/li>\n<li>Yay\u0131n tarihi: 1 Haziran 2019<\/li>\n<li>Bask\u0131: 1a<\/li>\n<li>Dil: Portekizce<\/li>\n<li>Sayfa say\u0131s\u0131: 224 sayfa<\/li>\n<li>ISBN-10:8545203217<\/li>\n<li>ISBN-13:978-8545203216<\/li>\n<li>\u00dcr\u00fcn a\u011f\u0131rl\u0131\u011f\u0131: 20g<\/li>\n<li>Boyutlar: 22,8 x 15,6 x 1,4 cm<\/li>\n<li>En \u00c7ok Satanlar S\u0131ralamas\u0131: Kitaplarda 8.384 Numara (Kitaplar kategorisinde \u0130lk 100 ile Tan\u0131\u015f\u0131n) \u0130\u015fletme, \u0130\u015fletme ve Ekonomi (Kitaplar) kategorisinde 514 Numara<\/li>\n<li>514 \u0130\u015fletme, \u0130\u015fletme ve Ekonomi (Kitaplar)<\/li>\n<li>M\u00fc\u015fteri Yorumlar\u0131: 4,6 5 \u00fczerinden 4,6 y\u0131ld\u0131z (1.868)<\/li>\n<\/ul><\/div>","protected":false},"excerpt":{"rendered":"<p>Satmay\u0131 bilmiyor olabilirsiniz, hatta kendinize bir sat\u0131c\u0131 bile bulamayabilirsiniz.Ama bir noktada, bir zamanlar a. Sat\u0131\u015f art\u0131k \u00fcr\u00fcn veya hizmetlerin para kar\u015f\u0131l\u0131\u011f\u0131nda de\u011fi\u015fimi de\u011fildir ve b\u00fcy\u00fc, ba\u015far\u0131, sadakat ve \u00e7\u0131karlar\u0131n uyumu haline gelmi\u015ftir.Stok sahibi olmaktan daha de\u011ferli bir marka yaratmak ve hedef kitleniz i\u00e7in \u00e7\u00f6z\u00fcm protokol\u00fc olmakt\u0131r.Ancak bunu nas\u0131l yapabilirsiniz? Latin Amerika'n\u0131n en b\u00fcy\u00fck e-ticaret platformunun y\u00f6netici orta\u011f\u0131 Alfredo Soares, yenilik\u00e7i olmak i\u00e7in an\u0131, yat\u0131r\u0131m\u0131 veya ideal ara\u00e7lar\u0131 beklemekten daha fazlas\u0131n\u0131 y\u00fcr\u00fctmenin, hata yapman\u0131n, \u00f6\u011frenmenin ve h\u0131zl\u0131 bir \u015fekilde yeniden yapman\u0131n gerekli oldu\u011funu bize g\u00f6steriyor<\/p>","protected":false},"featured_media":93426,"comment_status":"open","ping_status":"closed","template":"","meta":[],"product_cat":[1611,1595],"product_tag":[],"class_list":{"0":"post-93426","1":"product","2":"type-product","3":"status-publish","4":"has-post-thumbnail","6":"product_brand-edicao-portugus-por-alfredo-soares-autor","7":"product_cat-administracao-negocios-e-economia","8":"product_cat-livros","10":"first","11":"instock","12":"sale","13":"shipping-taxable","14":"purchasable","15":"product-type-simple"},"aioseo_notices":[],"_links":{"self":[{"href":"https:\/\/www.ecommerceupdate.com.br\/tr\/wp-json\/wp\/v2\/product\/93426","targetHints":{"allow":["GET"]}}],"collection":[{"href":"https:\/\/www.ecommerceupdate.com.br\/tr\/wp-json\/wp\/v2\/product"}],"about":[{"href":"https:\/\/www.ecommerceupdate.com.br\/tr\/wp-json\/wp\/v2\/types\/product"}],"replies":[{"embeddable":true,"href":"https:\/\/www.ecommerceupdate.com.br\/tr\/wp-json\/wp\/v2\/comments?post=93426"}],"wp:featuredmedia":[{"embeddable":true,"href":"https:\/\/www.ecommerceupdate.com.br\/tr\/wp-json\/wp\/v2\/product\/93426"}],"wp:attachment":[{"href":"https:\/\/www.ecommerceupdate.com.br\/tr\/wp-json\/wp\/v2\/media?parent=93426"}],"wp:term":[{"taxonomy":"product_cat","embeddable":true,"href":"https:\/\/www.ecommerceupdate.com.br\/tr\/wp-json\/wp\/v2\/product_cat?post=93426"},{"taxonomy":"product_tag","embeddable":true,"href":"https:\/\/www.ecommerceupdate.com.br\/tr\/wp-json\/wp\/v2\/product_tag?post=93426"}],"curies":[{"name":"wp","href":"https:\/\/api.w.org\/{rel}","templated":true}]}}