{"id":93541,"date":"2026-03-04T20:14:38","date_gmt":"2026-03-04T23:14:38","guid":{"rendered":"https:\/\/www.ecommerceupdate.com.br\/produto\/e-commerce-o-avanco-tecnologico-e-as-relacoes-consumidor-fornecedor\/"},"modified":"2026-05-09T11:53:56","modified_gmt":"2026-05-09T14:53:56","slug":"e-commerce-o-avanco-tecnologico-e-as-relacoes-consumidor-fornecedor","status":"publish","type":"product","link":"https:\/\/www.ecommerceupdate.com.br\/tr\/produto\/e-commerce-o-avanco-tecnologico-e-as-relacoes-consumidor-fornecedor\/","title":{"rendered":"E-ticaret: teknolojik ilerleme ve t\u00fcketici-tedarik\u00e7i ili\u015fkileri"},"content":{"rendered":"<div class=\"woocommerce-product-details\"><\/div>","protected":false},"excerpt":{"rendered":"<p>\u00c7a\u011fda\u015f d\u00fcnyada internet, fiziksel engelleri azaltarak birka\u00e7 sekt\u00f6rde kolayla\u015ft\u0131r\u0131c\u0131 bir ara\u00e7 olarak ortaya \u00e7\u0131km\u0131\u015ft\u0131r.\u0130\u015f alan\u0131nda dijital platformlar\u0131n yayg\u0131nla\u015fmas\u0131 yeni bir olguyu do\u011furmu\u015ftur: e-ticaret. B\u00f6ylece, s\u00f6zle\u015fmeye dayal\u0131 i\u015flemler ve dijital medyada g\u00fcvenlik gibi konular\u0131 g\u00f6z \u00f6n\u00fcnde bulundurarak ticari hukuki ili\u015fkileri bu yeni senaryoya g\u00f6re ayarlamak gerekiyordu. Bu \u00e7al\u0131\u015fmada, e-ticaretin temel hukuki y\u00f6nlerini topluyor ve a\u00e7\u0131kl\u0131\u011fa kavu\u015fturuyoruz, \u00e7\u00fcnk\u00fc nispeten yeni bir olgu oldu\u011fundan, belirli \u00f6zelliklere sahiptir.<\/p>","protected":false},"featured_media":93541,"comment_status":"open","ping_status":"closed","template":"","meta":[],"product_cat":[1609,1657,1595],"product_tag":[],"class_list":{"0":"post-93541","1":"product","2":"type-product","3":"status-publish","4":"has-post-thumbnail","5":"product_brand-por-andreza-cristina-baggio-autor","6":"product_cat-direito","7":"product_cat-direito-empresarial","8":"product_cat-livros","10":"first","11":"instock","12":"shipping-taxable","13":"purchasable","14":"product-type-simple"},"aioseo_notices":[],"_links":{"self":[{"href":"https:\/\/www.ecommerceupdate.com.br\/tr\/wp-json\/wp\/v2\/product\/93541","targetHints":{"allow":["GET"]}}],"collection":[{"href":"https:\/\/www.ecommerceupdate.com.br\/tr\/wp-json\/wp\/v2\/product"}],"about":[{"href":"https:\/\/www.ecommerceupdate.com.br\/tr\/wp-json\/wp\/v2\/types\/product"}],"replies":[{"embeddable":true,"href":"https:\/\/www.ecommerceupdate.com.br\/tr\/wp-json\/wp\/v2\/comments?post=93541"}],"wp:featuredmedia":[{"embeddable":true,"href":"https:\/\/www.ecommerceupdate.com.br\/tr\/wp-json\/wp\/v2\/product\/93541"}],"wp:attachment":[{"href":"https:\/\/www.ecommerceupdate.com.br\/tr\/wp-json\/wp\/v2\/media?parent=93541"}],"wp:term":[{"taxonomy":"product_cat","embeddable":true,"href":"https:\/\/www.ecommerceupdate.com.br\/tr\/wp-json\/wp\/v2\/product_cat?post=93541"},{"taxonomy":"product_tag","embeddable":true,"href":"https:\/\/www.ecommerceupdate.com.br\/tr\/wp-json\/wp\/v2\/product_tag?post=93541"}],"curies":[{"name":"wp","href":"https:\/\/api.w.org\/{rel}","templated":true}]}}