{"id":93669,"date":"2026-03-05T14:06:27","date_gmt":"2026-03-05T17:06:27","guid":{"rendered":"https:\/\/www.ecommerceupdate.com.br\/produto\/de-zero-a-1-milhao-no-mercado-livre\/"},"modified":"2026-03-13T15:43:17","modified_gmt":"2026-03-13T18:43:17","slug":"de-zero-a-1-milhao-no-mercado-livre","status":"publish","type":"product","link":"https:\/\/www.ecommerceupdate.com.br\/tr\/produto\/de-zero-a-1-milhao-no-mercado-livre\/","title":{"rendered":"Serbest Piyasada S\u0131f\u0131rdan 1 Milyona"},"content":{"rendered":"<div class=\"woocommerce-product-details\">\n<h3>\u00dcr\u00fcn detaylar\u0131<\/h3>\n<ul>\n<li>ASIN: B0FP5QCW2Z<\/li>\n<li>Eri\u015filebilirlik: Daha fazla bilgi edinin<\/li>\n<li>Yay\u0131n tarihi: 28 A\u011fustos 2025<\/li>\n<li>Bask\u0131: 1a<\/li>\n<li>Dil: Portekizce<\/li>\n<li>Dosya boyutu: 2,6 MB<\/li>\n<li>Yaz\u0131 tipi yap\u0131land\u0131rmas\u0131: Etkin de\u011fil<\/li>\n<li>Kelime Bilgisi \u0130pu\u00e7lar\u0131: Etkin de\u011fil<\/li>\n<li>Bi\u00e7im: Bask\u0131 Replikas\u0131<\/li>\n<li>Sayfa \u00c7evirme : Etkin de\u011fil<\/li>\n<li>Okuma ya\u015f\u0131: 16 18 y\u0131l<\/li>\n<li>En \u00c7ok Satanlar S\u0131ralamas\u0131: Kindle Store'da 342.074 Numara (Kindle Store kategorisinde \u0130lk 100 ile Tan\u0131\u015f\u0131n) \u0130\u015fletme A\u00e7ma'da 189 Numara K\u00fc\u00e7\u00fck \u0130\u015fletmelerde 307 Numara \u0130\u015fletmede 1.339 Numara<\/li>\n<li>189 \u0130\u015fyeri A\u00e7arken<\/li>\n<li>307 K\u00fc\u00e7\u00fck \u0130\u015fletmelerde<\/li>\n<li>1.339'u Kurumsal'da<\/li>\n<\/ul><\/div>","protected":false},"excerpt":{"rendered":"<p>Serbest Piyasada S\u0131f\u0131rdan 1 Milyona<br \/>Fikirlerinizi milyoner sat\u0131\u015f\u0131na d\u00f6n\u00fc\u015ft\u00fcr\u00fcn!<\/p>\n<p>Bu k\u0131lavuz, kazanan \u00fcr\u00fcnleri se\u00e7mek, kar\u015f\u0131 konulmaz reklamlar olu\u015fturmak ve sat\u0131\u015flar\u0131n\u0131z\u0131 Mercado Livre'de 1 milyon R$'yi a\u015facak \u015fekilde \u00f6l\u00e7eklendirmek i\u00e7in ad\u0131m ad\u0131m ortaya koymaktad\u0131r.<\/p>\n<p>2025'in gelecek vaat eden ni\u015flerini ke\u015ffedin, 80%'yi sat\u0131c\u0131lardan k\u0131ran hatalardan ka\u00e7\u0131n\u0131n ve kontrol listelerine, benzersiz elektronik tablolara ve bug\u00fcn uygulanacak pratik stratejilere eri\u015fin.<\/p>\n<p>Serbest Piyasa, e-ticarette ba\u015far\u0131ya a\u00e7\u0131lan kap\u0131d\u0131r, bu kitapla milyoner sat\u0131c\u0131 olma haritas\u0131na sahip olacaks\u0131n\u0131z.<\/p>","protected":false},"featured_media":93669,"comment_status":"open","ping_status":"closed","template":"","meta":[],"product_cat":[1611,1629,1595],"product_tag":[],"class_list":{"0":"post-93669","1":"product","2":"type-product","3":"status-publish","4":"has-post-thumbnail","6":"product_brand-por-fernando-campos-autor-formato-ebook-kindle","7":"product_cat-administracao-negocios-e-economia","8":"product_cat-desenvolvimento-de-negocios-e-empreendedorismo","9":"product_cat-livros","11":"first","12":"instock","13":"shipping-taxable","14":"purchasable","15":"product-type-simple"},"aioseo_notices":[],"_links":{"self":[{"href":"https:\/\/www.ecommerceupdate.com.br\/tr\/wp-json\/wp\/v2\/product\/93669","targetHints":{"allow":["GET"]}}],"collection":[{"href":"https:\/\/www.ecommerceupdate.com.br\/tr\/wp-json\/wp\/v2\/product"}],"about":[{"href":"https:\/\/www.ecommerceupdate.com.br\/tr\/wp-json\/wp\/v2\/types\/product"}],"replies":[{"embeddable":true,"href":"https:\/\/www.ecommerceupdate.com.br\/tr\/wp-json\/wp\/v2\/comments?post=93669"}],"wp:featuredmedia":[{"embeddable":true,"href":"https:\/\/www.ecommerceupdate.com.br\/tr\/wp-json\/wp\/v2\/product\/93669"}],"wp:attachment":[{"href":"https:\/\/www.ecommerceupdate.com.br\/tr\/wp-json\/wp\/v2\/media?parent=93669"}],"wp:term":[{"taxonomy":"product_cat","embeddable":true,"href":"https:\/\/www.ecommerceupdate.com.br\/tr\/wp-json\/wp\/v2\/product_cat?post=93669"},{"taxonomy":"product_tag","embeddable":true,"href":"https:\/\/www.ecommerceupdate.com.br\/tr\/wp-json\/wp\/v2\/product_tag?post=93669"}],"curies":[{"name":"wp","href":"https:\/\/api.w.org\/{rel}","templated":true}]}}