{"id":93673,"date":"2026-03-05T14:06:54","date_gmt":"2026-03-05T17:06:54","guid":{"rendered":"https:\/\/www.ecommerceupdate.com.br\/produto\/aprenda-a-vender-no-mercado-livre-sem-estoque\/"},"modified":"2026-03-13T15:43:58","modified_gmt":"2026-03-13T18:43:58","slug":"aprenda-a-vender-no-mercado-livre-sem-estoque","status":"publish","type":"product","link":"https:\/\/www.ecommerceupdate.com.br\/tr\/produto\/aprenda-a-vender-no-mercado-livre-sem-estoque\/","title":{"rendered":"Serbest Piyasada Sat\u0131\u015f Yapmay\u0131 \u00d6\u011frenin: Stok Yok"},"content":{"rendered":"<div class=\"woocommerce-product-details\">\n<h3>\u00dcr\u00fcn detaylar\u0131<\/h3>\n<ul>\n<li>ASIN: B08V4TFRXP<\/li>\n<li>Eri\u015filebilirlik: Daha fazla bilgi edinin<\/li>\n<li>Yay\u0131n tarihi: 25 Ocak 2021<\/li>\n<li>Dil: Portekizce<\/li>\n<li>Dosya boyutu: 183 KB<\/li>\n<li>Ekran okuyucu : Uyumlu<\/li>\n<li>Yaz\u0131 Tipi Yap\u0131land\u0131rmas\u0131 : Etkin<\/li>\n<li>Kelime Bilgisi \u0130pu\u00e7lar\u0131: Etkin de\u011fil<\/li>\n<li>Sayfa say\u0131s\u0131: 17 sayfa<\/li>\n<li>Sayfa \u00c7evirme: Etkin<\/li>\n<li>Okuma ya\u015f\u0131: 12 18 y\u0131l<\/li>\n<li>En \u00c7ok Satanlar S\u0131ralamas\u0131: Kindle Store'da 634.127 numara (Kindle Store kategorisinde \u0130lk 100 ile tan\u0131\u015f\u0131n) E\u011fitim Ama\u00e7lar\u0131 ve Hedefleri'nde 477 numara Okul Dan\u0131\u015fmanl\u0131\u011f\u0131 ve \u00d6\u011fretiminde 1.082 numara E\u011fitimde 14.479 numara (Kindle Store)<\/li>\n<li>477 E\u011fitimin Ama\u00e7 ve Hedeflerinde<\/li>\n<li>Okullarda Dan\u0131\u015fmanl\u0131k ve \u00d6\u011fretmenlik alan\u0131nda 1.082<\/li>\n<li>E\u011fitimde 14.479 (Kindle Ma\u011fazas\u0131)<\/li>\n<li>M\u00fc\u015fteri Yorumlar\u0131: 3,5 5 \u00fczerinden 3,5 y\u0131ld\u0131z (6)<\/li>\n<\/ul><\/div>","protected":false},"excerpt":{"rendered":"<p>Esse \u00e9 um verdadeiro e poderoso manual de vendas para quem est\u00e1 iniciando na plataforma do Mercado Livre e n\u00e3o tem dinheiro para investir em estoque de produtos, tudo sem enrola\u00e7\u00e3o e sem ser politicamente correto, direto ao ponto. <\/p>\n<p>Te ensinaremos a criar os an\u00fancios do zero, desde as fotos, descri\u00e7\u00f5es, fichas t\u00e9cnicas, tudo, tamb\u00e9m ajudaremos a precificar os produtos. <\/p>\n<p>Al\u00e9m disso, te apresenta um fornecedor 100% confi\u00e1vel para fazer esse Dropishipping Nacional, com produtos j\u00e1 no Brasil, saindo de S\u00e3o Paulo, j\u00e1 testados e validados na plataforma, voc\u00ea ter\u00e1 acesso a um grupo de Telegram com mais de 6.000 membros que vendem on-line todos os dias e trabalham com esses produtos. <\/p>\n<p>Poucas p\u00e1ginas te separam de um mar de vendas ! <\/p>\n<p>O melhor investimento que voc\u00ea pode fazer \u00e9 em conhecimento. <\/p>\n<p>Um E book barato e cada real gasto aqui poder\u00e1 voltar multiplicado por muitas vezes, s\u00f3 depende de aplicar o conhecimento adquirido. <\/p>\n<p>Aguardamos voc\u00ea em nosso grupo, excelente leitura e \u00f3timas vendas.<\/p>","protected":false},"featured_media":0,"comment_status":"open","ping_status":"closed","template":"","meta":{"_aipt_faq_data":""},"product_cat":[1653,1730,1595],"product_tag":[],"class_list":{"0":"post-93673","1":"product","2":"type-product","3":"status-publish","5":"product_brand-por-cristiano-fontes-autor-formato-ebook-kindle","6":"product_cat-educacao-referencia-e-didaticos","7":"product_cat-escolas-e-ensino","8":"product_cat-livros","10":"first","11":"instock","12":"shipping-taxable","13":"purchasable","14":"product-type-simple"},"aioseo_notices":[],"_links":{"self":[{"href":"https:\/\/www.ecommerceupdate.com.br\/tr\/wp-json\/wp\/v2\/product\/93673","targetHints":{"allow":["GET"]}}],"collection":[{"href":"https:\/\/www.ecommerceupdate.com.br\/tr\/wp-json\/wp\/v2\/product"}],"about":[{"href":"https:\/\/www.ecommerceupdate.com.br\/tr\/wp-json\/wp\/v2\/types\/product"}],"replies":[{"embeddable":true,"href":"https:\/\/www.ecommerceupdate.com.br\/tr\/wp-json\/wp\/v2\/comments?post=93673"}],"wp:attachment":[{"href":"https:\/\/www.ecommerceupdate.com.br\/tr\/wp-json\/wp\/v2\/media?parent=93673"}],"wp:term":[{"taxonomy":"product_cat","embeddable":true,"href":"https:\/\/www.ecommerceupdate.com.br\/tr\/wp-json\/wp\/v2\/product_cat?post=93673"},{"taxonomy":"product_tag","embeddable":true,"href":"https:\/\/www.ecommerceupdate.com.br\/tr\/wp-json\/wp\/v2\/product_tag?post=93673"}],"curies":[{"name":"wp","href":"https:\/\/api.w.org\/{rel}","templated":true}]}}