{"id":94168,"date":"2026-03-09T03:56:10","date_gmt":"2026-03-09T06:56:10","guid":{"rendered":"https:\/\/www.ecommerceupdate.com.br\/produto\/kindle-16-gb-geracao-mais-recente-leve-e-compacto-com-tela-antirreflexo-trocas-de-pagina-mais-rapidas-luz-frontal-ajustavel-e-bateria-de-longa-duracao-cor-preta\/"},"modified":"2026-05-03T12:38:39","modified_gmt":"2026-05-03T15:38:39","slug":"kindle-16-gb-geracao-mais-recente-leve-e-compacto-com-tela-antirreflexo-trocas-de-pagina-mais-rapidas-luz-frontal-ajustavel-e-bateria-de-longa-duracao-cor-preta","status":"publish","type":"product","link":"https:\/\/www.ecommerceupdate.com.br\/tr\/produto\/kindle-16-gb-geracao-mais-recente-leve-e-compacto-com-tela-antirreflexo-trocas-de-pagina-mais-rapidas-luz-frontal-ajustavel-e-bateria-de-longa-duracao-cor-preta\/","title":{"rendered":"Kindle 16 GB (En son nesil) (I\u015f\u0131k ve kompakt, parlama \u00f6nleyici ekran, daha h\u0131zl\u0131 sayfa de\u011fi\u015fiklikleri, ayarlanabilir \u00f6n \u0131\u015f\u0131k ve uzun \u00f6m\u00fcrl\u00fc pil (Siyah Renk)"},"content":{"rendered":"<div class=\"woocommerce-product-details\">\n<div id=\"tech\" class=\"content-grid-alternate-styles mako-v2\" style=\"margin: 60px auto;max-width: 1504px\">\n<div id=\"\" class=\"content-grid-row-wrapper\" style=\"margin: 0 auto 20px auto\" data-lazy-loading-background-image=\"\">\n<div class=\"a-row\">\n<div class=\"a-column a-span12 block-content block-type-text textalign-center\">\n<div class=\"content-grid-block\">\n<h3 class=\"\">Teknik detaylar<\/h3>\n<\/p>\n<\/div>\n<\/div>\n<\/div>\n<\/div>\n<div id=\"\" class=\"content-grid-row-wrapper\" style=\"margin: 10px 0 0 0\" data-lazy-loading-background-image=\"\">\n<div class=\"a-row\">\n<div class=\"a-column a-span12 block-content block-type-image textalign-center\">\n<div class=\"content-grid-block\"> <img decoding=\"async\" alt=\"Teknik Detaylar\" src=\"https:\/\/m.media-amazon.com\/images\/G\/32\/kindle\/journeys\/0oZ0AOB4MZz1DlNW2B3pR6zN1D2B9lstdAkN6vc296Fho3D\/OGQ1M2RlYjYt._CB545210681_.jpg\" class=\"content-grid-image-lazy-loading\" data-a-hires=\"https:\/\/m.media-amazon.com\/images\/G\/32\/kindle\/journeys\/0oZ0AOB4MZz1DlNW2B3pR6zN1D2B9lstdAkN6vc296Fho3D\/OGQ1M2RlYjYt._CB545210681_.jpg\" \/> <\/div>\n<\/p>\n<\/div>\n<\/div>\n<\/div>\n<div id=\"\" class=\"content-grid-row-wrapper\" style=\"margin: 10px auto 10px auto\" data-lazy-loading-background-image=\"\">\n<div class=\"a-row\">\n<div class=\"a-column a-span12 block-content block-type-text textalign-center\">\n<div class=\"content-grid-block\">\n<h3>Teknik Detaylar<\/h3>\n<\/p>\n<\/div>\n<\/div>\n<\/div>\n<\/div>\n<div id=\"\" class=\"content-grid-row-wrapper\" style=\"font-size: 13px;margin: 10px auto 0px auto;line-height: 19px\" data-lazy-loading-background-image=\"\">\n<div class=\"a-row\">\n<div class=\"a-column a-span6 block-content block-type-table textalign-left\">\n<div class=\"content-grid-block\">\n<table class=\"a-bordered\">\n<tr>\n<td style=\"width:120px\">\n<p><strong>Ekran<\/strong><\/p>\n<\/td>\n<td>\n<p>Entegre \u0131\u015f\u0131kl\u0131, 300 ppi \u00e7\u00f6z\u00fcn\u00fcrl\u00fckl\u00fc, optimize kaynak teknolojili ve 16 seviyeli gri tonlamal\u0131 6\u201d ekran.<\/p>\n<\/td>\n<\/tr>\n<tr>\n<td style=\"width:120px\">\n<p><strong>Boyut<\/strong><\/p>\n<\/td>\n<td>\n<p>157,8 X 108,6 x 8,0 mm. boyut, cihaz\u0131n toplam \u00f6l\u00e7\u00fcmlerini temsil eder.<\/p>\n<\/td>\n<\/tr>\n<tr>\n<td style=\"width:120px\">\n<p><strong>A\u011f\u0131rl\u0131k<\/strong><\/p>\n<\/td>\n<td>\n<p>158 Gram. Boyut ve a\u011f\u0131rl\u0131k, konfig\u00fcrasyon ve \u00fcretim s\u00fcrecine g\u00f6re de\u011fi\u015febilir.<\/p>\n<\/td>\n<\/tr>\n<tr>\n<td style=\"width:120px\">\n<p><strong>Sistem gereksinimleri<\/strong><\/p>\n<\/td>\n<td>\n<p>Yok. Tamamen kablosuz ve i\u00e7erik indirmek i\u00e7in bir bilgisayar gerektirmez.<\/p>\n<\/td>\n<\/tr>\n<tr>\n<td style=\"width:120px\">\n<p><strong>Cihazda depolama<\/strong><\/p>\n<\/td>\n<td>\n<p>16 GB binlerce e-Kitap sakl\u0131yor.<\/p>\n<\/td>\n<\/tr>\n<tr>\n<td style=\"width:120px\">\n<p><strong>Bulut depolama<\/strong><\/p>\n<\/td>\n<td>\n<p>T\u00fcm Amazon i\u00e7eri\u011fi i\u00e7in \u00fccretsiz bulut depolama.<\/p>\n<\/td>\n<\/tr>\n<tr>\n<td style=\"width:120px\">\n<p><strong>Pil s\u00fcresi<\/strong><\/p>\n<\/td>\n<td>\n<p>Tek bir \u015farj, wifi kapal\u0131 ve 13. seviyede ayd\u0131nlatma ile yar\u0131m saatlik g\u00fcnl\u00fck okumaya dayal\u0131 olarak 6 haftaya kadar s\u00fcrer. Pil \u00f6mr\u00fc kullan\u0131ma g\u00f6re de\u011fi\u015febilir.<\/p>\n<\/td>\n<\/tr>\n<tr>\n<td style=\"width:120px\">\n<p><strong>\u015earj s\u00fcresi<\/strong><\/p>\n<\/td>\n<td>\n<p>100% pil, USB kablosuyla bir bilgisayara ba\u011fland\u0131\u011f\u0131nda yakla\u015f\u0131k 4 saatte veya USB ile 9 W g\u00fc\u00e7 adapt\u00f6r\u00fcne ba\u011fland\u0131\u011f\u0131nda yakla\u015f\u0131k 2 saatte \u015farj edilir.<\/p>\n<\/td>\n<\/tr>\n<tr>\n<td style=\"width:120px\">\n<p><strong>Wi-fi ba\u011flant\u0131s\u0131<\/strong><\/p>\n<\/td>\n<td>\n<p>Parola kimlik do\u011frulamas\u0131 veya wi-fi Korumal\u0131 Kurulum (WPS) arac\u0131l\u0131\u011f\u0131yla WEP, WPA ve WPA2 g\u00fcvenlik protokollerine sahip 2,4 GHz ve 5,0 GHz wi-fi a\u011flar\u0131yla uyumludur. Ge\u00e7ici wi-fi a\u011flar\u0131 ba\u011flant\u0131s\u0131yla (veya noktadan noktaya) uyumsuzdur.<\/p>\n<\/td>\n<\/tr>\n<tr>\n<td style=\"width:120px\">\n<p><strong>Eri\u015filebilirlik kaynaklar\u0131<\/strong><\/p>\n<\/td>\n<td>\n<p>Kindle, siyah ve beyaz\u0131 tersine \u00e7evirme, yaz\u0131 tipi boyutunu ve t\u00fcr\u00fcn\u00fc, sat\u0131r aral\u0131\u011f\u0131n\u0131 ve kenar bo\u015fluklar\u0131n\u0131 ayarlama yetene\u011fini i\u00e7erir.<\/p>\n<\/td>\n<\/tr>\n<\/table>\n<\/div>\n<\/div>\n<div class=\"a-column a-span6 block-content block-type-table textalign-left a-span-last\">\n<div class=\"content-grid-block\">\n<table class=\"a-bordered\">\n<tr>\n<td style=\"width:120px\">\n<p><strong>Uyumlu i\u00e7erik bi\u00e7imleri<\/strong><\/p>\n<\/td>\n<td>\n<p>Kindle 8 (AZW3), Kindle (AZW), TXT, PDF, MOBI korumas\u0131z, yerel PRC; PDF, DOCX, DOC, HTML, EPUB, TXT, RTF, JPEG, GIF, PNG, BMP format\u0131 d\u00f6n\u00fc\u015ft\u00fcrme yoluyla; ve Sesli ses dosyas\u0131 format\u0131 (AAX) hakk\u0131nda daha fazla bilgi edinin <a href=\"https:\/\/www.amazon.com.br\/gp\/help\/customer\/display.html\/?nodeId=G5WYD9SAF7PGXRNA\">ki\u015fisel belgelerle uyumlu dosya t\u00fcrleri<\/a>.<\/p>\n<\/td>\n<\/tr>\n<tr>\n<td style=\"width:120px\">\n<p><strong>Belgeler<\/strong><\/p>\n<\/td>\n<td>\n<p>Kindle cihazlar\u0131 hakk\u0131nda daha fazla bilgi edinin <a href=\"https:\/\/www.amazon.com.br\/gp\/help\/customer\/display.html?nodeId=G7N7RPHV2SW8CKBW?&amp;view-type=content-only&amp;nodl=0\">h\u0131zl\u0131 ba\u015flang\u0131\u00e7 ve kullan\u0131m k\u0131lavuzlar\u0131<\/a>.<\/p>\n<\/td>\n<\/tr>\n<tr>\n<td style=\"width:120px\">\n<p><strong>Garanti ve hizmet<\/strong><\/p>\n<\/td>\n<td>\n<p>\u00dcr\u00fcn ve hizmetler i\u00e7in 1 y\u0131l s\u0131n\u0131rl\u0131 garanti dahildir Kindle kullan\u0131m\u0131 tabidir <a href=\"https:\/\/www.amazon.com.br\/gp\/help\/customer\/display.html?nodeId=201014520\">kullan\u0131m \u015fartlar\u0131.<\/a><\/p>\n<\/td>\n<\/tr>\n<tr>\n<td style=\"width:120px\">\n<p><strong>Kutuya dahil<\/strong><\/p>\n<\/td>\n<td>\n<p>Kindle, \u015farj i\u00e7in USB-C kablosu ve <a href=\"https:\/\/www.amazon.com.br\/gp\/help\/customer\/display.html?nodeId=G7N7RPHV2SW8CKBW?&amp;view-type=content-only&amp;nodl=0\">H\u0131zl\u0131 Ba\u015flang\u0131\u00e7 K\u0131lavuzu<\/a>.<\/p>\n<\/td>\n<\/tr>\n<tr>\n<td style=\"width:120px\">\n<p><strong>Renk<\/strong><\/p>\n<\/td>\n<td>\n<p>Ye\u015fil veya siyah<\/p>\n<\/td>\n<\/tr>\n<tr>\n<td style=\"width:120px\">\n<p><strong>Nesil<\/strong><\/p>\n<\/td>\n<td>\n<p>Kindle (11. nesil) 2024 model y\u0131l\u0131.<\/p>\n<\/td>\n<\/tr>\n<tr>\n<td style=\"width:120px\">\n<p><strong>Yaz\u0131l\u0131m g\u00fcvenli\u011fi g\u00fcncellemeleri<\/strong><\/p>\n<\/td>\n<td>\n<p>Bu cihaz, cihaz\u0131n web sitelerimizde yeni bir s\u00fcr\u00fcc\u00fc olarak en son sat\u0131n al\u0131nabilmesinden en az d\u00f6rt y\u0131l sonras\u0131na kadar garantili yaz\u0131l\u0131m g\u00fcvenli\u011fi g\u00fcncellemeleri al\u0131r. <a href=\"https:\/\/www.amazon.com.br\/gp\/help\/customer\/display.html?nodeId=GF3LDHSB5YM9BYF7\">Daha fazla bilgi edinin<\/a> bu yaz\u0131l\u0131m g\u00fcvenlik g\u00fcncellemeleri hakk\u0131nda.zaten bir Kindle E-okuyucunuz varsa sayfaya gidin <a href=\"https:\/\/www.amazon.com.br\/hz\/mycd\/digital-console\/contentlist\/booksAll\/dateDsc\/\">\u0130\u00e7eri\u011finizi ve cihazlar\u0131n\u0131z\u0131 y\u00f6netin<\/a> cihaz\u0131n\u0131za \u00f6zel bilgi edinmek i\u00e7in.<\/p>\n<\/td>\n<\/tr>\n<tr>\n<td style=\"width:120px\">\n<p><strong>Anatel ID'nin<\/strong><\/p>\n<\/td>\n<td>\n<p>08205-22-01698<\/p>\n<\/td>\n<\/tr>\n<\/table>\n<\/div>\n<\/div>\n<\/div>\n<\/div>\n<\/div><\/div>","protected":false},"excerpt":{"rendered":"<p>Hafif ve kompakt olan bu siyah Kindle, k\u00fct\u00fcphaneniz i\u00e7in 16 GB depolama alan\u0131yla daha rahat okuma imkan\u0131 sunar. Temel \u00f6zellikler aras\u0131nda daha h\u0131zl\u0131 sayfa de\u011fi\u015fiklikleri ve ayarlanabilir \u00f6n \u0131\u015f\u0131k, her t\u00fcrl\u00fc ayd\u0131nlatmada okuma konforu sa\u011flar.<\/p>","protected":false},"featured_media":0,"comment_status":"open","ping_status":"closed","template":"","meta":[],"product_cat":[1593],"product_tag":[2568,2569,2570],"class_list":{"0":"post-94168","1":"product","2":"type-product","3":"status-publish","4":"product_brand-marca-amazon","5":"product_cat-sem-categoria","6":"product_tag-kindle-16gb-geracao-mais-recente-tela-antirreflexo-iluminacao-frontal","7":"product_tag-kindle-leve-e-compacto-para-leitura-em-casa-e-viagens","8":"product_tag-kindle-preta-amazon-bateria-de-longa-duracao-trocas-de-pagina-rapidas","10":"first","11":"instock","12":"shipping-taxable","13":"purchasable","14":"product-type-variable"},"aioseo_notices":[],"_links":{"self":[{"href":"https:\/\/www.ecommerceupdate.com.br\/tr\/wp-json\/wp\/v2\/product\/94168","targetHints":{"allow":["GET"]}}],"collection":[{"href":"https:\/\/www.ecommerceupdate.com.br\/tr\/wp-json\/wp\/v2\/product"}],"about":[{"href":"https:\/\/www.ecommerceupdate.com.br\/tr\/wp-json\/wp\/v2\/types\/product"}],"replies":[{"embeddable":true,"href":"https:\/\/www.ecommerceupdate.com.br\/tr\/wp-json\/wp\/v2\/comments?post=94168"}],"wp:attachment":[{"href":"https:\/\/www.ecommerceupdate.com.br\/tr\/wp-json\/wp\/v2\/media?parent=94168"}],"wp:term":[{"taxonomy":"product_cat","embeddable":true,"href":"https:\/\/www.ecommerceupdate.com.br\/tr\/wp-json\/wp\/v2\/product_cat?post=94168"},{"taxonomy":"product_tag","embeddable":true,"href":"https:\/\/www.ecommerceupdate.com.br\/tr\/wp-json\/wp\/v2\/product_tag?post=94168"}],"curies":[{"name":"wp","href":"https:\/\/api.w.org\/{rel}","templated":true}]}}