{"id":94174,"date":"2026-03-09T04:16:28","date_gmt":"2026-03-09T07:16:28","guid":{"rendered":"https:\/\/www.ecommerceupdate.com.br\/produto\/como-ganhar-dinheiro-na-shopee-em-30-dias-para-iniciantes\/"},"modified":"2026-03-13T15:52:51","modified_gmt":"2026-03-13T18:52:51","slug":"como-ganhar-dinheiro-na-shopee-em-30-dias-para-iniciantes","status":"publish","type":"product","link":"https:\/\/www.ecommerceupdate.com.br\/tr\/produto\/como-ganhar-dinheiro-na-shopee-em-30-dias-para-iniciantes\/","title":{"rendered":"Shopee'de 30 G\u00fcnde Nas\u0131l Para Kazan\u0131l\u0131r: Yeni ba\u015flayanlar i\u00e7in"},"content":{"rendered":"<div class=\"woocommerce-product-details\"><\/div>","protected":false},"excerpt":{"rendered":"<p>Shopee'de 30 G\u00fcnde Nas\u0131l Para Kazan\u0131l\u0131r, Shopee ortakl\u0131k program\u0131n\u0131 kullanarak s\u0131f\u0131rdan ba\u015flamak ve ger\u00e7ek bir gelir elde etmek isteyenler i\u00e7in olu\u015fturulmu\u015f, do\u011frudan, pratik ve tamamen sonu\u00e7 odakl\u0131 bir rehberdir. Bu e-kitapta \u015funlar\u0131 \u00f6\u011freneceksiniz: Shopee \u0130\u015ftirakleri ve Etkileyicileri program\u0131 nas\u0131l \u00e7al\u0131\u015f\u0131r.En \u00e7ok satan \u00fcr\u00fcnler nelerdir ve bunlar\u0131 h\u0131zl\u0131 bir \u015fekilde nas\u0131l bulabilirsiniz. G\u00f6r\u00fcnmeden bile TikTok, Instagram ve YouTube Shorts'ta viral hale gelen basit i\u00e7erik nas\u0131l olu\u015fturulur. Sat\u0131\u015flar\u0131n\u0131z\u0131 ger\u00e7ekle\u015ftirmek i\u00e7in Ba\u015far\u0131n\u0131n 3 S\u00fctunu'nun sistemi.30 g\u00fcnl\u00fck tam bir plan, geliri katlamaya ba\u015flayacak.<\/p>","protected":false},"featured_media":94174,"comment_status":"open","ping_status":"closed","template":"","meta":[],"product_cat":[1611,1608,1607],"product_tag":[],"class_list":{"0":"post-94174","1":"product","2":"type-product","3":"status-publish","4":"has-post-thumbnail","6":"product_brand-por-maycon-nait-pereira-autor-formato-ebook-kindle","7":"product_cat-administracao-negocios-e-economia","8":"product_cat-ebooks-kindle","9":"product_cat-loja-kindle","11":"first","12":"instock","13":"shipping-taxable","14":"purchasable","15":"product-type-simple"},"aioseo_notices":[],"_links":{"self":[{"href":"https:\/\/www.ecommerceupdate.com.br\/tr\/wp-json\/wp\/v2\/product\/94174","targetHints":{"allow":["GET"]}}],"collection":[{"href":"https:\/\/www.ecommerceupdate.com.br\/tr\/wp-json\/wp\/v2\/product"}],"about":[{"href":"https:\/\/www.ecommerceupdate.com.br\/tr\/wp-json\/wp\/v2\/types\/product"}],"replies":[{"embeddable":true,"href":"https:\/\/www.ecommerceupdate.com.br\/tr\/wp-json\/wp\/v2\/comments?post=94174"}],"wp:featuredmedia":[{"embeddable":true,"href":"https:\/\/www.ecommerceupdate.com.br\/tr\/wp-json\/wp\/v2\/product\/94174"}],"wp:attachment":[{"href":"https:\/\/www.ecommerceupdate.com.br\/tr\/wp-json\/wp\/v2\/media?parent=94174"}],"wp:term":[{"taxonomy":"product_cat","embeddable":true,"href":"https:\/\/www.ecommerceupdate.com.br\/tr\/wp-json\/wp\/v2\/product_cat?post=94174"},{"taxonomy":"product_tag","embeddable":true,"href":"https:\/\/www.ecommerceupdate.com.br\/tr\/wp-json\/wp\/v2\/product_tag?post=94174"}],"curies":[{"name":"wp","href":"https:\/\/api.w.org\/{rel}","templated":true}]}}