{"id":94175,"date":"2026-03-09T04:16:34","date_gmt":"2026-03-09T07:16:34","guid":{"rendered":"https:\/\/www.ecommerceupdate.com.br\/produto\/manual-de-venda-de-sucesso-na-shopee\/"},"modified":"2026-05-13T10:52:18","modified_gmt":"2026-05-13T13:52:18","slug":"manual-de-venda-de-sucesso-na-shopee","status":"publish","type":"product","link":"https:\/\/www.ecommerceupdate.com.br\/tr\/produto\/manual-de-venda-de-sucesso-na-shopee\/","title":{"rendered":"Shopee'de ba\u015far\u0131l\u0131 sat\u0131\u015f k\u0131lavuzu"},"content":{"rendered":"<div class=\"woocommerce-product-details\"><\/div>","protected":false},"excerpt":{"rendered":"<p>Ziyaretleri sat\u0131n almalara d\u00f6n\u00fc\u015ft\u00fcren ve k\u00e2r\u0131n\u0131z\u0131 istikrarl\u0131 bir \u015fekilde art\u0131ran kan\u0131tlanm\u0131\u015f tekniklerle Shopee'deki sat\u0131\u015flar\u0131n\u0131z\u0131 art\u0131r\u0131n Victor Lemos taraf\u0131ndan yaz\u0131lan k\u0131lavuz, Kindle eBook format\u0131nda sunulan reklamlar\u0131, envanter y\u00f6netimini ve m\u00fc\u015fteri hizmetlerini optimize etmek i\u00e7in ad\u0131m ad\u0131m pratik bir y\u00f6ntem sunuyor. Yaln\u0131zca R$ 24.99 i\u00e7in, uygulamay\u0131 kolayla\u015ft\u0131rmak i\u00e7in ger\u00e7ek \u00f6rnekler ve kontrol listeleriyle, halihaz\u0131rda uygulamak ve sonu\u00e7lar\u0131n\u0131z\u0131 h\u0131zland\u0131rmak i\u00e7in uygulanabilir stratejilere eri\u015febileceksiniz.<\/p>","protected":false},"featured_media":94175,"comment_status":"open","ping_status":"closed","template":"","meta":[],"product_cat":[1611,1595,1618],"product_tag":[2299,2300,2301],"class_list":{"0":"post-94175","1":"product","2":"type-product","3":"status-publish","4":"has-post-thumbnail","5":"product_brand-por-victor-lemos-autor-formato-ebook-kindle","6":"product_cat-administracao-negocios-e-economia","7":"product_cat-livros","8":"product_cat-marketing-e-vendas","9":"product_tag-ebook-kindle-shopee-guia-de-vendas","10":"product_tag-estrategias-de-vendas-shopee-para-lojistas","11":"product_tag-victor-lemos-shopee-livro-de-negocios","13":"first","14":"instock","15":"shipping-taxable","16":"purchasable","17":"product-type-simple"},"aioseo_notices":[],"_links":{"self":[{"href":"https:\/\/www.ecommerceupdate.com.br\/tr\/wp-json\/wp\/v2\/product\/94175","targetHints":{"allow":["GET"]}}],"collection":[{"href":"https:\/\/www.ecommerceupdate.com.br\/tr\/wp-json\/wp\/v2\/product"}],"about":[{"href":"https:\/\/www.ecommerceupdate.com.br\/tr\/wp-json\/wp\/v2\/types\/product"}],"replies":[{"embeddable":true,"href":"https:\/\/www.ecommerceupdate.com.br\/tr\/wp-json\/wp\/v2\/comments?post=94175"}],"wp:featuredmedia":[{"embeddable":true,"href":"https:\/\/www.ecommerceupdate.com.br\/tr\/wp-json\/wp\/v2\/product\/94175"}],"wp:attachment":[{"href":"https:\/\/www.ecommerceupdate.com.br\/tr\/wp-json\/wp\/v2\/media?parent=94175"}],"wp:term":[{"taxonomy":"product_cat","embeddable":true,"href":"https:\/\/www.ecommerceupdate.com.br\/tr\/wp-json\/wp\/v2\/product_cat?post=94175"},{"taxonomy":"product_tag","embeddable":true,"href":"https:\/\/www.ecommerceupdate.com.br\/tr\/wp-json\/wp\/v2\/product_tag?post=94175"}],"curies":[{"name":"wp","href":"https:\/\/api.w.org\/{rel}","templated":true}]}}