{"id":94359,"date":"2026-03-12T13:41:33","date_gmt":"2026-03-12T16:41:33","guid":{"rendered":"https:\/\/www.ecommerceupdate.com.br\/produto\/gestao-e-operacao-de-e-commerce-da-estrategia-a-pratica\/"},"modified":"2026-03-13T15:57:38","modified_gmt":"2026-03-13T18:57:38","slug":"gestao-e-operacao-de-e-commerce-da-estrategia-a-pratica","status":"publish","type":"product","link":"https:\/\/www.ecommerceupdate.com.br\/tr\/produto\/gestao-e-operacao-de-e-commerce-da-estrategia-a-pratica\/","title":{"rendered":"E-ticaret Y\u00f6netimi ve \u0130\u015fletimi &amp; Stratejiden Uygulamaya"},"content":{"rendered":"<div class=\"woocommerce-product-details\">\n<h3>\u00dcr\u00fcn detaylar\u0131<\/h3>\n<ul>\n<li>ASIN: B0F48PH9VJ<\/li>\n<li>Eri\u015filebilirlik: Daha fazla bilgi edinin<\/li>\n<li>Yay\u0131n tarihi: 9 Nisan 2025<\/li>\n<li>Dil: Portekizce<\/li>\n<li>Dosya boyutu: 176 KB<\/li>\n<li>Ekran okuyucu : Uyumlu<\/li>\n<li>Yaz\u0131 Tipi Yap\u0131land\u0131rmas\u0131 : Etkin<\/li>\n<li>Kelime Bilgisi \u0130pu\u00e7lar\u0131: Etkin de\u011fil<\/li>\n<li>Sayfa say\u0131s\u0131: 127 sayfa<\/li>\n<li>Sayfa \u00c7evirme: Etkin<\/li>\n<li>Okuma ya\u015f\u0131: 15 18 y\u0131l<\/li>\n<li>En \u00c7ok Satanlar s\u0131ralamas\u0131: Kindle Store'da 77.693 numara (Kindle Store kategorisinde \u0130lk 100 ile tan\u0131\u015f\u0131n) Bilgisayar, internet ve dijital medyada 912 numara \u0130\u015fletme ve Ekonomi'de 2.702 numara<\/li>\n<li>912 Bilgisayar, \u0130nternet ve dijital medyada<\/li>\n<li>\u0130\u015fletme ve Ekonomi alan\u0131nda 2.702<\/li>\n<li>M\u00fc\u015fteri Yorumlar\u0131: 5,0 5 \u00fczerinden 5,0 y\u0131ld\u0131z (2)<\/li>\n<\/ul><\/div>","protected":false},"excerpt":{"rendered":"<p>E-ticaret Y\u00f6netimi ve \u0130\u015fletimi &amp; Stratejiden Uygulamaya<\/p>\n<p>Dijital d\u00fcnyada ger\u00e7ek sonu\u00e7lara bilginizi \u00e7evirin!bu kitap, modern ve verimli bir e-ticaretin y\u00f6netimi, i\u015fletimi ve stratejilerinde ustala\u015fmak isteyenler i\u00e7in eksiksiz ve didaktik bir rehberdir.Pratik ve eri\u015filebilir bir \u015fekilde yaz\u0131lm\u0131\u015f, E-ticaretin Y\u00f6netimi ve \u0130\u015fletimi (Stratejiden Uygulamaya, dijital pazarda hareket etmek veya zaten hareket etmek isteyenler i\u00e7in mesleki deneyimleri, teorik temelleri ve ger\u00e7ek uygulamalar\u0131 bir araya getirir.E\u011fer pazarlama, lojistik veya y\u00f6netim alan\u0131nda giri\u015fimci, y\u00f6netici, \u00f6\u011frenci veya profesyonel iseniz, burada e-ticaret yolculu\u011funuz i\u00e7in vazge\u00e7ilmez bir malzeme bulacaks\u0131n\u0131z.<\/p>\n<p>Bu kitapta \u00f6\u011frenecekleriniz: \u2714 E-ticaret Y\u00f6netimi \u2014 \u00c7evrimi\u00e7i bir i\u015fletme nas\u0131l planlan\u0131r, yap\u0131land\u0131r\u0131l\u0131r ve y\u00f6netilir.\u2714 Dijital Pazarlama ve Sat\u0131\u015f \u2014 M\u00fc\u015fterileri \u00e7ekmek, d\u00f6n\u00fc\u015ft\u00fcrmek ve elde tutmak i\u00e7in pratik stratejiler.\u2714 Lojistik ve M\u00fc\u015fteri Hizmetleri \u2714 De\u011fer ve olumlu deneyim sunmak i\u00e7in iyi uygulamalar ve \u00e7\u00f6z\u00fcmler.\u2714 Finansal ve Operasyonel Y\u00f6netim \u2714 Kontrol, analiz ve stratejik karar verme.\u2714 M\u00fc\u015fteri Deneyimi \u2714 Dijital ortamda nas\u0131l keyif al\u0131n\u0131r ve kal\u0131c\u0131 ili\u015fki olu\u015fturulur.\u2714 Pratik Durumlar, A\u00e7\u0131klay\u0131c\u0131 \u00c7er\u00e7eveler ve Grafikler \u2714 \u00d6\u011frenmeyi kolayla\u015ft\u0131rmak i\u00e7in g\u00f6rsel ve do\u011frudan \u0130\u00e7erik.<\/p>\n<p>Bu kitap kimin i\u00e7in?<\/p>\n<p><span>E-ticaretini olu\u015fturmak veya profesyonelle\u015ftirmek isteyen giri\u015fimciler.<\/span><\/p>\n<p>E-ticaretini olu\u015fturmak veya profesyonelle\u015ftirmek isteyen giri\u015fimciler.<\/p>\n<p><span>Y\u00f6netim, Pazarlama, Lojistik ve \u0130\u015fletme Y\u00f6netimi \u00d6\u011frencileri.<\/span><\/p>\n<p>Y\u00f6netim, Pazarlama, Lojistik ve \u0130\u015fletme Y\u00f6netimi \u00d6\u011frencileri.<\/p>\n<p><span>Dijital pazarda pratik ve teorik g\u00fcncelleme arayan profesyoneller.<\/span><\/p>\n<p>Dijital pazarda pratik ve teorik g\u00fcncelleme arayan profesyoneller.<\/p>\n<p><span>G\u00fcvenli bir \u015fekilde online i\u015f kurmak ve plan yapmak isteyen ki\u015filer.<\/p>\n<p><\/span><span class=\"a-text-bold\">Bu kitab\u0131 neden okuyas\u0131n\u0131z ki?<\/span><\/p>\n<p><span>E-ticaret Brezilya'da ve d\u00fcnyada en h\u0131zl\u0131 b\u00fcy\u00fcyen sekt\u00f6rlerden biridir.Ancak bir\u00e7ok i\u015fletme y\u00f6netim, planlama ve verimli \u00e7al\u0131\u015fma eksikli\u011fi nedeniyle ba\u015far\u0131s\u0131z olmaktad\u0131r.<\/span><\/p>\n<p><span>Bu kitap bu bo\u015flu\u011fu doldurmak ve eksiksiz, g\u00fcncel, uygulamaya dayal\u0131 bir materyal sa\u011flamak i\u00e7in yaz\u0131lm\u0131\u015ft\u0131r.<\/span><\/p>\n<p><span>Pratikte dijital ya\u015fayanlardan \u00f6\u011frenin Yeni ekonominin zorluklar\u0131 ve f\u0131rsatlar\u0131 i\u00e7in haz\u0131rlanm\u0131\u015f bir e-ticaret y\u00f6neticisi olun.<\/span><\/p>\n<p>G\u00fcvenli bir \u015fekilde online i\u015f kurmak ve plan yapmak isteyen ki\u015filer.<\/p>\n<p>Neden bu kitab\u0131 okumak?E-ticaret Brezilya ve d\u00fcnyada en h\u0131zl\u0131 b\u00fcy\u00fcyen sekt\u00f6rlerden biridir.y\u00f6netim, planlama ve verimli operasyon eksikli\u011fi nedeniyle Ancak, bir\u00e7ok i\u015fletme ba\u015far\u0131s\u0131z.Bu kitap bu bo\u015flu\u011fu doldurmak ve piyasa prati\u011fine dayal\u0131, g\u00fcncellenmi\u015f ve eksiksiz bir materyal sa\u011flamak i\u00e7in yaz\u0131lm\u0131\u015ft\u0131r.Pratikte dijital ya\u015fayanlarla \u00f6\u011frenin.yeni ekonominin zorluklar\u0131 ve f\u0131rsatlar\u0131 i\u00e7in haz\u0131rlanm\u0131\u015f bir e-ticaret y\u00f6neticisi olun.<\/p>","protected":false},"featured_media":94359,"comment_status":"open","ping_status":"closed","template":"","meta":[],"product_cat":[1611,1608,1607],"product_tag":[],"class_list":{"0":"post-94359","1":"product","2":"type-product","3":"status-publish","4":"has-post-thumbnail","6":"product_brand-por-vincius-germano-autor-formato-ebook-kindle","7":"product_cat-administracao-negocios-e-economia","8":"product_cat-ebooks-kindle","9":"product_cat-loja-kindle","11":"first","12":"instock","13":"shipping-taxable","14":"purchasable","15":"product-type-simple"},"aioseo_notices":[],"_links":{"self":[{"href":"https:\/\/www.ecommerceupdate.com.br\/tr\/wp-json\/wp\/v2\/product\/94359","targetHints":{"allow":["GET"]}}],"collection":[{"href":"https:\/\/www.ecommerceupdate.com.br\/tr\/wp-json\/wp\/v2\/product"}],"about":[{"href":"https:\/\/www.ecommerceupdate.com.br\/tr\/wp-json\/wp\/v2\/types\/product"}],"replies":[{"embeddable":true,"href":"https:\/\/www.ecommerceupdate.com.br\/tr\/wp-json\/wp\/v2\/comments?post=94359"}],"wp:featuredmedia":[{"embeddable":true,"href":"https:\/\/www.ecommerceupdate.com.br\/tr\/wp-json\/wp\/v2\/product\/94359"}],"wp:attachment":[{"href":"https:\/\/www.ecommerceupdate.com.br\/tr\/wp-json\/wp\/v2\/media?parent=94359"}],"wp:term":[{"taxonomy":"product_cat","embeddable":true,"href":"https:\/\/www.ecommerceupdate.com.br\/tr\/wp-json\/wp\/v2\/product_cat?post=94359"},{"taxonomy":"product_tag","embeddable":true,"href":"https:\/\/www.ecommerceupdate.com.br\/tr\/wp-json\/wp\/v2\/product_tag?post=94359"}],"curies":[{"name":"wp","href":"https:\/\/api.w.org\/{rel}","templated":true}]}}