{"id":94367,"date":"2026-03-12T13:43:24","date_gmt":"2026-03-12T16:43:24","guid":{"rendered":"https:\/\/www.ecommerceupdate.com.br\/produto\/logistica-reversa-casos-praticos-portuguese-edition\/"},"modified":"2026-03-13T15:59:02","modified_gmt":"2026-03-13T18:59:02","slug":"logistica-reversa-casos-praticos-portuguese-edition","status":"publish","type":"product","link":"https:\/\/www.ecommerceupdate.com.br\/tr\/produto\/logistica-reversa-casos-praticos-portuguese-edition\/","title":{"rendered":"Tersine Lojistik: Pratik Durumlar (\u0130ngilizce Bask\u0131)"},"content":{"rendered":"<div class=\"woocommerce-product-details\">\n<h3>\u00dcr\u00fcn detaylar\u0131<\/h3>\n<ul>\n<li>Yay\u0131nc\u0131: Ba\u011f\u0131ms\u0131z olarak yay\u0131nland\u0131<\/li>\n<li>Yay\u0131n tarihi: 29 Ekim 2017<\/li>\n<li>Dil: Portekizce<\/li>\n<li>Sayfa say\u0131s\u0131: 116 sayfa<\/li>\n<li>ISBN-10:1973177536<\/li>\n<li>ISBN-13:978-1973177531<\/li>\n<li>\u00dcr\u00fcn a\u011f\u0131rl\u0131\u011f\u0131: 231g<\/li>\n<li>Boyutlar: 15,24 x 0,74 x 22,86 cm<\/li>\n<li>M\u00fc\u015fteri puanlar\u0131: 5,0 5 \u00fczerinden 5,0 y\u0131ld\u0131z (1)<\/li>\n<\/ul><\/div>","protected":false},"excerpt":{"rendered":"<p>Bu kitap, DeVry Joao Pessoa Fak\u00fcltesi Lojistikte Teknoloji dersi \u00f6\u011frencilerinin Y\u00f6netim Disiplininde Temel Teknolojik Temalar \u00fczerine 2015 ve 2016 y\u0131llar\u0131 aras\u0131ndaki ara\u015ft\u0131rmalar\u0131n\u0131n sonu\u00e7lar\u0131n\u0131 sunmaktad\u0131r.<\/p>","protected":false},"featured_media":94367,"comment_status":"open","ping_status":"closed","template":"","meta":[],"product_cat":[1611,1595,1697],"product_tag":[],"class_list":{"0":"post-94367","1":"product","2":"type-product","3":"status-publish","4":"has-post-thumbnail","6":"product_brand-por-edilon-mendes-nunes-autor","7":"product_cat-administracao-negocios-e-economia","8":"product_cat-livros","9":"product_cat-livros-de-referencia","11":"first","12":"instock","13":"shipping-taxable","14":"purchasable","15":"product-type-simple"},"aioseo_notices":[],"_links":{"self":[{"href":"https:\/\/www.ecommerceupdate.com.br\/tr\/wp-json\/wp\/v2\/product\/94367","targetHints":{"allow":["GET"]}}],"collection":[{"href":"https:\/\/www.ecommerceupdate.com.br\/tr\/wp-json\/wp\/v2\/product"}],"about":[{"href":"https:\/\/www.ecommerceupdate.com.br\/tr\/wp-json\/wp\/v2\/types\/product"}],"replies":[{"embeddable":true,"href":"https:\/\/www.ecommerceupdate.com.br\/tr\/wp-json\/wp\/v2\/comments?post=94367"}],"wp:featuredmedia":[{"embeddable":true,"href":"https:\/\/www.ecommerceupdate.com.br\/tr\/wp-json\/wp\/v2\/product\/94367"}],"wp:attachment":[{"href":"https:\/\/www.ecommerceupdate.com.br\/tr\/wp-json\/wp\/v2\/media?parent=94367"}],"wp:term":[{"taxonomy":"product_cat","embeddable":true,"href":"https:\/\/www.ecommerceupdate.com.br\/tr\/wp-json\/wp\/v2\/product_cat?post=94367"},{"taxonomy":"product_tag","embeddable":true,"href":"https:\/\/www.ecommerceupdate.com.br\/tr\/wp-json\/wp\/v2\/product_tag?post=94367"}],"curies":[{"name":"wp","href":"https:\/\/api.w.org\/{rel}","templated":true}]}}