{"id":94403,"date":"2026-03-13T08:58:16","date_gmt":"2026-03-13T11:58:16","guid":{"rendered":"https:\/\/www.ecommerceupdate.com.br\/produto\/pelicula-para-kindle-11a-geracao-2024-e-2022-rs23cv-e-c2v2l3-6-polegadas-antirreflexo-fosca-fd-acessorios\/"},"modified":"2026-03-13T16:00:49","modified_gmt":"2026-03-13T19:00:49","slug":"pelicula-para-kindle-11a-geracao-2024-e-2022-rs23cv-e-c2v2l3-6-polegadas-antirreflexo-fosca-fd-acessorios","status":"publish","type":"product","link":"https:\/\/www.ecommerceupdate.com.br\/tr\/produto\/pelicula-para-kindle-11a-geracao-2024-e-2022-rs23cv-e-c2v2l3-6-polegadas-antirreflexo-fosca-fd-acessorios\/","title":{"rendered":"Kindle 11. Nesil 2024 ve 2022 (RS23CV ve C2V2L3) 6\u2033 \u0130n\u00e7ler ve Yans\u0131ma \u00d6nleyici ve Fosca 11. Nesil (RS23CV ve C2V2L3) Aksesuarlar\u0131 \u0130\u00e7in Film"},"content":{"rendered":"<div class=\"woocommerce-product-details\">\n<div id=\"aplus_feature_div\" class=\"celwidget pd_rd_w-nkJHv pd_rd_r-MYVC35J8QT3QKX7WXCHX pd_rd_wg-hg5Ip\" data-feature-name=\"aplus\" data-csa-c-type=\"widget\" data-csa-c-content-id=\"aplus\" data-csa-c-slot-id=\"aplus_feature_div\" data-csa-c-asin=\"\" data-csa-c-is-in-initial-active-row=\"false\">\n<div id=\"aplus\" class=\"a-section a-spacing-large bucket\">\n<h3 class=\"\">\u00dcr\u00fcn a\u00e7\u0131klamas\u0131<\/h3>\n<div lang=\"pt_BR\">\n<div class=\"aplus-v2 desktop celwidget\">\n<div class=\"celwidget aplus-module module-11 aplus-standard\">\n<div class=\"aplus-module-wrapper apm-spacing apm-floatnone apm-fixed-width\">\n<div class=\"apm-sidemodule aplus-module-content\">\n<div class=\"apm-hero-image\"> <img decoding=\"async\" alt=\"Kindle 11. Nesil 2024 ve 2022 Filmi (RS23CV ve C2V2L3) 6&quot; \u0130n\u00e7\" src=\"https:\/\/m.media-amazon.com\/images\/S\/aplus-media-library-service-media\/9174da4b-8ed6-4700-9ab5-2a43fbd58ac8.__CR0,0,970,300_PT0_SX970_V1___.png\" \/> <\/div>\n<\/p>\n<\/div>\n<\/div>\n<\/div>\n<div class=\"celwidget aplus-module module-9 aplus-standard\">\n<div class=\"aplus-module-wrapper apm-fixed-width apm-spacing\">\n<div class=\"apm-flex\">\n<div class=\"apm-flex-item-third-width\">\n<p class=\"apm-text-center\"> <img decoding=\"async\" alt=\"Kindle 11. Nesil 2024 ve 2022 Filmi (RS23CV ve C2V2L3) 6&quot; \u0130n\u00e7\" src=\"https:\/\/m.media-amazon.com\/images\/S\/aplus-media-library-service-media\/84810b18-ab85-4c32-8c24-890c7ac01820.__CR0,0,300,300_PT0_SX300_V1___.png\" \/> <\/p>\n<p> Do\u011fru uyumluluk ve Kindle 11. Nesil 2024 ve 2022 (RS23CV ve C2V2L3) 6 i\u00e7in \u00f6zel olarak tasarlanm\u0131\u015f, do\u011fru kesik ve y\u00fcksek dokunma hassasiyetine sahip Film. <\/p>\n<\/p>\n<\/div>\n<div class=\"apm-flex-item-third-width\">\n<p class=\"apm-text-center\"> <img decoding=\"async\" alt=\"Kindle 11. Nesil 2024 ve 2022 Filmi (RS23CV ve C2V2L3) 6&quot; \u0130n\u00e7\" src=\"https:\/\/m.media-amazon.com\/images\/S\/aplus-media-library-service-media\/c456b680-be5b-40a6-96f9-9d215b8604aa.__CR0,0,300,300_PT0_SX300_V1___.png\" \/> <\/p>\n<p> Kindle 11th Generation 2024 ve 2022 i\u00e7in hassas kesim ve \u00f6zel uyumlulukla, tam dokunma hassasiyetini ve kolay uygulamay\u0131, kabarc\u0131ks\u0131z ve uzun dayan\u0131kl\u0131l\u0131\u011f\u0131 korur. <\/p>\n<\/p>\n<\/div>\n<div class=\"apm-flex-item-third-width\">\n<p class=\"apm-text-center\"> <img decoding=\"async\" alt=\"Kindle 11. Nesil 2024 ve 2022 Filmi (RS23CV ve C2V2L3) 6&quot; \u0130n\u00e7\" src=\"https:\/\/m.media-amazon.com\/images\/S\/aplus-media-library-service-media\/9cac08b8-af64-4261-bac4-aecf0a62ab80.__CR0,0,300,300_PT0_SX300_V1___.png\" \/> <\/p>\n<p> Premium koruma - Ekran\u0131 \u00e7izilmelere, \u00e7izilmelere, toza ve parmak izlerine kar\u015f\u0131 korur, Kindle'\u0131 her zaman g\u00fcvende tutar. <\/p>\n<\/p>\n<\/div>\n<\/div>\n<\/div>\n<\/div>\n<div class=\"celwidget aplus-module module-11 aplus-standard\">\n<div class=\"aplus-module-wrapper apm-spacing apm-floatnone apm-fixed-width\">\n<div class=\"apm-sidemodule aplus-module-content\">\n<div class=\"apm-hero-image\"> <img decoding=\"async\" alt=\"Kindle 11. Nesil 2024 ve 2022 Filmi (RS23CV ve C2V2L3) 6&quot; \u0130n\u00e7\" src=\"https:\/\/m.media-amazon.com\/images\/S\/aplus-media-library-service-media\/34ea5cea-6e13-43b5-982e-8a3aaecbc7b6.__CR0,0,970,300_PT0_SX970_V1___.png\" \/> <\/div>\n<\/p>\n<\/div>\n<\/div>\n<\/div>\n<div class=\"celwidget aplus-module module-9 aplus-standard\">\n<div class=\"aplus-module-wrapper apm-fixed-width apm-spacing\">\n<div class=\"apm-flex\">\n<div class=\"apm-flex-item-third-width\">\n<p class=\"apm-text-center\"> <img decoding=\"async\" alt=\"Kindle 11. Nesil 2024 ve 2022 Filmi (RS23CV ve C2V2L3) 6&quot; \u0130n\u00e7\" src=\"https:\/\/m.media-amazon.com\/images\/S\/aplus-media-library-service-media\/c448a400-658e-4581-9747-d88725fbff7d.__CR0,0,300,300_PT0_SX300_V1___.png\" \/> <\/p>\n<p> Yans\u0131ma \u00f6nleyici etki (I\u015f\u0131k yans\u0131malar\u0131n\u0131 azaltan mat kaplama, i\u00e7 ve d\u0131\u015f mekanlarda rahat okuma sa\u011flar. <\/p>\n<\/p>\n<\/div>\n<div class=\"apm-flex-item-third-width\">\n<p class=\"apm-text-center\"> <img decoding=\"async\" alt=\"Kindle 11. Nesil 2024 ve 2022 Filmi (RS23CV ve C2V2L3) 6&quot; \u0130n\u00e7\" src=\"https:\/\/m.media-amazon.com\/images\/S\/aplus-media-library-service-media\/c5b68d48-3552-41b7-b477-c472405adaad.__CR0,0,300,300_PT0_SX300_V1___.png\" \/> <\/p>\n<p> Do\u011fal okuma deneyimi \u00a1Matt y\u00fczey ekran\u0131n keskinli\u011fini kaybetmeden ka\u011f\u0131d\u0131n dokusunu sim\u00fcle. <\/p>\n<\/p>\n<\/div>\n<div class=\"apm-flex-item-third-width\">\n<p class=\"apm-text-center\"> <img decoding=\"async\" alt=\"Kindle 11. Nesil 2024 ve 2022 Filmi (RS23CV ve C2V2L3) 6&quot; \u0130n\u00e7\" src=\"https:\/\/m.media-amazon.com\/images\/S\/aplus-media-library-service-media\/1d2d4225-fa61-46e6-87a7-642c31373753.__CR0,0,300,300_PT0_SX300_V1___.png\" \/> <\/p>\n<p> Kindle ekran kalitesinden \u00f6d\u00fcn vermeden kolay ve kabarc\u0131ks\u0131z uygulama ve pratik kurulum, sa\u011flam tutu\u015f ve dayan\u0131kl\u0131l\u0131k. <\/p>\n<\/p>\n<\/div>\n<\/div>\n<\/div>\n<\/div>\n<div class=\"celwidget aplus-module module-11 aplus-standard\">\n<div class=\"aplus-module-wrapper apm-spacing apm-floatnone apm-fixed-width\">\n<div class=\"apm-sidemodule aplus-module-content\">\n<div class=\"apm-hero-image\"> <img decoding=\"async\" alt=\"FD Aksesuarlar\u0131\" src=\"https:\/\/m.media-amazon.com\/images\/S\/aplus-media-library-service-media\/74dfe871-fb82-4777-9546-afa5588f71f7.__CR0,0,970,300_PT0_SX970_V1___.png\" \/> <\/div>\n<\/p>\n<\/div>\n<\/div>\n<\/div>\n<\/div>\n<\/div>\n<\/div>\n<\/div>\n<table id=\"productDetails_techSpec_section_1\" class=\"a-keyvalue prodDetTable\">\n<tr>\n<th class=\"a-color-secondary a-size-base prodDetSectionEntry\"> Sertifikasyon <\/th>\n<td class=\"a-size-base prodDetAttrValue\"> Uygulanamaz <\/td>\n<\/tr>\n<tr>\n<th class=\"a-color-secondary a-size-base prodDetSectionEntry\"> \u00d6zel \u00f6zellikler <\/th>\n<td class=\"a-size-base prodDetAttrValue\"> Yans\u0131ma \u00f6nleyici, Y\u00fczey sertli\u011fi 9 H <\/td>\n<\/tr>\n<tr>\n<th class=\"a-color-secondary a-size-base prodDetSectionEntry\"> Dikey ekran boyutu <\/th>\n<td class=\"a-size-base prodDetAttrValue\"> 6 \u0130n\u00e7 <\/td>\n<\/tr>\n<tr>\n<th class=\"a-color-secondary a-size-base prodDetSectionEntry\"> Renk <\/th>\n<td class=\"a-size-base prodDetAttrValue\"> Kindle 11. Nesil 2024 ve 2022 <\/td>\n<\/tr>\n<tr>\n<th class=\"a-color-secondary a-size-base prodDetSectionEntry\"> Bile\u015fenler dahil <\/th>\n<td class=\"a-size-base prodDetAttrValue\"> Film\/Kurulum Kiti <\/td>\n<\/tr>\n<tr>\n<th class=\"a-color-secondary a-size-base prodDetSectionEntry\"> Birim say\u0131s\u0131 <\/th>\n<td class=\"a-size-base prodDetAttrValue\"> 1 <\/td>\n<\/tr>\n<tr>\n<th class=\"a-color-secondary a-size-base prodDetSectionEntry\"> Malzeme <\/th>\n<td class=\"a-size-base prodDetAttrValue\"> Seramik <\/td>\n<\/tr>\n<tr>\n<th class=\"a-color-secondary a-size-base prodDetSectionEntry\"> Uyumlu modeller <\/th>\n<td class=\"a-size-base prodDetAttrValue\"> Kindle 11. Nesil 2022 (C2V2L3), Kindle 11. Nesil 2024 (RS23CV) <\/td>\n<\/tr>\n<tr>\n<th class=\"a-color-secondary a-size-base prodDetSectionEntry\"> \u00dcr\u00fcn a\u011f\u0131rl\u0131\u011f\u0131 <\/th>\n<td class=\"a-size-base prodDetAttrValue\"> 40G <\/td>\n<\/tr>\n<tr>\n<th class=\"a-color-secondary a-size-base prodDetSectionEntry\"> \u00dcr\u00fcn boyutlar\u0131 <\/th>\n<td class=\"a-size-base prodDetAttrValue\"> 13 X 8 x 1,27 cm; 40g <\/td>\n<\/tr>\n<tr>\n<th class=\"a-color-secondary a-size-base prodDetSectionEntry\"> Marka <\/th>\n<td class=\"a-size-base prodDetAttrValue\"> FD Aksesuarlar\u0131 <\/td>\n<\/tr>\n<tr>\n<th class=\"a-color-secondary a-size-base prodDetSectionEntry\"> Batarya m\u0131 batarya m\u0131 \u00e7al\u0131\u015f\u0131yor? <\/th>\n<td class=\"a-size-base prodDetAttrValue\"> Hay\u0131r hay\u0131r <\/td>\n<\/tr>\n<\/table><\/div>","protected":false},"excerpt":{"rendered":"<ul>\n<li> Merhaba, biz FD Aksesuarlar\u0131.en iyi kalitede \u00fcr\u00fcnleri m\u00fc\u015fterilerimize getirmeyi hedefliyoruz.  <\/li>\n<li> Do\u011fru uyumluluk ve Kindle 11. Nesil 2024 ve 2022 (RS23CV ve C2V2L3) 6 i\u00e7in \u00f6zel olarak tasarlanm\u0131\u015f, do\u011fru kesik ve y\u00fcksek dokunma hassasiyetine sahip Film.  <\/li>\n<li> Premium koruma - Ekran\u0131 \u00e7izilmelere, \u00e7izilmelere, toza ve parmak izlerine kar\u015f\u0131 korur, Kindle'\u0131 her zaman g\u00fcvende tutar.  <\/li>\n<li> Yans\u0131ma \u00f6nleyici etki (I\u015f\u0131k yans\u0131malar\u0131n\u0131 azaltan mat kaplama, i\u00e7 ve d\u0131\u015f mekanlarda rahat okuma sa\u011flar.  <\/li>\n<li> Do\u011fal okuma deneyimi \u00a1Matt y\u00fczey ekran\u0131n keskinli\u011fini kaybetmeden ka\u011f\u0131d\u0131n dokusunu sim\u00fcle.  <\/li>\n<li> Kindle ekran kalitesinden \u00f6d\u00fcn vermeden kolay ve kabarc\u0131ks\u0131z uygulama ve pratik kurulum, sa\u011flam tutu\u015f ve dayan\u0131kl\u0131l\u0131k.  <\/li>\n<\/ul>","protected":false},"featured_media":94403,"comment_status":"open","ping_status":"closed","template":"","meta":[],"product_cat":[1901,1900],"product_tag":[],"class_list":{"0":"post-94403","1":"product","2":"type-product","3":"status-publish","4":"has-post-thumbnail","6":"product_brand-visite-a-loja-fd-acessrios","7":"product_cat-e-readers-e-acessorios","8":"product_cat-eletronicos-e-tecnologia","10":"first","11":"instock","12":"sale","13":"shipping-taxable","14":"purchasable","15":"product-type-simple"},"aioseo_notices":[],"_links":{"self":[{"href":"https:\/\/www.ecommerceupdate.com.br\/tr\/wp-json\/wp\/v2\/product\/94403","targetHints":{"allow":["GET"]}}],"collection":[{"href":"https:\/\/www.ecommerceupdate.com.br\/tr\/wp-json\/wp\/v2\/product"}],"about":[{"href":"https:\/\/www.ecommerceupdate.com.br\/tr\/wp-json\/wp\/v2\/types\/product"}],"replies":[{"embeddable":true,"href":"https:\/\/www.ecommerceupdate.com.br\/tr\/wp-json\/wp\/v2\/comments?post=94403"}],"wp:featuredmedia":[{"embeddable":true,"href":"https:\/\/www.ecommerceupdate.com.br\/tr\/wp-json\/wp\/v2\/product\/94403"}],"wp:attachment":[{"href":"https:\/\/www.ecommerceupdate.com.br\/tr\/wp-json\/wp\/v2\/media?parent=94403"}],"wp:term":[{"taxonomy":"product_cat","embeddable":true,"href":"https:\/\/www.ecommerceupdate.com.br\/tr\/wp-json\/wp\/v2\/product_cat?post=94403"},{"taxonomy":"product_tag","embeddable":true,"href":"https:\/\/www.ecommerceupdate.com.br\/tr\/wp-json\/wp\/v2\/product_tag?post=94403"}],"curies":[{"name":"wp","href":"https:\/\/api.w.org\/{rel}","templated":true}]}}