{"id":94441,"date":"2026-03-13T09:19:22","date_gmt":"2026-03-13T12:19:22","guid":{"rendered":"https:\/\/www.ecommerceupdate.com.br\/produto\/capa-para-kindle-10a-geracao-2019-j9g29r-e-kindle-paperwhite-tela-de-6-polegadas-2012-2015-ey21-ou-dp75sdi-auto-hibernacao-fechamento-magnetico-ros\/"},"modified":"2026-03-13T16:03:56","modified_gmt":"2026-03-13T19:03:56","slug":"capa-para-kindle-10a-geracao-2019-j9g29r-e-kindle-paperwhite-tela-de-6-polegadas-2012-2015-ey21-ou-dp75sdi-auto-hibernacao-fechamento-magnetico-ros","status":"publish","type":"product","link":"https:\/\/www.ecommerceupdate.com.br\/tr\/produto\/capa-para-kindle-10a-geracao-2019-j9g29r-e-kindle-paperwhite-tela-de-6-polegadas-2012-2015-ey21-ou-dp75sdi-auto-hibernacao-fechamento-magnetico-ros\/","title":{"rendered":"Kindle 10. Nesil (2019 9G29R) ve Kindle Paperwhite 6 \u0130n\u00e7 Ekran (20122015 10 EY21 veya DP75SDI) ve Kindle Paperwhite 6 \u0130n\u00e7 Ekran (Kaybet) \u0130\u00e7in Kapak"},"content":{"rendered":"<div class=\"woocommerce-product-details\">\n<h3>Markas\u0131n\u0131n<\/h3>\n<div><img decoding=\"async\" src=\"https:\/\/m.media-amazon.com\/images\/S\/aplus-media-library-service-media\/62962459-2b7e-4a56-b482-8ba5eb0d153f.__CR0,217,3200,1366_PT0_SX1464_V1___.jpg\" alt=\"Marka Resmi\" style=\"max-width: 100%\"><\/div>\n<p>DEKART<\/p>\n<p> Sayfalar aras\u0131nda ya\u015fayanlar i\u00e7in.<\/p>\n<div id=\"aplus_feature_div\" class=\"celwidget pd_rd_w-vKmw2 pd_rd_r-F25DGBPJXWRHRJ5TH9N3 pd_rd_wg-gRlwS\" data-feature-name=\"aplus\" data-csa-c-type=\"widget\" data-csa-c-content-id=\"aplus\" data-csa-c-slot-id=\"aplus_feature_div\" data-csa-c-asin=\"\" data-csa-c-is-in-initial-active-row=\"false\">\n<div id=\"aplus\" class=\"a-section a-spacing-large bucket\">\n<h3 class=\"\">\u00dcr\u00fcn a\u00e7\u0131klamas\u0131<\/h3>\n<div lang=\"pt_BR\">\n<div class=\"aplus-v2 desktop celwidget\">\n<div class=\"celwidget aplus-module premium-module-2-fullbackground-text aplus-premium\">\n<div class=\"a-section a-spacing-none premium-aplus premium-aplus-module-2\">\n<div class=\"a-section a-spacing-none premium-background-wrapper\">\n<div class=\"a-section a-spacing-none background-image\"> <img decoding=\"async\" alt=\"Kindle Cover 10. Nesil\" src=\"https:\/\/m.media-amazon.com\/images\/S\/aplus-media-library-service-media\/7d1cea85-cbc5-4df4-a540-ea012d10c61c.__CR0,0,1464,600_PT0_SX1464_V1___.jpg\" \/> <\/div>\n<\/p>\n<\/div>\n<\/div>\n<\/div>\n<div class=\"celwidget aplus-module premium-module-8-hero-video aplus-premium\">\n<div class=\"a-section a-spacing-none premium-aplus premium-aplus-module-8\">\n<div class=\"a-section a-spacing-none premium-aplus-module-8-video\">\n<div class=\"a-section a-spacing-none video-container\">\n<div id=\"b30d19e9-0085-47f4-8211-f9d1dd16291f\" style=\"width:100%;height:100%\">\n<div data-csa-c-component=\"aplus-vse-video-widget\" data-csa-c-content-id=\"amzn1.vse.video.0e485a027be5479fb329d2276bfc4780\" data-csa-c-cs-type=\"vse\" data-csa-c-painter=\"vse-player\" data-csa-c-slot-id=\"aplus-ive-player\" data-csa-c-type=\"widget\" data-csa-op-log-render=\"\" class=\"a-section vse-player-container\">\n<div class=\"vse-airy-container vse-player-container none\">\n<div id=\"ive-aplus-39862-player-label-container\" data-element-id=\"ive-player-label-container\" class=\"a-section a-spacing-none ive-player-label-container\"><span class=\"a-declarative\" data-action=\"a-popover\" data-a-popover=\"{&quot;name&quot;:&quot;ive-aplus-39862-label-type-tooltip&quot;,&quot;width&quot;:&quot;300&quot;,&quot;position&quot;:&quot;triggerRight&quot;,&quot;dataStrategy&quot;:&quot;preload&quot;}\"><a href=\"\/tr\/void(0)\/\" role=\"button\" class=\"a-popover-trigger a-declarative ive-player-label-name aok-hidden\"><i class=\"a-icon a-icon-popover\"><\/i><\/a><\/span><\/p>\n<div class=\"a-popover-preload\" id=\"a-popover-ive-aplus-39862-label-type-tooltip\"><span class=\"ive-demo-label-tooltip ive-player-label-tooltip aok-hidden\">Videoda kullan\u0131lan \u00fcr\u00fcn g\u00f6sterilmektedir.<\/span><span class=\"ive-assembly-label-tooltip ive-player-label-tooltip aok-hidden\">Video, \u00fcr\u00fcn yap\u0131land\u0131rmas\u0131 boyunca size rehberlik eder.<\/span><span class=\"ive-comparison-label-tooltip ive-player-label-tooltip aok-hidden\">Video \u00e7e\u015fitli \u00fcr\u00fcnleri kar\u015f\u0131la\u015ft\u0131r\u0131yor.<\/span><span class=\"ive-unboxing-label-tooltip ive-player-label-tooltip aok-hidden\">Videoda \u00fcr\u00fcn\u00fcn ambalaj\u0131ndan \u00e7\u0131kar\u0131ld\u0131\u011f\u0131 g\u00f6r\u00fcl\u00fcyor.<\/span><\/div>\n<\/p><\/div>\n<\/p><\/div>\n<h1 class=\"vse-video-player-title\"> Kindle K\u0131l\u0131f\u0131 2024 RS23CV<\/h1>\n<p><span data-element-id=\"vse-lightPlayer-content-provider\" class=\"vse-lightPlayer-vendor a-size-mini\"> Sat\u0131c\u0131 video<\/span><\/div>\n<\/p>\n<\/div>\n<\/div>\n<\/div>\n<\/div>\n<\/div>\n<div class=\"celwidget aplus-module premium-module-2-fullbackground-image aplus-premium\">\n<div class=\"a-section a-spacing-none premium-aplus premium-aplus-module-2\">\n<div class=\"a-section a-spacing-none premium-background-wrapper\">\n<div class=\"a-section a-spacing-none background-image\"> <img decoding=\"async\" alt=\"Kindle 10. Nesil J9G29R 2019\" src=\"https:\/\/m.media-amazon.com\/images\/S\/aplus-media-library-service-media\/6111e4ed-2a5b-445b-ab58-527dd14d5fbe.__CR0,0,1464,600_PT0_SX1464_V1___.jpg\" \/> <\/div>\n<\/p>\n<\/div>\n<\/div>\n<\/div>\n<div class=\"celwidget aplus-module premium-module-2-fullbackground-image aplus-premium\">\n<div class=\"a-section a-spacing-none premium-aplus premium-aplus-module-2\">\n<div class=\"a-section a-spacing-none premium-background-wrapper\">\n<div class=\"a-section a-spacing-none background-image\"> <img decoding=\"async\" alt=\"Kindle 10. Nesil J9G29R 2019\" src=\"https:\/\/m.media-amazon.com\/images\/S\/aplus-media-library-service-media\/3a2fdf34-e913-4413-b381-b5fee3e4a143.__CR0,0,1464,600_PT0_SX1464_V1___.jpg\" \/> <\/div>\n<\/p>\n<\/div>\n<\/div>\n<\/div>\n<div class=\"celwidget aplus-module premium-module-2-fullbackground-image aplus-premium\">\n<div class=\"a-section a-spacing-none premium-aplus premium-aplus-module-2\">\n<div class=\"a-section a-spacing-none premium-background-wrapper\">\n<div class=\"a-section a-spacing-none background-image\"> <img decoding=\"async\" alt=\"Kindle 10. Nesil J9G29R 2019\" src=\"https:\/\/m.media-amazon.com\/images\/S\/aplus-media-library-service-media\/60241c6e-a078-4012-8696-16d81fe3107c.__CR0,0,1464,600_PT0_SX1464_V1___.jpg\" \/> <\/div>\n<\/p>\n<\/div>\n<\/div>\n<\/div>\n<div class=\"celwidget aplus-module premium-module-11-faq aplus-premium\">\n<div class=\"a-section a-spacing-none premium-aplus premium-aplus-module-11 aplus-secondary-color\">\n<div data-faq-block=\"5\" class=\"a-section a-spacing-none aplus-container-2 faqs-container 5\">\n<ul class=\"faq-list\">\n<li id=\"faq-qa-pair-0\" class=\"faq-block\">\n<h3> <span data-faq-question role=\"button\" aria-controls=\"faq-0\" aria-expanded=\"false\"> <\/p>\n<p class=\"aplus-question aplus-p1\"> Bu kapak hangi Kindle modeliyle uyumludur? <\/p>\n<p> <\/span> <\/h3>\n<p class=\"aplus-answer aplus-p2\"> A\u015fa\u011f\u0131daki modellerde Kindle 6\u201d in\u00e7 ile \u00f6zel olarak uyumludur: <\/p>\n<p class=\"aplus-answer aplus-p2\"> \u2713 Kindle 10th Generation &amp; J9G29R (2019'da piyasaya s\u00fcr\u00fcld\u00fc) <\/p>\n<p class=\"aplus-answer aplus-p2\"> \u2713 Kindle Paperwhite ve EY21 (2012'de yay\u0131nland\u0131) <\/p>\n<p class=\"aplus-answer aplus-p2\"> \u2713 Kindle Paperwhite ve DP75SDI (2013\/2015'te yay\u0131nland\u0131) <\/p>\n<\/li>\n<li id=\"faq-qa-pair-1\" class=\"faq-block\">\n<h3> <span data-faq-question role=\"button\" aria-controls=\"faq-1\" aria-expanded=\"false\"> <\/p>\n<p class=\"aplus-question aplus-p1\"> Kindle'\u0131m\u0131n modelini nas\u0131l bulurum? <\/p>\n<p> <\/span> <\/h3>\n<p class=\"aplus-answer aplus-p2\"> Kindle'\u0131 ters \u00e7evirin ve arkas\u0131n\u0131 kontrol edin. K\u00fc\u00e7\u00fck yaz\u0131da \u201cMODEL NO\u201d se\u00e7ene\u011fini aray\u0131n. J9G29R (Kindle 2019), EY21 (Paperwhite 2012) veya DP75SDI (Paperwhite 2013\/2015) g\u00f6r\u00fcn\u00fcyorsa model bu kapakla uyumludur. <\/p>\n<\/li>\n<li id=\"faq-qa-pair-2\" class=\"faq-block\">\n<h3> <span data-faq-question role=\"button\" aria-controls=\"faq-2\" aria-expanded=\"false\"> <\/p>\n<p class=\"aplus-question aplus-p1\"> Nedir ve kendi kendine k\u0131\u015f uykusu nas\u0131l \u00e7al\u0131\u015f\u0131r? <\/p>\n<p> <\/span> <\/h3>\n<p class=\"aplus-answer aplus-p2\"> Otomatik haz\u0131rda bekletme i\u015flevi, kapa\u011f\u0131 kapat\u0131rken uyku modunu otomatik olarak etkinle\u015ftirerek pil tasarrufu sa\u011flamaya yard\u0131mc\u0131 olur. <\/p>\n<p class=\"aplus-answer aplus-p2\"> Kapa\u011f\u0131 a\u00e7t\u0131\u011f\u0131n\u0131zda Kindle an\u0131nda yeniden etkinle\u015ftirilir ve tam olarak okuman\u0131n durduruldu\u011fu sayfaya geri d\u00f6ner. <\/p>\n<\/li>\n<li id=\"faq-qa-pair-3\" class=\"faq-block\">\n<h3> <span data-faq-question role=\"button\" aria-controls=\"faq-3\" aria-expanded=\"false\"> <\/p>\n<p class=\"aplus-question aplus-p1\"> Manyetik kapak kapatma nas\u0131l \u00e7al\u0131\u015f\u0131r? <\/p>\n<p> <\/span> <\/h3>\n<p class=\"aplus-answer aplus-p2\"> Manyetik kapak, kapa\u011fa entegre edilmi\u015f, kapan\u0131rken g\u00fcvenli bir uyum sa\u011flamak i\u00e7in hassas bir \u015fekilde konumland\u0131r\u0131lm\u0131\u015f m\u0131knat\u0131slar kullan\u0131r. <\/p>\n<p class=\"aplus-answer aplus-p2\"> Bu, Kindle'\u0131 iyi korur, istenmeyen a\u00e7\u0131kl\u0131klar\u0131 \u00f6nler ve kapa\u011f\u0131 h\u0131zl\u0131 ve rahat bir \u015fekilde a\u00e7\u0131p kapatman\u0131za olanak tan\u0131r. <\/p>\n<\/li>\n<\/ul>\n<\/div>\n<\/div>\n<\/div>\n<div class=\"celwidget aplus-module premium-module-5-comparison-table-scroller aplus-premium\">\n<div class=\"premium-aplus premium-aplus-module-5 aplus-container-3 comparison-table\">\n<h3 class=\"a-text-center aplus-h1 a-text-bold\"> Kindle 10. Nesil i\u00e7in Daha Fazla DECART Kapa\u011f\u0131n\u0131 Ke\u015ffedin <\/h3>\n<div id=\"comparison-table-container-6\" data-comparison-name=\"comparison-table-container-6\" class=\"a-section a-spacing-none table-container loading\">\n<div class=\"table-slider scroll-wrapper-bottom\">\n<table class=\"a-bordered a-horizontal-stripes scroll-width\">\n<tr>\n<td class=\"attribute empty\"><\/td>\n<th class=\"aplus-data-column top-header active active-item\"> <a class=\"a-link-normal a-text-normal\" title=\"Kindle 10a Gera \u0130\u00e7in Kapak\" href=\"\/tr\/dp\/B0GM24T87N\/?ref=emc_p_m_5_i_atc\"> <img decoding=\"async\" alt=\"\" src=\"https:\/\/m.media-amazon.com\/images\/I\/41ndD8VUlZL.__AC_SR200,225___.jpg\" \/> <\/p>\n<p class=\"product-title\"> Kindle 10a Gera \u0130\u00e7in Kapak <\/p>\n<p> <\/a> <\/th>\n<th class=\"aplus-data-column top-header\"> <a class=\"a-link-normal a-text-normal\" title=\"Kindle 10a Gera \u0130\u00e7in Kapak\" href=\"\/tr\/dp\/B0GM2S9PG4\/?ref=emc_p_m_5_i_atc\"> <img decoding=\"async\" alt=\"\" src=\"https:\/\/m.media-amazon.com\/images\/I\/41mi4HgS7TL.__AC_SR200,225___.jpg\" \/> <\/p>\n<p class=\"product-title\"> Kindle 10a Gera \u0130\u00e7in Kapak <\/p>\n<p> <\/a> <\/th>\n<th class=\"aplus-data-column top-header\"> <a class=\"a-link-normal a-text-normal\" title=\"Kindle 10a Gera \u0130\u00e7in Kapak\" href=\"\/tr\/dp\/B0GM3R564W\/?ref=emc_p_m_5_i_atc\"> <img decoding=\"async\" alt=\"\" src=\"https:\/\/m.media-amazon.com\/images\/I\/31NxEinW1hL.__AC_SR200,225___.jpg\" \/> <\/p>\n<p class=\"product-title\"> Kindle 10a Gera \u0130\u00e7in Kapak <\/p>\n<p> <\/a> <\/th>\n<th class=\"aplus-data-column top-header\"> <a class=\"a-link-normal a-text-normal\" title=\"Kindle 10a Gera \u0130\u00e7in Kapak\" href=\"\/tr\/dp\/B0GM2WXTV2\/?ref=emc_p_m_5_i_atc\"> <img decoding=\"async\" alt=\"\" src=\"https:\/\/m.media-amazon.com\/images\/I\/31PqDUcl8zL.__AC_SR200,225___.jpg\" \/> <\/p>\n<p class=\"product-title\"> Kindle 10a Gera \u0130\u00e7in Kapak <\/p>\n<p> <\/a> <\/p>\n<div class=\"add-to-cart\"> <span class=\"a-button a-button-base\"><span class=\"a-button-inner\"><a href=\"\/tr\/dp\/B0GM2WXTV2\/?ref=emc_p_m_5_i_atc\" class=\"a-button-text\"> Sat\u0131n alma se\u00e7enekleri <\/a><\/span><\/span> <\/div>\n<\/th>\n<th class=\"aplus-data-column top-header\"> <a class=\"a-link-normal a-text-normal\" title=\"Kindle 10a Gera \u0130\u00e7in Kapak\" href=\"\/tr\/dp\/B0GM372TW9\/?ref=emc_p_m_5_i_atc\"> <img decoding=\"async\" alt=\"\" src=\"https:\/\/m.media-amazon.com\/images\/I\/31Qzrk0st4L.__AC_SR200,225___.jpg\" \/> <\/p>\n<p class=\"product-title\"> Kindle 10a Gera \u0130\u00e7in Kapak <\/p>\n<p> <\/a> <\/p>\n<div class=\"add-to-cart\"> <span class=\"a-button a-button-base\"><span class=\"a-button-inner\"><a href=\"\/tr\/dp\/B0GM372TW9\/?ref=emc_p_m_5_i_atc\" class=\"a-button-text\"> Sat\u0131n alma se\u00e7enekleri <\/a><\/span><\/span> <\/div>\n<\/th>\n<\/tr>\n<tr>\n<td class=\"attribute a-text-bold\">\n<div class=\"comparison-metric-name\" data-inline-content=\"\" data-position=\"triggerRight\"> <span class=\"a-text-bold\"> M\u00fc\u015fteri yorumlar\u0131 <\/span> <\/div>\n<\/td>\n<td class=\"aplus-data-column active active-item\">\n<div class=\"\">\n<div class=\"a-size-base\"> <i class=\"a-icon a-icon-star-small a-star-small-3 a-spacing-none\"><span class=\"a-icon-alt\">5 \u00fczerinden 3,0 y\u0131ld\u0131z<\/span><\/i> <span class=\"a-size-mini a-color-base\">2<\/span> <\/div>\n<\/p>\n<\/div>\n<\/td>\n<td class=\"aplus-data-column\">\n<div class=\"\">\n<div class=\"a-size-base\"> <i class=\"a-icon a-icon-star-small a-star-small-3 a-spacing-none\"><span class=\"a-icon-alt\">5 \u00fczerinden 3,0 y\u0131ld\u0131z<\/span><\/i> <span class=\"a-size-mini a-color-base\">2<\/span> <\/div>\n<\/p>\n<\/div>\n<\/td>\n<td class=\"aplus-data-column\">\n<div class=\"\">\n<div class=\"a-size-base\"> <i class=\"a-icon a-icon-star-small a-star-small-3 a-spacing-none\"><span class=\"a-icon-alt\">5 \u00fczerinden 3,0 y\u0131ld\u0131z<\/span><\/i> <span class=\"a-size-mini a-color-base\">2<\/span> <\/div>\n<\/p>\n<\/div>\n<\/td>\n<td class=\"aplus-data-column\">\n<div class=\"\">\n<div class=\"a-size-base\"> <i class=\"a-icon a-icon-star-small a-star-small-3 a-spacing-none\"><span class=\"a-icon-alt\">5 \u00fczerinden 3,0 y\u0131ld\u0131z<\/span><\/i> <span class=\"a-size-mini a-color-base\">2<\/span> <\/div>\n<\/p>\n<\/div>\n<\/td>\n<td class=\"aplus-data-column\">\n<div class=\"\">\n<div class=\"a-size-base\"> <i class=\"a-icon a-icon-star-small a-star-small-3 a-spacing-none\"><span class=\"a-icon-alt\">5 \u00fczerinden 3,0 y\u0131ld\u0131z<\/span><\/i> <span class=\"a-size-mini a-color-base\">2<\/span> <\/div>\n<\/p>\n<\/div>\n<\/td>\n<\/tr>\n<tr>\n<td class=\"attribute a-text-bold\">\n<div class=\"comparison-metric-name\" data-inline-content=\"\" data-position=\"triggerRight\"> <span class=\"a-text-bold\"> Fiyat <\/span> <\/div>\n<\/td>\n<td class=\"aplus-data-column active active-item\"> <span class=\"description\"> <span class=\"a-price\" data-a-size=\"medium_plus\" data-a-color=\"base\"><span class=\"a-offscreen\">R$ 59.41<\/span><span aria-hidden=\"true\"><span class=\"a-price-symbol\">R$<\/span><span class=\"a-price-whole\">59<span class=\"a-price-decimal\">,<\/span><\/span><span class=\"a-price-fraction\">41<\/span><\/span><\/span> <\/span> <\/td>\n<td class=\"aplus-data-column\"> <span class=\"description\"> <span class=\"a-price\" data-a-size=\"medium_plus\" data-a-color=\"base\"><span class=\"a-offscreen\">R$ 59.41<\/span><span aria-hidden=\"true\"><span class=\"a-price-symbol\">R$<\/span><span class=\"a-price-whole\">59<span class=\"a-price-decimal\">,<\/span><\/span><span class=\"a-price-fraction\">41<\/span><\/span><\/span> <\/span> <\/td>\n<td class=\"aplus-data-column\"> <span class=\"description\"> <span class=\"a-price\" data-a-size=\"medium_plus\" data-a-color=\"base\"><span class=\"a-offscreen\">R$ 59.41<\/span><span aria-hidden=\"true\"><span class=\"a-price-symbol\">R$<\/span><span class=\"a-price-whole\">59<span class=\"a-price-decimal\">,<\/span><\/span><span class=\"a-price-fraction\">41<\/span><\/span><\/span> <\/span> <\/td>\n<td class=\"aplus-data-column\"> <span class=\"description\"> ''' <\/span> <\/td>\n<td class=\"aplus-data-column\"> <span class=\"description\"> ''' <\/span> <\/td>\n<\/tr>\n<tr>\n<td class=\"attribute a-text-bold\">\n<div class=\"comparison-metric-name\" data-inline-content=\"\" data-position=\"triggerRight\"> <span class=\"a-text-bold\"> Otomatik K\u0131\u015f Uykusu <\/span> <\/div>\n<\/td>\n<td class=\"aplus-data-column active active-item\"> <span class=\"description\"> \u2714 <\/span> <\/td>\n<td class=\"aplus-data-column\"> <span class=\"description\"> \u2714 <\/span> <\/td>\n<td class=\"aplus-data-column\"> <span class=\"description\"> \u2714 <\/span> <\/td>\n<td class=\"aplus-data-column\"> <span class=\"description\"> \u2714 <\/span> <\/td>\n<td class=\"aplus-data-column\"> <span class=\"description\"> \u2714 <\/span> <\/td>\n<\/tr>\n<tr>\n<td class=\"attribute a-text-bold\">\n<div class=\"comparison-metric-name\" data-inline-content=\"\" data-position=\"triggerRight\"> <span class=\"a-text-bold\"> Manyetik Kapatma <\/span> <\/div>\n<\/td>\n<td class=\"aplus-data-column active active-item\"> <span class=\"description\"> \u2714 <\/span> <\/td>\n<td class=\"aplus-data-column\"> <span class=\"description\"> \u2714 <\/span> <\/td>\n<td class=\"aplus-data-column\"> <span class=\"description\"> \u2714 <\/span> <\/td>\n<td class=\"aplus-data-column\"> <span class=\"description\"> \u2714 <\/span> <\/td>\n<td class=\"aplus-data-column\"> <span class=\"description\"> \u2714 <\/span> <\/td>\n<\/tr>\n<tr>\n<td class=\"attribute a-text-bold\">\n<div class=\"comparison-metric-name\" data-inline-content=\"\" data-position=\"triggerRight\"> <span class=\"a-text-bold\"> Kindle J9G29R uyumlu <\/span> <\/div>\n<\/td>\n<td class=\"aplus-data-column active active-item\"> <span class=\"description\"> \u2714 <\/span> <\/td>\n<td class=\"aplus-data-column\"> <span class=\"description\"> \u2714 <\/span> <\/td>\n<td class=\"aplus-data-column\"> <span class=\"description\"> \u2714 <\/span> <\/td>\n<td class=\"aplus-data-column\"> <span class=\"description\"> \u2714 <\/span> <\/td>\n<td class=\"aplus-data-column\"> <span class=\"description\"> \u2714 <\/span> <\/td>\n<\/tr>\n<tr>\n<td class=\"attribute a-text-bold\">\n<div class=\"comparison-metric-name\" data-inline-content=\"\" data-position=\"triggerRight\"> <span class=\"a-text-bold\"> Kindle DP75SDI uyumlu <\/span> <\/div>\n<\/td>\n<td class=\"aplus-data-column active active-item\"> <span class=\"description\"> \u2714 <\/span> <\/td>\n<td class=\"aplus-data-column\"> <span class=\"description\"> \u2714 <\/span> <\/td>\n<td class=\"aplus-data-column\"> <span class=\"description\"> \u2714 <\/span> <\/td>\n<td class=\"aplus-data-column\"> <span class=\"description\"> \u2714 <\/span> <\/td>\n<td class=\"aplus-data-column\"> <span class=\"description\"> \u2714 <\/span> <\/td>\n<\/tr>\n<tr>\n<td class=\"attribute a-text-bold\">\n<div class=\"comparison-metric-name\" data-inline-content=\"\" data-position=\"triggerRight\"> <span class=\"a-text-bold\"> Kindle EY21 uyumlu <\/span> <\/div>\n<\/td>\n<td class=\"aplus-data-column active active-item\"> <span class=\"description\"> \u2714 <\/span> <\/td>\n<td class=\"aplus-data-column\"> <span class=\"description\"> \u2714 <\/span> <\/td>\n<td class=\"aplus-data-column\"> <span class=\"description\"> \u2714 <\/span> <\/td>\n<td class=\"aplus-data-column\"> <span class=\"description\"> \u2714 <\/span> <\/td>\n<td class=\"aplus-data-column\"> <span class=\"description\"> \u2714 <\/span> <\/td>\n<\/tr>\n<tr>\n<td class=\"attribute a-text-bold\">\n<div class=\"comparison-metric-name\" data-inline-content=\"\" data-position=\"triggerRight\"> <span class=\"a-text-bold\"> Di\u011fer Renkler <\/span> <\/div>\n<\/td>\n<td class=\"aplus-data-column active active-item\"> <span class=\"description\"> \u2714 <\/span> <\/td>\n<td class=\"aplus-data-column\"> <span class=\"description\"> \u2714 <\/span> <\/td>\n<td class=\"aplus-data-column\"> <span class=\"description\"> \u2714 <\/span> <\/td>\n<td class=\"aplus-data-column\"> <span class=\"description\"> \u2714 <\/span> <\/td>\n<td class=\"aplus-data-column\"> <span class=\"description\"> \u2714 <\/span> <\/td>\n<\/tr>\n<\/table>\n<\/div>\n<\/div>\n<\/div>\n<\/div>\n<\/div>\n<\/div>\n<\/div>\n<\/div>\n<table id=\"productDetails_techSpec_section_1\" class=\"a-keyvalue prodDetTable\">\n<tr>\n<th class=\"a-color-secondary a-size-base prodDetSectionEntry\"> Sertifikasyon <\/th>\n<td class=\"a-size-base prodDetAttrValue\"> Uygulanamaz <\/td>\n<\/tr>\n<tr>\n<th class=\"a-color-secondary a-size-base prodDetSectionEntry\"> \u00d6zel \u00f6zellikler <\/th>\n<td class=\"a-size-base prodDetAttrValue\"> Otomatik Haz\u0131rda Bekletme, Manyetik Kapatma, \u0130nce, Hafif, Y\u00fcksek Kalite Koruma <\/td>\n<\/tr>\n<tr>\n<th class=\"a-color-secondary a-size-base prodDetSectionEntry\"> Bi\u00e7imlendir <\/th>\n<td class=\"a-size-base prodDetAttrValue\"> Kapak <\/td>\n<\/tr>\n<tr>\n<th class=\"a-color-secondary a-size-base prodDetSectionEntry\"> Renk <\/th>\n<td class=\"a-size-base prodDetAttrValue\"> G\u00fcl <\/td>\n<\/tr>\n<tr>\n<th class=\"a-color-secondary a-size-base prodDetSectionEntry\"> Bile\u015fenler dahil <\/th>\n<td class=\"a-size-base prodDetAttrValue\"> Kindle \u0130\u00e7in 1X Kapak <\/td>\n<\/tr>\n<tr>\n<th class=\"a-color-secondary a-size-base prodDetSectionEntry\"> Birim say\u0131s\u0131 <\/th>\n<td class=\"a-size-base prodDetAttrValue\"> 1 <\/td>\n<\/tr>\n<tr>\n<th class=\"a-color-secondary a-size-base prodDetSectionEntry\"> Malzeme <\/th>\n<td class=\"a-size-base prodDetAttrValue\"> Sentetik s\u00fcet, Poli\u00fcretan (PU) <\/td>\n<\/tr>\n<tr>\n<th class=\"a-color-secondary a-size-base prodDetSectionEntry\"> G\u00fc\u00e7 kayna\u011f\u0131 <\/th>\n<td class=\"a-size-base prodDetAttrValue\"> Uygulanamaz <\/td>\n<\/tr>\n<tr>\n<th class=\"a-color-secondary a-size-base prodDetSectionEntry\"> Uyumlu modeller <\/th>\n<td class=\"a-size-base prodDetAttrValue\"> Eski Kindle 10. Nesil (2019 5 J9G29R) ve Kindle Paperwhite (2012 2015 (10 EY21 veya DP75SDI) <\/td>\n<\/tr>\n<tr>\n<th class=\"a-color-secondary a-size-base prodDetSectionEntry\"> \u00dcr\u00fcn a\u011f\u0131rl\u0131\u011f\u0131 <\/th>\n<td class=\"a-size-base prodDetAttrValue\"> 100G <\/td>\n<\/tr>\n<tr>\n<th class=\"a-color-secondary a-size-base prodDetSectionEntry\"> \u00dcr\u00fcn boyutlar\u0131 <\/th>\n<td class=\"a-size-base prodDetAttrValue\"> 2 X 11,4 x 16 cm; 100g <\/td>\n<\/tr>\n<tr>\n<th class=\"a-color-secondary a-size-base prodDetSectionEntry\"> Marka <\/th>\n<td class=\"a-size-base prodDetAttrValue\"> DEKART <\/td>\n<\/tr>\n<tr>\n<th class=\"a-color-secondary a-size-base prodDetSectionEntry\"> Batarya m\u0131 batarya m\u0131 \u00e7al\u0131\u015f\u0131yor? <\/th>\n<td class=\"a-size-base prodDetAttrValue\"> Hay\u0131r hay\u0131r <\/td>\n<\/tr>\n<\/table><\/div>","protected":false},"excerpt":{"rendered":"<p>Da marca DECART Para quem vive entre p\u00e1ginas. Descri\u00e7\u00e3o do produto O v\u00eddeo mostra o produto em uso.O v\u00eddeo orienta voc\u00ea na configura\u00e7\u00e3o do produto.O v\u00eddeo compara v\u00e1rios produtos.O v\u00eddeo mostra o produto sendo desembalado. Capa Kindle 2024 RS23CV V\u00eddeo do vendedor Com qual modelo de Kindle essa capa \u00e9 compat\u00edvel? Exclusivamente compat\u00edvel com o [&hellip;]<\/p>\n","protected":false},"featured_media":0,"comment_status":"open","ping_status":"closed","template":"","meta":[],"product_cat":[1918,1901,1900],"product_tag":[],"class_list":{"0":"post-94441","1":"product","2":"type-product","3":"status-publish","5":"product_brand-visite-a-loja-decart","6":"product_cat-capas","7":"product_cat-e-readers-e-acessorios","8":"product_cat-eletronicos-e-tecnologia","10":"first","11":"instock","12":"shipping-taxable","13":"purchasable","14":"product-type-variable"},"aioseo_notices":[],"_links":{"self":[{"href":"https:\/\/www.ecommerceupdate.com.br\/tr\/wp-json\/wp\/v2\/product\/94441","targetHints":{"allow":["GET"]}}],"collection":[{"href":"https:\/\/www.ecommerceupdate.com.br\/tr\/wp-json\/wp\/v2\/product"}],"about":[{"href":"https:\/\/www.ecommerceupdate.com.br\/tr\/wp-json\/wp\/v2\/types\/product"}],"replies":[{"embeddable":true,"href":"https:\/\/www.ecommerceupdate.com.br\/tr\/wp-json\/wp\/v2\/comments?post=94441"}],"wp:attachment":[{"href":"https:\/\/www.ecommerceupdate.com.br\/tr\/wp-json\/wp\/v2\/media?parent=94441"}],"wp:term":[{"taxonomy":"product_cat","embeddable":true,"href":"https:\/\/www.ecommerceupdate.com.br\/tr\/wp-json\/wp\/v2\/product_cat?post=94441"},{"taxonomy":"product_tag","embeddable":true,"href":"https:\/\/www.ecommerceupdate.com.br\/tr\/wp-json\/wp\/v2\/product_tag?post=94441"}],"curies":[{"name":"wp","href":"https:\/\/api.w.org\/{rel}","templated":true}]}}