{"id":94502,"date":"2026-03-15T14:19:10","date_gmt":"2026-03-15T17:19:10","guid":{"rendered":"https:\/\/www.ecommerceupdate.com.br\/produto\/os-10-pecados-mortais-do-marketing-sintomas-e-solucoes\/"},"modified":"2026-03-15T14:19:12","modified_gmt":"2026-03-15T17:19:12","slug":"os-10-pecados-mortais-do-marketing-sintomas-e-solucoes","status":"publish","type":"product","link":"https:\/\/www.ecommerceupdate.com.br\/tr\/produto\/os-10-pecados-mortais-do-marketing-sintomas-e-solucoes\/","title":{"rendered":"Pazarlaman\u0131n 10 \u00f6l\u00fcmc\u00fcl g\u00fcnah\u0131: Belirtiler ve \u00e7\u00f6z\u00fcmler"},"content":{"rendered":"<div class=\"woocommerce-product-details\"><\/div>","protected":false},"excerpt":{"rendered":"<p>\u201cMuhtemelen son y\u0131llar\u0131n en kullan\u0131\u015fl\u0131 ve uygulanabilir pazarlama rehberi.\u201d iENetworks\u201ddi\u011fer alanlarda hem pazarlamac\u0131lar hem de y\u00f6neticiler i\u00e7in tavsiye edilir.\u201d T\u00fcketici Pazarlama Dergisi Piyasada rekabet\u00e7i kalmak isteyen herkes i\u00e7in vazge\u00e7ilmez bir kitap.\u201d &amp; &amp; &amp; &amp; &amp; &amp; &amp; &amp; &amp; &amp; &amp; &amp; &amp; &amp; &amp; &amp; &amp; &amp; &amp; &amp; &amp; &amp; &amp; &amp; &amp; &amp; &amp; &amp; &amp; &amp; &amp; &amp; &amp; &amp; &amp; &amp; &amp; &amp; &amp; &amp; &amp; &amp; &amp; &amp; &amp; &amp; &amp; &amp; &amp; &amp; &amp; &amp; &amp; &amp; &amp; &amp; &amp; &amp; &amp; &amp; &amp; &amp; &amp; &amp; &amp; &amp; &amp; &amp; &amp; &amp; &amp; &amp; &amp; &amp; &amp; &amp; &amp; &amp; &amp; &amp; &amp; &amp; &amp; &amp; &amp; &amp; &amp; &amp; &amp; &amp; &amp; &amp; &amp; &amp; &amp; &amp; &amp; &amp; &amp; &amp; &amp; &amp; &amp; &amp; &amp; &amp; &amp; &amp; &amp; &amp; &amp; &amp; &amp; &amp; &amp; &amp; &amp;<br \/>Neden yeni \u00fcr\u00fcn, hizmet ve i\u015fletmelerin 75% ba\u015far\u0131s\u0131z? ve pazarlama kampanyalar\u0131 art\u0131k ayn\u0131 sonu\u00e7lar\u0131 teslim neden? konusunda en b\u00fcy\u00fck otoritelerden biri olan Philip Kotler, pazarlama s\u00f6z konusu oldu\u011funda ne yapmak (ve ne yapmamak) en a\u00e7\u0131k ve pratik k\u0131lavuzlardan biri olan bu kitapta cevaplar\u0131 sunuyor.\u00f6rnekler ve i\u00e7g\u00f6r\u00fclerden, bir \u015firketin pazarlaman\u0131n 10 \u00f6l\u00fcmc\u00fcl g\u00fcnah\u0131ndan birini i\u015fledi\u011fini ve sorunun \u00fcstesinden gelmek i\u00e7in en iyi \u00e7\u00f6z\u00fcmleri payla\u015ft\u0131\u011f\u0131n\u0131 g\u00f6steren i\u015faretleri nas\u0131l belirleyece\u011finizi a\u00e7\u0131kl\u0131yor.Pazar ve m\u00fc\u015fteriye odaklanmay\u0131, rekabeti takip etmeyi, en etkili olan\u0131 y\u00f6netmeyi, pazarlama stratejileri geli\u015ftirmeyi, en etkili olan\u0131 in\u015fa etmeyi, ili\u015fkiler kurmay\u0131 ve en etkili pazarlama planlar\u0131n\u0131 geli\u015ftirmeyi, en etkili olan\u0131 in\u015fa etmeyi \u00f6\u011freneceksiniz. ve en etkili olan\u0131, i\u015fi kurmak.<\/p>","protected":false},"featured_media":94502,"comment_status":"open","ping_status":"closed","template":"","meta":[],"product_cat":[1701,1700,1595],"product_tag":[],"class_list":{"0":"post-94502","1":"product","2":"type-product","3":"status-publish","4":"has-post-thumbnail","6":"product_brand-edicao-portugus-por-philip-kotler-autor-ivo-korytowski-tradutor","7":"product_cat-drama","8":"product_cat-literatura-e-ficcao","9":"product_cat-livros","11":"first","12":"instock","13":"sale","14":"shipping-taxable","15":"purchasable","16":"product-type-simple"},"aioseo_notices":[],"_links":{"self":[{"href":"https:\/\/www.ecommerceupdate.com.br\/tr\/wp-json\/wp\/v2\/product\/94502","targetHints":{"allow":["GET"]}}],"collection":[{"href":"https:\/\/www.ecommerceupdate.com.br\/tr\/wp-json\/wp\/v2\/product"}],"about":[{"href":"https:\/\/www.ecommerceupdate.com.br\/tr\/wp-json\/wp\/v2\/types\/product"}],"replies":[{"embeddable":true,"href":"https:\/\/www.ecommerceupdate.com.br\/tr\/wp-json\/wp\/v2\/comments?post=94502"}],"wp:featuredmedia":[{"embeddable":true,"href":"https:\/\/www.ecommerceupdate.com.br\/tr\/wp-json\/wp\/v2\/product\/94502"}],"wp:attachment":[{"href":"https:\/\/www.ecommerceupdate.com.br\/tr\/wp-json\/wp\/v2\/media?parent=94502"}],"wp:term":[{"taxonomy":"product_cat","embeddable":true,"href":"https:\/\/www.ecommerceupdate.com.br\/tr\/wp-json\/wp\/v2\/product_cat?post=94502"},{"taxonomy":"product_tag","embeddable":true,"href":"https:\/\/www.ecommerceupdate.com.br\/tr\/wp-json\/wp\/v2\/product_tag?post=94502"}],"curies":[{"name":"wp","href":"https:\/\/api.w.org\/{rel}","templated":true}]}}