{"id":94511,"date":"2026-03-15T16:43:28","date_gmt":"2026-03-15T19:43:28","guid":{"rendered":"https:\/\/www.ecommerceupdate.com.br\/produto\/wordpress-descomplicado-do-basico-ao-e-commerce\/"},"modified":"2026-03-24T19:48:49","modified_gmt":"2026-03-24T22:48:49","slug":"wordpress-descomplicado-do-basico-ao-e-commerce","status":"publish","type":"product","link":"https:\/\/www.ecommerceupdate.com.br\/tr\/produto\/wordpress-descomplicado-do-basico-ao-e-commerce\/","title":{"rendered":"WordPress Karma\u015f\u0131k Olmayan: Temel Bilgiler'den E-Ticaret'e"},"content":{"rendered":"<div class=\"woocommerce-product-details\">\n<h3>\u00dcr\u00fcn detaylar\u0131<\/h3>\n<ul>\n<li>ASIN: B08C35YMMJ<\/li>\n<li>Eri\u015filebilirlik: Daha fazla bilgi edinin<\/li>\n<li>Yay\u0131n tarihi: 29 Haziran 2020<\/li>\n<li>Bask\u0131: 1a<\/li>\n<li>Dil: Portekizce<\/li>\n<li>Dosya boyutu: 21,3 MB<\/li>\n<li>Ekran okuyucu : Uyumlu<\/li>\n<li>Yaz\u0131 Tipi Yap\u0131land\u0131rmas\u0131 : Etkin<\/li>\n<li>Kelime Bilgisi \u0130pu\u00e7lar\u0131: Etkin de\u011fil<\/li>\n<li>Sayfa say\u0131s\u0131: 50 sayfa<\/li>\n<li>Sayfa \u00c7evirme: Etkin<\/li>\n<li>En \u00c7ok Satanlar S\u0131ralamas\u0131: Kindle Store'da 237.191 numara (Kindle Store kategorisinde \u0130lk 100 ile Tan\u0131\u015f\u0131n) Oracle Veritabanlar\u0131nda 14 numara Bilgisayar, internet ve dijital medyada 3.115 numara<\/li>\n<li>14 Oracle Veritabanlar\u0131nda<\/li>\n<li>Bilgisayar, \u0130nternet ve dijital medyada 3.115<\/li>\n<li>M\u00fc\u015fteri puanlar\u0131: 3,4 5 \u00fczerinden 3,4 y\u0131ld\u0131z (7)<\/li>\n<\/ul><\/div>","protected":false},"excerpt":{"rendered":"<p>WordPress, internet i\u00e7in \u00fccretsiz bir i\u00e7erik y\u00f6netim sistemidir, bu d\u00fcnyada en \u00e7ok kullan\u0131lan\u0131d\u0131r.wordpress'in pop\u00fclerle\u015fmesi temel olarak kullan\u0131m kolayl\u0131\u011f\u0131, \u00e7ok y\u00f6nl\u00fcl\u00fc\u011f\u00fc ve onun arac\u0131l\u0131\u011f\u0131yla geli\u015ftirilebilecek projelerin \u00e7e\u015fitlili\u011fi nedeniyledir.Birka\u00e7 \u015firket ve ki\u015fi, eklentiler ve \u00e7e\u015fitli temalar taraf\u0131ndan geni\u015fletilebilme yetene\u011fi nedeniyle ki\u015fisel sayfalar\u0131n\u0131, i\u015f sayfalar\u0131n\u0131, dergileri, portf\u00f6yleri, y\u00f6netilen projeleri, etkinlik zamanlay\u0131c\u0131s\u0131n\u0131 ve hatta e-ticaret \u00fcr\u00fcnlerini ve hizmetlerini geli\u015ftirmek i\u00e7in WordPress'i kullan\u0131yor. Bu \u00e7al\u0131\u015fmada, basit bir sayfa geli\u015ftirme olarak ba\u015flayarak WordPress ile nas\u0131l ba\u015flayaca\u011f\u0131n\u0131za dair ad\u0131mlar izleniyor, derste daha profesyonel bir \u015fekilde nas\u0131l \u00f6zelle\u015ftirilece\u011fi ve sonunda bir elektronik ma\u011fazan\u0131n geli\u015ftirilmesi g\u00f6sterilecektir.<\/p>","protected":false},"featured_media":94511,"comment_status":"open","ping_status":"closed","template":"","meta":[],"product_cat":[1691,1641,1595],"product_tag":[],"class_list":{"0":"post-94511","1":"product","2":"type-product","3":"status-publish","4":"has-post-thumbnail","6":"product_brand-por-luiz-gallerani-autor-formato-ebook-kindle","7":"product_cat-base-de-dados","8":"product_cat-computacao-informatica-e-midias-digitais","9":"product_cat-livros","11":"first","12":"instock","13":"shipping-taxable","14":"purchasable","15":"product-type-simple"},"aioseo_notices":[],"_links":{"self":[{"href":"https:\/\/www.ecommerceupdate.com.br\/tr\/wp-json\/wp\/v2\/product\/94511","targetHints":{"allow":["GET"]}}],"collection":[{"href":"https:\/\/www.ecommerceupdate.com.br\/tr\/wp-json\/wp\/v2\/product"}],"about":[{"href":"https:\/\/www.ecommerceupdate.com.br\/tr\/wp-json\/wp\/v2\/types\/product"}],"replies":[{"embeddable":true,"href":"https:\/\/www.ecommerceupdate.com.br\/tr\/wp-json\/wp\/v2\/comments?post=94511"}],"wp:featuredmedia":[{"embeddable":true,"href":"https:\/\/www.ecommerceupdate.com.br\/tr\/wp-json\/wp\/v2\/product\/94511"}],"wp:attachment":[{"href":"https:\/\/www.ecommerceupdate.com.br\/tr\/wp-json\/wp\/v2\/media?parent=94511"}],"wp:term":[{"taxonomy":"product_cat","embeddable":true,"href":"https:\/\/www.ecommerceupdate.com.br\/tr\/wp-json\/wp\/v2\/product_cat?post=94511"},{"taxonomy":"product_tag","embeddable":true,"href":"https:\/\/www.ecommerceupdate.com.br\/tr\/wp-json\/wp\/v2\/product_tag?post=94511"}],"curies":[{"name":"wp","href":"https:\/\/api.w.org\/{rel}","templated":true}]}}