{"id":93398,"date":"2026-03-04T08:04:15","date_gmt":"2026-03-04T11:04:15","guid":{"rendered":"https:\/\/www.ecommerceupdate.com.br\/produto\/aspectos-juridicos-do-e-commerce\/"},"modified":"2026-03-13T15:29:29","modified_gmt":"2026-03-13T18:29:29","slug":"aspectos-juridicos-do-e-commerce","status":"publish","type":"product","link":"https:\/\/www.ecommerceupdate.com.br\/vi\/produto\/aspectos-juridicos-do-e-commerce\/","title":{"rendered":"C\u00e1c kh\u00eda c\u1ea1nh ph\u00e1p l\u00fd c\u1ee7a th\u01b0\u01a1ng m\u1ea1i \u0111i\u1ec7n t\u1eed"},"content":{"rendered":"<div class=\"woocommerce-product-details\">\n<div id=\"aplus_feature_div\" class=\"celwidget\" data-feature-name=\"aplus\" data-csa-c-type=\"widget\" data-csa-c-content-id=\"aplus\" data-csa-c-slot-id=\"aplus_feature_div\" data-csa-c-asin=\"\" data-csa-c-is-in-initial-active-row=\"false\">\n<div id=\"aplus\" class=\"a-section a-spacing-large bucket\">\n<h3 class=\"\">T\u1eeb publisher<\/h3>\n<div lang=\"pt_BR\">\n<div class=\"aplus-v2 desktop celwidget\">\n<div class=\"celwidget aplus-module module-2 aplus-standard\">\n<div class=\"aplus-module-wrapper apm-floatnone apm-fixed-width\">\n<div class=\"apm-sidemodule apm-spacing\">\n<div class=\"apm-sidemodule-imageleft\"> <img decoding=\"async\" alt=\"RT\" src=\"https:\/\/m.media-amazon.com\/images\/S\/aplus-media\/vc\/156b09d9-7747-4258-ab5a-4d6ed3868375.__CR0,0,300,300_PT0_SX300_V1___.png\" \/> <\/div>\n<div class=\"apm-sidemodule-textright\">\n<h3 class=\"a-spacing-mini\"> Ra m\u1eaft c\u00e1c kh\u00eda c\u1ea1nh ph\u00e1p l\u00fd c\u1ee7a th\u01b0\u01a1ng m\u1ea1i \u0111i\u1ec7n t\u1eed <\/h3>\n<p> Nghi\u00ean c\u1ee9u n\u00e0y \u0111\u1ec1 c\u1eadp \u0111\u1ebfn c\u00e1c v\u1ea5n \u0111\u1ec1 hi\u1ec7n t\u1ea1i nh\u01b0 B\u1ea3o v\u1ec7 d\u1eef li\u1ec7u, h\u1ec7 th\u1ed1ng thanh to\u00e1n PIX m\u1edbi, vi\u1ec7c \u00e1p d\u1ee5ng Lu\u1eadt tr\u1ef1c quan trong \u0110i\u1ec1u kho\u1ea3n v\u00e0 \u0110i\u1ec1u ki\u1ec7n s\u1eed d\u1ee5ng v\u00e0 Ch\u00ednh s\u00e1ch b\u1ea3o m\u1eadt, thu\u00ea Digital Influencer, c\u00e1c ph\u01b0\u01a1ng th\u1ee9c l\u1eeba \u0111\u1ea3o \u0111i\u1ec7n t\u1eed m\u1edbi v\u00e0 c\u00e1c ti\u1ebfn b\u1ed9 l\u1eadp ph\u00e1p li\u00ean quan \u0111\u1ebfn ch\u1ee7 \u0111\u1ec1.C\u00f3 16 b\u00e0i vi\u1ebft \u0111\u01b0\u1ee3c vi\u1ebft r\u00f5 r\u00e0ng v\u00e0 kh\u00e1ch quan, d\u1ef1a tr\u00ean h\u1ecdc thuy\u1ebft v\u00e0 lu\u1eadt h\u1ecdc, t\u1eadp trung v\u00e0o c\u00e1c doanh nh\u00e2n v\u00e0 lu\u1eadt s\u01b0 t\u00ecm ki\u1ebfm m\u1ed9t c\u00e1i nh\u00ecn ph\u00e1p l\u00fd t\u00edch h\u1ee3p v\u1ec1 th\u01b0\u01a1ng m\u1ea1i \u0111i\u1ec7n t\u1eed.T\u1ea5t c\u1ea3 c\u00e1c ch\u01b0\u01a1ng \u0111\u1ec1u c\u00f3 infographics v\u00e0 video gi\u1ea3i th\u00edch c\u00f3 s\u1eb5n th\u00f4ng qua M\u00e3 QR. <\/p>\n<\/p>\n<\/div>\n<\/div>\n<\/div>\n<\/div>\n<div class=\"celwidget aplus-module module-3 aplus-standard\">\n<div class=\"aplus-module-wrapper apm-floatnone apm-fixed-width\">\n<div class=\"apm-sidemodule apm-spacing\">\n<div class=\"apm-sidemodule-imageright\"> <img decoding=\"async\" alt=\"RT\" src=\"https:\/\/m.media-amazon.com\/images\/S\/aplus-media\/vc\/cc9903b8-d12b-4e8e-9d2a-465a9e79626a.__CR0,0,300,300_PT0_SX300_V1___.png\" \/> <\/div>\n<div class=\"apm-sidemodule-textleft\">\n<h3 class=\"a-spacing-mini\"> V\u1ec1 author <\/h3>\n<p> Nadia l\u00e0 m\u1ed9t lu\u1eadt s\u01b0 t\u1ed1t nghi\u1ec7p \u0110\u1ea1i h\u1ecdc Mackenzie Presbyterian; sau \u0111\u1ea1i h\u1ecdc v\u1ec1 H\u1ee3p \u0111\u1ed3ng v\u00e0 Lu\u1eadt k\u1ef9 thu\u1eadt s\u1ed1 v\u00e0 Tu\u00e2n th\u1ee7, l\u00e0 sinh vi\u00ean t\u1ea1i Vi\u1ec7n M\u00f9a h\u00e8 S\u1edf h\u1eefu tr\u00ed tu\u1ec7 t\u1ea1i Trung t\u00e2m Lu\u1eadt Franklin Pierce &amp; New Hampshire, Hoa K\u1ef3 v\u00e0 Kh\u00f3a \u0111\u00e0o t\u1ea1o cho Lu\u1eadt s\u01b0 b\u1ea3o v\u1ec7 IP c\u1ee7a V\u0103n ph\u00f2ng B\u1eb1ng s\u00e1ng ch\u1ebf Nh\u1eadt B\u1ea3n &amp; Nh\u1eadt B\u1ea3n. <\/p>\n<\/p>\n<\/div>\n<\/div>\n<\/div>\n<\/div>\n<div class=\"celwidget aplus-module module-9 aplus-standard\">\n<div class=\"aplus-module-wrapper apm-fixed-width apm-spacing\">\n<div class=\"apm-flex\">\n<div class=\"apm-flex-item-third-width\">\n<p class=\"apm-text-center\"> <img decoding=\"async\" alt=\"RT\" src=\"https:\/\/m.media-amazon.com\/images\/S\/aplus-media\/vc\/61b37029-f4cb-4cec-8f67-5901287f38d9.__CR0,0,300,300_PT0_SX300_V1___.png\" \/> <\/p>\n<\/p>\n<\/div>\n<\/div>\n<\/div>\n<\/div>\n<div class=\"celwidget aplus-module launchpad-company-logo aplus-standard\">\n<div class=\"a-section a-text-center launchpad-module launchpad-module-company-logo\"> <img decoding=\"async\" alt=\"RT\" src=\"https:\/\/m.media-amazon.com\/images\/S\/aplus-media\/vc\/14cf220d-8680-4753-bb84-8e7272d597a8.__CR0,0,600,180_PT0_SX600_V1___.png\" \/> <\/div>\n<\/p>\n<\/div>\n<\/div>\n<\/div>\n<\/div>\n<\/div>\n<h3>Chi ti\u1ebft s\u1ea3n ph\u1ea9m<\/h3>\n<ul>\n<li>Nh\u00e0 xu\u1ea5t b\u1ea3n: Revista dos Tribunais<\/li>\n<li>Ng\u00e0y xu\u1ea5t b\u1ea3n: 2 th\u00e1ng 4 n\u0103m 2021<\/li>\n<li>Phi\u00ean b\u1ea3n: New Editiona<\/li>\n<li>Ng\u00f4n ng\u1eef: Ti\u1ebfng B\u1ed3 \u0110\u00e0o Nha<\/li>\n<li>S\u1ed1 trang : 352 trang<\/li>\n<li>ISBN-10:6556148237<\/li>\n<li>ISBN-13:978-6556148236<\/li>\n<li>Tr\u1ecdng l\u01b0\u1ee3ng s\u1ea3n ph\u1ea9m: 440g<\/li>\n<li>K\u00edch th\u01b0\u1edbc: 22,6 x 15,8 x 1,8 cm<\/li>\n<li>X\u1ebfp h\u1ea1ng s\u00e1ch b\u00e1n ch\u1ea1y nh\u1ea5t: S\u1ed1 273.974 v\u1ec1 S\u00e1ch (G\u1eb7p Top 100 trong danh m\u1ee5c S\u00e1ch) S\u1ed1 309 v\u1ec1 Qu\u1ea3n tr\u1ecb Kinh doanh S\u1ed1 18.646 v\u1ec1 Ng\u00e0y l\u1ec5 v\u00e0 L\u1ec5 h\u1ed9i d\u00e0nh cho Tr\u1ebb em, Tr\u1ebb em v\u00e0 Thanh thi\u1ebfu ni\u00ean<\/li>\n<li>309 Trong Qu\u1ea3n tr\u1ecb th\u01b0\u01a1ng m\u1ea1i<\/li>\n<li>18.646 trong Ng\u00e0y l\u1ec5 v\u00e0 L\u1ec5 h\u1ed9i Tr\u1ebb em v\u00e0 Tr\u1ebb em v\u00e0 Thanh thi\u1ebfu ni\u00ean<\/li>\n<li>\u0110\u00e1nh Gi\u00e1 Kh\u00e1ch H\u00e0ng: 4.3 4.3 out of 5 stars (11)<\/li>\n<\/ul><\/div>","protected":false},"excerpt":{"rendered":"<p>C\u00e1c ch\u1ee7 \u0111\u1ec1 \u0111\u01b0\u1ee3c c\u1ea5u tr\u00fac m\u1ed9t c\u00e1ch c\u00f3 h\u1ec7 th\u1ed1ng, b\u1eaft \u0111\u1ea7u t\u1eeb s\u1ef1 ph\u00e1t tri\u1ec3n l\u1ecbch s\u1eed c\u1ee7a th\u01b0\u01a1ng m\u1ea1i \u0111i\u1ec7n t\u1eed, th\u00f4ng qua k\u1ebf ho\u1ea1ch doanh nghi\u1ec7p v\u00e0 thu\u1ebf.N\u00f3 ph\u01a1i b\u00e0y m\u1ed9t c\u00e1ch k\u1ef9 l\u01b0\u1ee1ng v\u00e0 hi\u1ec7n t\u1ea1i vi\u1ec7c x\u1eed l\u00fd d\u1eef li\u1ec7u c\u00e1 nh\u00e2n, c\u00e1c \u0111i\u1ec1u kho\u1ea3n v\u00e0 \u0111i\u1ec1u ki\u1ec7n s\u1eed d\u1ee5ng trang web, thu\u00ea ph\u01b0\u01a1ng ti\u1ec7n thanh to\u00e1n, c\u00e1c kh\u00eda c\u1ea1nh c\u1ea1nh tranh v\u00e0 lao \u0111\u1ed9ng, thu\u00ea ng\u01b0\u1eddi c\u00f3 \u1ea3nh h\u01b0\u1edfng k\u1ef9 thu\u1eadt s\u1ed1, khuy\u1ebfn m\u00e3i th\u01b0\u01a1ng m\u1ea1i, gian l\u1eadn \u0111i\u1ec7n t\u1eed, trong s\u1ed1 nh\u1eefng ng\u01b0\u1eddi kh\u00e1c.N\u00f3 c\u0169ng gi\u1ea3i quy\u1ebft c\u00e1c v\u1ea5n \u0111\u1ec1 ph\u00f2ng ng\u1eeba c\u1ee7a th\u01b0\u01a1ng m\u1ea1i \u0111i\u1ec7n t\u1eed li\u00ean quan \u0111\u1ebfn m\u1ed1i quan h\u1ec7 v\u1edbi nh\u00e0 cung c\u1ea5p v\u00e0 kh\u00e1ch h\u00e0ng ', c\u1ea3 trong ch\u00ednh th\u01b0\u01a1ng m\u1ea1i \u0111i\u1ec7n t\u1eed v\u00e0 trong c\u00e1c n\u1ec1n t\u1ea3ng chia s\u1ebb 'Th\u1ecb tr\u01b0\u1eddng' v\u00e0 c\u00e1c c\u00e1ch gi\u1ea3i quy\u1ebft v\u00e0 ng\u0103n ng\u1eeba xung \u0111\u1ed9t th\u00f4ng qua Tu\u00e2n th.\u00a0<\/p>","protected":false},"featured_media":93398,"comment_status":"open","ping_status":"closed","template":"","meta":[],"product_cat":[1609,1657,1595],"product_tag":[],"class_list":{"0":"post-93398","1":"product","2":"type-product","3":"status-publish","4":"has-post-thumbnail","6":"product_brand-edicao-portugus-por-nadia-andreotti-tchumantel-hackerott-autor","7":"product_cat-direito","8":"product_cat-direito-empresarial","9":"product_cat-livros","11":"first","12":"instock","13":"sale","14":"shipping-taxable","15":"purchasable","16":"product-type-simple"},"aioseo_notices":[],"_links":{"self":[{"href":"https:\/\/www.ecommerceupdate.com.br\/vi\/wp-json\/wp\/v2\/product\/93398","targetHints":{"allow":["GET"]}}],"collection":[{"href":"https:\/\/www.ecommerceupdate.com.br\/vi\/wp-json\/wp\/v2\/product"}],"about":[{"href":"https:\/\/www.ecommerceupdate.com.br\/vi\/wp-json\/wp\/v2\/types\/product"}],"replies":[{"embeddable":true,"href":"https:\/\/www.ecommerceupdate.com.br\/vi\/wp-json\/wp\/v2\/comments?post=93398"}],"wp:featuredmedia":[{"embeddable":true,"href":"https:\/\/www.ecommerceupdate.com.br\/vi\/wp-json\/wp\/v2\/product\/93398"}],"wp:attachment":[{"href":"https:\/\/www.ecommerceupdate.com.br\/vi\/wp-json\/wp\/v2\/media?parent=93398"}],"wp:term":[{"taxonomy":"product_cat","embeddable":true,"href":"https:\/\/www.ecommerceupdate.com.br\/vi\/wp-json\/wp\/v2\/product_cat?post=93398"},{"taxonomy":"product_tag","embeddable":true,"href":"https:\/\/www.ecommerceupdate.com.br\/vi\/wp-json\/wp\/v2\/product_tag?post=93398"}],"curies":[{"name":"wp","href":"https:\/\/api.w.org\/{rel}","templated":true}]}}