{"id":93540,"date":"2026-03-04T20:14:28","date_gmt":"2026-03-04T23:14:28","guid":{"rendered":"https:\/\/www.ecommerceupdate.com.br\/produto\/aspectos-juridicos-do-e-commerce-2o-edicao\/"},"modified":"2026-03-13T15:32:54","modified_gmt":"2026-03-13T18:32:54","slug":"aspectos-juridicos-do-e-commerce-2o-edicao","status":"publish","type":"product","link":"https:\/\/www.ecommerceupdate.com.br\/vi\/produto\/aspectos-juridicos-do-e-commerce-2o-edicao\/","title":{"rendered":"Legal Aspects of E-commerce t\u00e1i b\u1ea3n l\u1ea7n 2"},"content":{"rendered":"<div class=\"woocommerce-product-details\">\n<div id=\"aplus_feature_div\" class=\"celwidget\" data-feature-name=\"aplus\" data-csa-c-type=\"widget\" data-csa-c-content-id=\"aplus\" data-csa-c-slot-id=\"aplus_feature_div\" data-csa-c-asin=\"\" data-csa-c-is-in-initial-active-row=\"false\">\n<div id=\"aplus\" class=\"a-section a-spacing-large bucket\">\n<h3 class=\"\">T\u1eeb publisher<\/h3>\n<div lang=\"pt_BR\">\n<div class=\"aplus-v2 desktop celwidget\">\n<div class=\"celwidget aplus-module 3p-module-b aplus-standard\">\n<div class=\"aplus-module-wrapper aplus-3p-fixed-width\"> <img decoding=\"async\" alt=\"RT\" src=\"https:\/\/m.media-amazon.com\/images\/S\/aplus-media-library-service-media\/2e3910f4-c76a-4531-856f-1bd196e0f4c6.__CR58,0,1164,720_PT0_SX970_V1___.png\" \/> <\/div>\n<\/p>\n<\/div>\n<div class=\"celwidget aplus-module 3p-module-b aplus-standard\">\n<div class=\"aplus-module-wrapper aplus-3p-fixed-width\"> <img decoding=\"async\" alt=\"RT\" src=\"https:\/\/m.media-amazon.com\/images\/S\/aplus-media-library-service-media\/c5fc3e9f-3ba2-4354-8300-989bf32708ab.__CR58,0,1164,720_PT0_SX970_V1___.png\" \/> <\/div>\n<\/p>\n<\/div>\n<div class=\"celwidget aplus-module 3p-module-b aplus-standard\">\n<div class=\"aplus-module-wrapper aplus-3p-fixed-width\"> <img decoding=\"async\" alt=\"RT\" src=\"https:\/\/m.media-amazon.com\/images\/S\/aplus-media-library-service-media\/d20d4d5e-3ef5-48b1-a0c6-eaf6df0a2862.__CR58,0,1164,720_PT0_SX970_V1___.png\" \/> <\/div>\n<\/p>\n<\/div>\n<div class=\"celwidget aplus-module 3p-module-b aplus-standard\">\n<div class=\"aplus-module-wrapper aplus-3p-fixed-width\"> <img decoding=\"async\" alt=\"RT\" src=\"https:\/\/m.media-amazon.com\/images\/S\/aplus-media-library-service-media\/9af8c258-5aaa-4019-b318-ec15b48995d1.__CR58,0,1164,720_PT0_SX970_V1___.png\" \/> <\/div>\n<\/p>\n<\/div>\n<\/div>\n<\/div>\n<\/div>\n<\/div>\n<h3>Chi ti\u1ebft s\u1ea3n ph\u1ea9m<\/h3>\n<ul>\n<li>Nh\u00e0 xu\u1ea5t b\u1ea3n: Revista dos Tribunais<\/li>\n<li>Ng\u00e0y xu\u1ea5t b\u1ea3n: 1 th\u00e1ng 7 n\u0103m 2022<\/li>\n<li>Phi\u00ean b\u1ea3n: Phi\u00ean b\u1ea3n ti\u00eau chu\u1ea9n<\/li>\n<li>S\u1ed1 trang : 388 trang<\/li>\n<li>ISBN-10:6556147443<\/li>\n<li>ISBN-13:978-6556147444<\/li>\n<li>Tr\u1ecdng l\u01b0\u1ee3ng s\u1ea3n ph\u1ea9m: 480g<\/li>\n<li>K\u00edch th\u01b0\u1edbc: 2 x 16 x 23 cm<\/li>\n<li>Top Sellers Ranking: No 428,120 in Books (G\u1eb7p g\u1ee1 Top 100 trong danh m\u1ee5c S\u00e1ch) No 18,314 in Professional and Technical Law<\/li>\n<li>18.314 trong Lu\u1eadt chuy\u00ean m\u00f4n v\u00e0 k\u1ef9 thu\u1eadt<\/li>\n<li>\u0110\u00e1nh Gi\u00e1 Kh\u00e1ch H\u00e0ng: 5.0 5.0 out of 5 stars (1)<\/li>\n<\/ul><\/div>","protected":false},"excerpt":{"rendered":"<p>C\u00f4ng vi\u1ec7c c\u00f3 s\u1ef1 \u0111\u00f3ng g\u00f3p c\u1ee7a 23 chuy\u00ean gia gi\u1ea3i quy\u1ebft c\u00e1c kh\u00eda c\u1ea1nh ph\u00e1p l\u00fd kh\u00e1c nhau c\u1ee7a th\u01b0\u01a1ng m\u1ea1i \u0111i\u1ec7n t\u1eed th\u00f4ng qua c\u00e1c b\u00e0i vi\u1ebft.C\u00e1c ch\u1ee7 \u0111\u1ec1 \u0111\u00e3 \u0111\u01b0\u1ee3c c\u1ea5u tr\u00fac m\u1ed9t c\u00e1ch c\u00f3 h\u1ec7 th\u1ed1ng, b\u1eaft \u0111\u1ea7u t\u1eeb s\u1ef1 ph\u00e1t tri\u1ec3n l\u1ecbch s\u1eed c\u1ee7a th\u01b0\u01a1ng m\u1ea1i \u0111i\u1ec7n t\u1eed, th\u00f4ng qua k\u1ebf ho\u1ea1ch doanh nghi\u1ec7p v\u00e0 thu\u1ebf, ph\u00e1t tri\u1ec3n trang web, t\u00ean mi\u1ec1n, th\u01b0\u01a1ng hi\u1ec7u, ph\u1ea7n m\u1ec1m, s\u1eed d\u1ee5ng h\u00ecnh \u1ea3nh v\u00e0 ph\u01a1i b\u00e0y m\u1ed9t c\u00e1ch s\u00e2u s\u1eafc v\u00e0 hi\u1ec7n t\u1ea1i vi\u1ec7c x\u1eed l\u00fd d\u1eef li\u1ec7u c\u00e1 nh\u00e2n, \u0111i\u1ec1u kho\u1ea3n v\u00e0 \u0111i\u1ec1u ki\u1ec7n s\u1eed d\u1ee5ng trang web, h\u1ee3p \u0111\u1ed3ng ph\u01b0\u01a1ng ti\u1ec7n thanh to\u00e1n, kh\u00eda c\u1ea1nh c\u1ea1nh tranh v\u00e0 lao \u0111\u1ed9ng, thu\u00ea ng\u01b0\u1eddi c\u00f3 \u1ea3nh h\u01b0\u1edfng k\u1ef9 thu\u1eadt s\u1ed1, khuy\u1ebfn m\u00e3i th\u01b0\u01a1ng m\u1ea1i, gian l\u1eadn \u0111i\u1ec7n t\u1eed, trong s\u1ed1 nh\u1eefng ng\u01b0\u1eddi kh\u00e1c. Cu\u1ed1n s\u00e1ch c\u0169ng \u0111\u1ec1 c\u1eadp \u0111\u1ebfn c\u00e1c v\u1ea5n \u0111\u1ec1 ph\u00f2ng ng\u1eeba c\u1ee7a th\u01b0\u01a1ng m\u1ea1i \u0111i\u1ec7n t\u1eed li\u00ean quan \u0111\u1ebfn m\u1ed1i quan h\u1ec7 v\u1edbi c\u00e1c nh\u00e0 cung c\u1ea5p v\u00e0 kh\u00e1ch h\u00e0ng, c\u1ea3 trong vi\u1ec7c s\u1eed d\u1ee5ng Lu\u1eadt v\u00e0 s\u1eed d\u1ee5ng Internet, trong c\u00e1c ph\u01b0\u01a1ng ti\u1ec7n th\u01b0\u01a1ng m\u1ea1i 2.<\/p>","protected":false},"featured_media":93540,"comment_status":"open","ping_status":"closed","template":"","meta":[],"product_cat":[1609,1595],"product_tag":[],"class_list":{"0":"post-93540","1":"product","2":"type-product","3":"status-publish","4":"has-post-thumbnail","6":"product_brand-por-ndia-andreotti-tchumantel-hackerott-autor","7":"product_cat-direito","8":"product_cat-livros","10":"first","11":"instock","12":"sale","13":"shipping-taxable","14":"purchasable","15":"product-type-simple"},"aioseo_notices":[],"_links":{"self":[{"href":"https:\/\/www.ecommerceupdate.com.br\/vi\/wp-json\/wp\/v2\/product\/93540","targetHints":{"allow":["GET"]}}],"collection":[{"href":"https:\/\/www.ecommerceupdate.com.br\/vi\/wp-json\/wp\/v2\/product"}],"about":[{"href":"https:\/\/www.ecommerceupdate.com.br\/vi\/wp-json\/wp\/v2\/types\/product"}],"replies":[{"embeddable":true,"href":"https:\/\/www.ecommerceupdate.com.br\/vi\/wp-json\/wp\/v2\/comments?post=93540"}],"wp:featuredmedia":[{"embeddable":true,"href":"https:\/\/www.ecommerceupdate.com.br\/vi\/wp-json\/wp\/v2\/product\/93540"}],"wp:attachment":[{"href":"https:\/\/www.ecommerceupdate.com.br\/vi\/wp-json\/wp\/v2\/media?parent=93540"}],"wp:term":[{"taxonomy":"product_cat","embeddable":true,"href":"https:\/\/www.ecommerceupdate.com.br\/vi\/wp-json\/wp\/v2\/product_cat?post=93540"},{"taxonomy":"product_tag","embeddable":true,"href":"https:\/\/www.ecommerceupdate.com.br\/vi\/wp-json\/wp\/v2\/product_tag?post=93540"}],"curies":[{"name":"wp","href":"https:\/\/api.w.org\/{rel}","templated":true}]}}