{"id":93884,"date":"2026-03-06T03:32:27","date_gmt":"2026-03-06T06:32:27","guid":{"rendered":"https:\/\/www.ecommerceupdate.com.br\/produto\/amazon-para-ti-guia-pratico-de-como-comecar-a-vender-na-amazon\/"},"modified":"2026-03-13T15:49:05","modified_gmt":"2026-03-13T18:49:05","slug":"amazon-para-ti-guia-pratico-de-como-comecar-a-vender-na-amazon","status":"publish","type":"product","link":"https:\/\/www.ecommerceupdate.com.br\/vi\/produto\/amazon-para-ti-guia-pratico-de-como-comecar-a-vender-na-amazon\/","title":{"rendered":"Amazon For You: H\u01b0\u1edbng d\u1eabn th\u1ef1c t\u1ebf v\u1ec1 c\u00e1ch b\u1eaft \u0111\u1ea7u b\u00e1n h\u00e0ng tr\u00ean Amazon"},"content":{"rendered":"<div class=\"woocommerce-product-details\">\n<h3>Chi ti\u1ebft s\u1ea3n ph\u1ea9m<\/h3>\n<ul>\n<li>ASIN: B0GPP3PN2W<\/li>\n<li>Nh\u00e0 xu\u1ea5t b\u1ea3n: Francisco Joao Barros Matos<\/li>\n<li>Kh\u1ea3 n\u0103ng ti\u1ebfp c\u1eadn: T\u00ecm hi\u1ec3u th\u00eam<\/li>\n<li>Ng\u00e0y xu\u1ea5t b\u1ea3n: 23 th\u00e1ng 2 n\u0103m 2026<\/li>\n<li>Phi\u00ean b\u1ea3n: 1a<\/li>\n<li>Ng\u00f4n ng\u1eef: Ti\u1ebfng B\u1ed3 \u0110\u00e0o Nha<\/li>\n<li>K\u00edch th\u01b0\u1edbc t\u1eadp tin: 1.2 MB<\/li>\n<li>C\u1ea5u h\u00ecnh ph\u00f4ng ch\u1eef: Kh\u00f4ng b\u1eadt<\/li>\n<li>T\u1eeb v\u1ef1ng M\u1eb9o: Kh\u00f4ng \u0111\u01b0\u1ee3c k\u00edch ho\u1ea1t<\/li>\n<li>S\u1ed1 trang : 24 trang<\/li>\n<li>\u0110\u1ecbnh d\u1ea1ng: B\u1ea3n sao in<\/li>\n<li>Page Flip (L\u1eadt trang): Kh\u00f4ng b\u1eadt<\/li>\n<li>M\u1ed9t ph\u1ea7n c\u1ee7a series: B\u00e1n h\u00e0ng tr\u00ean Amazon<\/li>\n<\/ul><\/div>","protected":false},"excerpt":{"rendered":"<p>B\u1ea1n \u0111\u00e3 ngh\u0129 \u0111\u1ebfn vi\u1ec7c \u0111\u01b0a s\u1ea3n ph\u1ea9m c\u1ee7a m\u00ecnh v\u00e0o m\u1eb7t ti\u1ec1n c\u1eeda h\u00e0ng l\u1edbn nh\u1ea5t th\u1ebf gi\u1edbi, nh\u01b0ng kh\u00f4ng bi\u1ebft b\u1eaft \u0111\u1ea7u t\u1eeb \u0111\u00e2u?B\u00e1n h\u00e0ng tr\u00ean Amazon l\u00e0 m\u1ed9t trong nh\u1eefng c\u01a1 h\u1ed9i kinh doanh c\u00f3 l\u1ee3i nhu\u1eadn cao nh\u1ea5t hi\u1ec7n nay, nh\u01b0ng b\u1ed9 m\u00e1y quan li\u00eau v\u00e0 ph\u1ee9c t\u1ea1p ban \u0111\u1ea7u c\u1ee7a n\u1ec1n t\u1ea3ng \u0111\u00e3 khi\u1ebfn nhi\u1ec1u doanh nh\u00e2n b\u1ecf \u0111i. H\u01b0\u1edbng d\u1eabn n\u00e0y \u0111\u01b0\u1ee3c t\u1ea1o ra \u0111\u1ec3 lo\u1ea1i b\u1ecf ti\u1ebfng \u1ed3n v\u00e0 cung c\u1ea5p cho b\u1ea1n m\u1ed9t b\u1ea3n \u0111\u1ed3 r\u00f5 r\u00e0ng, tr\u1ef1c ti\u1ebfp v\u00e0 t\u1eadp trung v\u1ec1 th\u1ef1c t\u1ebf c\u1ee7a th\u1ecb tr\u01b0\u1eddng ch\u00e2u \u00c2u.Trong cu\u1ed1n s\u00e1ch n\u00e0y, b\u1ea1n s\u1ebd t\u00ecm ra c\u00e1ch \u0111i\u1ec1u h\u01b0\u1edbng h\u1ec7 sinh th\u00e1i Amazon m\u1ed9t c\u00e1ch t\u1ef1 tin, tr\u00e1nh nh\u1eefng sai l\u1ea7m ph\u1ed5 bi\u1ebfn d\u1eabn \u0111\u1ebfn vi\u1ec7c \u0111\u00ecnh ch\u1ec9 t\u00e0i kho\u1ea3n v\u00e0 m\u1ea5t v\u1ed1n.Nh\u1eefng g\u00ec b\u1ea1n s\u1ebd t\u00ecm th\u1ea5y trong h\u01b0\u1edbng d\u1eabn n\u00e0y:<\/p>\n<p><span class=\"a-text-bold\">C\u01a1 s\u1edf ph\u00e1p l\u00fd v\u00e0 thu\u1ebf:<\/span><span> Nh\u1eefng g\u00ec b\u1ea1n c\u1ea7n \u0111\u1ea3m b\u1ea3o tr\u01b0\u1edbc khi m\u1edf t\u00e0i kho\u1ea3n \u0111\u1ec3 ho\u1ea1t \u0111\u1ed9ng tu\u00e2n th\u1ee7 \u0111\u1ea7y \u0111.<\/span><\/p>\n<p>C\u01a1 s\u1edf ph\u00e1p l\u00fd v\u00e0 thu\u1ebf: Nh\u1eefng g\u00ec b\u1ea1n c\u1ea7n \u0111\u1ea3m b\u1ea3o tr\u01b0\u1edbc khi m\u1edf t\u00e0i kho\u1ea3n \u0111\u1ec3 ho\u1ea1t \u0111\u1ed9ng tu\u00e2n th\u1ee7 \u0111\u1ea7y \u0111\u1ee7.<\/p>\n<p><span class=\"a-text-bold\">H\u1eadu c\u1ea7n chi\u1ebfn l\u01b0\u1ee3c:<\/span><span> S\u1ef1 kh\u00e1c bi\u1ec7t quan tr\u1ecdng gi\u1eefa c\u00e1c m\u00f4 h\u00ecnh qu\u1ea3n l\u00fd v\u00e0 c\u00e1ch ch\u1ecdn m\u00f4 h\u00ecnh ph\u00f9 h\u1ee3p nh\u1ea5t v\u1edbi ng\u00e2n s\u00e1ch v\u00e0 l\u1ed1i s\u1ed1ng c\u1ee7a b\u1ea1n.<\/span><\/p>\n<p>Logistics chi\u1ebfn l\u01b0\u1ee3c: S\u1ef1 kh\u00e1c bi\u1ec7t quan tr\u1ecdng gi\u1eefa c\u00e1c m\u00f4 h\u00ecnh qu\u1ea3n l\u00fd v\u00e0 c\u00e1ch ch\u1ecdn m\u00f4 h\u00ecnh ph\u00f9 h\u1ee3p nh\u1ea5t v\u1edbi ng\u00e2n s\u00e1ch v\u00e0 l\u1ed1i s\u1ed1ng c\u1ee7a b\u1ea1n.<\/p>\n<p><span class=\"a-text-bold\">M\u00f4 h\u00ecnh kinh doanh:<\/span><span> M\u1ed9t ph\u00e2n t\u00edch chuy\u00ean s\u00e2u v\u1ec1 c\u00e1c c\u00e1ch kh\u00e1c nhau \u0111\u1ec3 b\u00e1n \u00a1n m\u1ecdi th\u1ee9 t\u1eeb b\u00e1n l\u1ea1i c\u00e1c th\u01b0\u01a1ng hi\u1ec7u n\u1ed5i ti\u1ebfng \u0111\u1ebfn t\u1ea1o th\u01b0\u01a1ng hi\u1ec7u \u0111\u1ed9c quy\u1ec1n c\u1ee7a ri\u00eang b\u1ea1n.<\/span><\/p>\n<p>M\u00f4 h\u00ecnh kinh doanh: M\u1ed9t ph\u00e2n t\u00edch chuy\u00ean s\u00e2u v\u1ec1 c\u00e1c c\u00e1ch kh\u00e1c nhau \u0111\u1ec3 b\u00e1n \u00a1 \u0304 t\u1eeb b\u00e1n l\u1ea1i c\u00e1c th\u01b0\u01a1ng hi\u1ec7u n\u1ed5i ti\u1ebfng \u0111\u1ec3 t\u1ea1o ra th\u01b0\u01a1ng hi\u1ec7u \u0111\u1ed9c quy\u1ec1n c\u1ee7a ri\u00eang b\u1ea1n.<\/p>\n<p><span class=\"a-text-bold\">S\u1ee9c m\u1ea1nh c\u1ee7a thu\u1eadt to\u00e1n:<\/span><span> Hi\u1ec3u \u0111\u01b0\u1ee3c \u0111i\u1ec1u g\u00ec l\u00e0m cho s\u1ea3n ph\u1ea9m b\u00e1n \u0111\u01b0\u1ee3c v\u00e0 l\u00e0m th\u1ebf n\u00e0o \u0111\u1ec3 c\u00f3 \u0111\u01b0\u1ee3c s\u1ef1 tin t\u01b0\u1edfng c\u1ee7a Amazon v\u00e0 kh\u00e1ch h\u00e0ng.<\/span><\/p>\n<p>S\u1ee9c m\u1ea1nh c\u1ee7a thu\u1eadt to\u00e1n: Hi\u1ec3u \u0111\u01b0\u1ee3c \u0111i\u1ec1u g\u00ec l\u00e0m cho s\u1ea3n ph\u1ea9m b\u00e1n \u0111\u01b0\u1ee3c v\u00e0 c\u00e1ch ki\u1ebfm \u0111\u01b0\u1ee3c s\u1ef1 tin t\u01b0\u1edfng c\u1ee7a Amazon v\u00e0 kh\u00e1ch h\u00e0ng.<\/p>\n<p><span class=\"a-text-bold\">Kh\u1ea3 n\u0103ng m\u1edf r\u1ed9ng:<\/span><span> L\u00e0m th\u1ebf n\u00e0o \u0111\u1ec3 bi\u1ebfn m\u1ed9t ho\u1ea1t \u0111\u1ed9ng \u0111\u1ecba ph\u01b0\u01a1ng th\u00e0nh m\u1ed9t doanh nghi\u1ec7p qu\u1ed1c t\u1ebf, ti\u1ebfp c\u1eadn kh\u00e1ch h\u00e0ng tr\u00ean kh\u1eafp ch\u00e2u \u00c2u.<\/span><\/p>\n<p>Kh\u1ea3 n\u0103ng m\u1edf r\u1ed9ng: L\u00e0m th\u1ebf n\u00e0o \u0111\u1ec3 bi\u1ebfn m\u1ed9t ho\u1ea1t \u0111\u1ed9ng \u0111\u1ecba ph\u01b0\u01a1ng th\u00e0nh m\u1ed9t doanh nghi\u1ec7p qu\u1ed1c t\u1ebf, ti\u1ebfp c\u1eadn kh\u00e1ch h\u00e0ng tr\u00ean kh\u1eafp Europe.For ai l\u00e0 cu\u1ed1n s\u00e1ch n\u00e0y?H\u01b0\u1edbng d\u1eabn n\u00e0y l\u00e0 l\u00fd t\u01b0\u1edfng cho c\u1ea3 hai ng\u01b0\u1eddi m\u1edbi b\u1eaft \u0111\u1ea7u b\u1eaft \u0111\u1ea7u t\u1eeb kh\u00f4ng tuy\u1ec7t \u0111\u1ed1i, nh\u01b0 \u0111\u1ed1i v\u1edbi c\u00e1c nh\u00e0 b\u00e1n l\u1ebb \u0111\u00e3 c\u00f3 c\u1ed5 phi\u1ebfu v\u00e0 mu\u1ed1n s\u1ed1 h\u00f3a kinh doanh c\u1ee7a h\u1ecd th\u00f4ng qua c\u01a1 s\u1edf h\u1ea1 t\u1ea7ng h\u1eadu c\u1ea7n ti\u00ean ti\u1ebfn nh\u1ea5t tr\u00ean planet.Success t\u1ea1i Amazon kh\u00f4ng ph\u1ee5 thu\u1ed9c v\u00e0o may m\u1eafn, nh\u01b0ng tr\u00ean method.The th\u1eddi gian \u0111\u00e3 \u0111\u1ebfn \u0111\u1ec3 ng\u1eebng ch\u1ec9 l\u00e0 m\u1ed9t ng\u01b0\u1eddi ti\u00eau d\u00f9ng v\u00e0 tr\u1edf th\u00e0nh m\u1ed9t \u0111\u1ed1i t\u00e1c kinh doanh th\u00e0nh c\u00f4ng.Prepara cho b\u00e1n h\u00e0ng \u0111\u1ea7u ti\u00ean c\u1ee7a b\u1ea1n.<\/p>","protected":false},"featured_media":0,"comment_status":"open","ping_status":"closed","template":"","meta":[],"product_cat":[1608,1607],"product_tag":[],"class_list":{"0":"post-93884","1":"product","2":"type-product","3":"status-publish","4":"product_brand-por-francisco-matos-autor-formato-ebook-kindle","5":"product_cat-ebooks-kindle","6":"product_cat-loja-kindle","8":"first","9":"instock","10":"shipping-taxable","11":"purchasable","12":"product-type-simple"},"aioseo_notices":[],"_links":{"self":[{"href":"https:\/\/www.ecommerceupdate.com.br\/vi\/wp-json\/wp\/v2\/product\/93884","targetHints":{"allow":["GET"]}}],"collection":[{"href":"https:\/\/www.ecommerceupdate.com.br\/vi\/wp-json\/wp\/v2\/product"}],"about":[{"href":"https:\/\/www.ecommerceupdate.com.br\/vi\/wp-json\/wp\/v2\/types\/product"}],"replies":[{"embeddable":true,"href":"https:\/\/www.ecommerceupdate.com.br\/vi\/wp-json\/wp\/v2\/comments?post=93884"}],"wp:attachment":[{"href":"https:\/\/www.ecommerceupdate.com.br\/vi\/wp-json\/wp\/v2\/media?parent=93884"}],"wp:term":[{"taxonomy":"product_cat","embeddable":true,"href":"https:\/\/www.ecommerceupdate.com.br\/vi\/wp-json\/wp\/v2\/product_cat?post=93884"},{"taxonomy":"product_tag","embeddable":true,"href":"https:\/\/www.ecommerceupdate.com.br\/vi\/wp-json\/wp\/v2\/product_tag?post=93884"}],"curies":[{"name":"wp","href":"https:\/\/api.w.org\/{rel}","templated":true}]}}