{"id":94367,"date":"2026-03-12T13:43:24","date_gmt":"2026-03-12T16:43:24","guid":{"rendered":"https:\/\/www.ecommerceupdate.com.br\/produto\/logistica-reversa-casos-praticos-portuguese-edition\/"},"modified":"2026-03-13T15:59:02","modified_gmt":"2026-03-13T18:59:02","slug":"logistica-reversa-casos-praticos-portuguese-edition","status":"publish","type":"product","link":"https:\/\/www.ecommerceupdate.com.br\/vi\/produto\/logistica-reversa-casos-praticos-portuguese-edition\/","title":{"rendered":"H\u1eadu c\u1ea7n ng\u01b0\u1ee3c: C\u00e1c tr\u01b0\u1eddng h\u1ee3p th\u1ef1c t\u1ebf (Phi\u00ean b\u1ea3n ti\u1ebfng Anh)"},"content":{"rendered":"<div class=\"woocommerce-product-details\">\n<h3>Chi ti\u1ebft s\u1ea3n ph\u1ea9m<\/h3>\n<ul>\n<li>Nh\u00e0 xu\u1ea5t b\u1ea3n: Independently published<\/li>\n<li>Ng\u00e0y xu\u1ea5t b\u1ea3n: 29 th\u00e1ng 10 n\u0103m 2017<\/li>\n<li>Ng\u00f4n ng\u1eef: Ti\u1ebfng B\u1ed3 \u0110\u00e0o Nha<\/li>\n<li>S\u1ed1 trang : 116 trang<\/li>\n<li>ISBN-10:1973177536<\/li>\n<li>ISBN-13:978-1973177531<\/li>\n<li>Tr\u1ecdng l\u01b0\u1ee3ng s\u1ea3n ph\u1ea9m: 231g<\/li>\n<li>K\u00edch th\u01b0\u1edbc: 15,24 x 0,74 x 22,86 cm<\/li>\n<li>\u0110\u00e1nh Gi\u00e1 Kh\u00e1ch H\u00e0ng: 5.0 5.0 out of 5 stars (1)<\/li>\n<\/ul><\/div>","protected":false},"excerpt":{"rendered":"<p>Cu\u1ed1n s\u00e1ch n\u00e0y tr\u00ecnh b\u00e0y k\u1ebft qu\u1ea3 nghi\u00ean c\u1ee9u c\u1ee7a c\u00e1c sinh vi\u00ean kh\u00f3a C\u00f4ng ngh\u1ec7 H\u1eadu c\u1ea7n, Khoa DeVry Joao Pessoa, v\u1ec1 Ch\u1ee7 \u0111\u1ec1 C\u00f4ng ngh\u1ec7 trong Nguy\u00ean t\u1eafc C\u01a1 b\u1ea3n c\u1ee7a ng\u00e0nh Qu\u1ea3n l\u00fd, t\u1eeb n\u0103m 2015 v\u00e0 2016.<\/p>","protected":false},"featured_media":0,"comment_status":"open","ping_status":"closed","template":"","meta":[],"product_cat":[1611,1595,1697],"product_tag":[],"class_list":{"0":"post-94367","1":"product","2":"type-product","3":"status-publish","5":"product_brand-por-edilon-mendes-nunes-autor","6":"product_cat-administracao-negocios-e-economia","7":"product_cat-livros","8":"product_cat-livros-de-referencia","10":"first","11":"instock","12":"shipping-taxable","13":"purchasable","14":"product-type-simple"},"aioseo_notices":[],"_links":{"self":[{"href":"https:\/\/www.ecommerceupdate.com.br\/vi\/wp-json\/wp\/v2\/product\/94367","targetHints":{"allow":["GET"]}}],"collection":[{"href":"https:\/\/www.ecommerceupdate.com.br\/vi\/wp-json\/wp\/v2\/product"}],"about":[{"href":"https:\/\/www.ecommerceupdate.com.br\/vi\/wp-json\/wp\/v2\/types\/product"}],"replies":[{"embeddable":true,"href":"https:\/\/www.ecommerceupdate.com.br\/vi\/wp-json\/wp\/v2\/comments?post=94367"}],"wp:attachment":[{"href":"https:\/\/www.ecommerceupdate.com.br\/vi\/wp-json\/wp\/v2\/media?parent=94367"}],"wp:term":[{"taxonomy":"product_cat","embeddable":true,"href":"https:\/\/www.ecommerceupdate.com.br\/vi\/wp-json\/wp\/v2\/product_cat?post=94367"},{"taxonomy":"product_tag","embeddable":true,"href":"https:\/\/www.ecommerceupdate.com.br\/vi\/wp-json\/wp\/v2\/product_tag?post=94367"}],"curies":[{"name":"wp","href":"https:\/\/api.w.org\/{rel}","templated":true}]}}