{"id":400,"date":"2024-06-24T21:21:22","date_gmt":"2024-06-24T21:21:22","guid":{"rendered":"https:\/\/www.ecommerceupdate.com.br\/?page_id=400"},"modified":"2025-02-24T10:17:53","modified_gmt":"2025-02-24T13:17:53","slug":"sobre","status":"publish","type":"page","link":"https:\/\/www.ecommerceupdate.com.br\/zh_cn\/sobre\/","title":{"rendered":"\u4e0a\u8fb9"},"content":{"rendered":"<p>E-Commerce Update \u662f\u5df4\u897f\u5e02\u573a\u7684\u4e00\u5bb6\u53c2\u8003\u516c\u53f8,\u4e13\u95e8\u751f\u4ea7\u548c\u4f20\u64ad\u7535\u5b50\u5546\u52a1\u9886\u57df\u7684\u9ad8\u8d28\u91cf\u5185\u5bb9\u3002\u4e3a\u4e86\u4fc3\u8fdb\u8be5\u56fd\u7535\u5b50\u5546\u52a1\u7684\u589e\u957f\u548c\u53d1\u5c55,\u8be5\u516c\u53f8\u81f4\u529b\u4e8e\u89e3\u51b3\u4e0e\u8be5\u9886\u57df\u76f8\u5173\u7684\u56fd\u5185\u548c\u56fd\u9645\u4e3b\u9898\u6700\u591a\u6837\u5316\u3002.<\/p>\n\n\n\n<p>\u901a\u8fc7\u6df1\u5165\u7684\u6587\u7ae0\u3001\u5e02\u573a\u5206\u6790\u3001\u4e13\u5bb6\u8bbf\u8c08\u4ee5\u53ca\u91cd\u5927\u4e8b\u4ef6\u548c\u8d8b\u52bf\u7684\u62a5\u9053,E-Commerce Update \u4e3a\u8bfb\u8005\u63d0\u4f9b\u4e86\u4e30\u5bcc\u3001\u66f4\u65b0\u548c\u76f8\u5173\u5185\u5bb9\u3002\u8be5\u516c\u53f8\u4e0d\u4ec5\u5bfb\u6c42\u63d0\u4f9b\u4fe1\u606f,\u8fd8\u5bfb\u6c42\u6559\u80b2\u548c\u6fc0\u52b1\u4e13\u4e1a\u4eba\u58eb\u3001\u4f01\u4e1a\u5bb6\u548c\u7535\u5b50\u5546\u52a1\u7231\u597d\u8005,\u4e3a\u5df4\u897f\u548c\u5168\u7403\u66f4\u5f3a\u5927\u3001\u66f4\u521b\u65b0\u7684\u7535\u5b50\u5546\u52a1\u751f\u6001\u7cfb\u7edf\u7684\u53d1\u5c55\u505a\u51fa\u8d21\u732e\u3002.<\/p>\n\n\n\n<p>E-Commerce Update \u56e0\u5176\u7f16\u8f91\u8d28\u91cf\u548c\u5bf9\u7535\u5b50\u5546\u52a1\u76f8\u5173\u4e3b\u9898\u7684\u5168\u9762\u65b9\u6cd5\u800c\u8131\u9896\u800c\u51fa\u3002\u4ece\u6570\u5b57\u8425\u9500\u7b56\u7565\u3001\u7269\u6d41\u3001\u652f\u4ed8\u65b9\u5f0f\u548c\u7528\u6237\u4f53\u9a8c,\u5230\u6280\u672f\u521b\u65b0\u3001\u6210\u529f\u6848\u4f8b\u548c\u884c\u4e1a\u6311\u6218,\u8be5\u516c\u53f8\u65e8\u5728\u6db5\u76d6\u6240\u6709\u5185\u5bb9\u7535\u5b50\u5546\u52a1\u6210\u529f\u6240\u5fc5\u9700\u7684\u65b9\u9762\u3002.<\/p>\n\n\n\n<p>\u901a\u8fc7\u5de9\u56fa\u81ea\u5df1\u4f5c\u4e3a\u7535\u5b50\u5546\u52a1\u53ef\u9760\u4e14\u9f13\u821e\u4eba\u5fc3\u7684\u5185\u5bb9\u6765\u6e90\u7684\u5730\u4f4d,\u7535\u5b50\u5546\u52a1\u66f4\u65b0\u65e5\u76ca\u6210\u4e3a\u4e13\u4e1a\u4eba\u58eb\u548c\u516c\u53f8\u7684\u53c2\u8003\u70b9,\u5bfb\u6c42\u4fdd\u6301\u66f4\u65b0\u3001\u6539\u8fdb\u7b56\u7565\u5e76\u5229\u7528\u8fd9\u4e2a\u4e0d\u65ad\u6269\u5927\u7684\u5e02\u573a\u63d0\u4f9b\u7684\u673a\u4f1a\u3002\u51ed\u501f\u5176\u5728\u5df4\u897f\u548c\u5168\u7403\u8303\u56f4\u5185\u57f9\u80b2\u7535\u5b50\u5546\u52a1\u7684\u627f\u8bfa,\u8be5\u516c\u53f8\u5728\u4e3a\u8be5\u884c\u4e1a\u5efa\u8bbe\u5145\u6ee1\u5e0c\u671b\u7684\u672a\u6765\u65b9\u9762\u53d1\u6325\u7740\u5173\u952e\u4f5c\u7528\u3002.<\/p>","protected":false},"excerpt":{"rendered":"<p>A E-Commerce Update \u00e9 uma empresa de refer\u00eancia no mercado brasileiro, especializada em produzir e disseminar conte\u00fado de alta qualidade sobre o setor de com\u00e9rcio eletr\u00f4nico. Com o objetivo de fomentar o crescimento e a evolu\u00e7\u00e3o do e-commerce no pa\u00eds, a empresa se dedica a abordar os mais variados temas relacionados a esse segmento, tanto [&hellip;]<\/p>\n","protected":false},"author":1,"featured_media":0,"parent":0,"menu_order":0,"comment_status":"closed","ping_status":"closed","template":"","meta":{"footnotes":""},"class_list":["post-400","page","type-page","status-publish"],"aioseo_notices":[],"_links":{"self":[{"href":"https:\/\/www.ecommerceupdate.com.br\/zh_cn\/wp-json\/wp\/v2\/pages\/400","targetHints":{"allow":["GET"]}}],"collection":[{"href":"https:\/\/www.ecommerceupdate.com.br\/zh_cn\/wp-json\/wp\/v2\/pages"}],"about":[{"href":"https:\/\/www.ecommerceupdate.com.br\/zh_cn\/wp-json\/wp\/v2\/types\/page"}],"author":[{"embeddable":true,"href":"https:\/\/www.ecommerceupdate.com.br\/zh_cn\/wp-json\/wp\/v2\/users\/1"}],"replies":[{"embeddable":true,"href":"https:\/\/www.ecommerceupdate.com.br\/zh_cn\/wp-json\/wp\/v2\/comments?post=400"}],"version-history":[{"count":0,"href":"https:\/\/www.ecommerceupdate.com.br\/zh_cn\/wp-json\/wp\/v2\/pages\/400\/revisions"}],"wp:attachment":[{"href":"https:\/\/www.ecommerceupdate.com.br\/zh_cn\/wp-json\/wp\/v2\/media?parent=400"}],"curies":[{"name":"wp","href":"https:\/\/api.w.org\/{rel}","templated":true}]}}