{"id":400,"date":"2024-06-24T21:21:22","date_gmt":"2024-06-24T21:21:22","guid":{"rendered":"https:\/\/www.ecommerceupdate.com.br\/?page_id=400"},"modified":"2025-02-24T10:17:53","modified_gmt":"2025-02-24T13:17:53","slug":"sobre","status":"publish","type":"page","link":"https:\/\/www.ecommerceupdate.com.br\/zh_tw\/sobre\/","title":{"rendered":"\u4e0a"},"content":{"rendered":"<p>E-Commerce Update\u662f\u5df4\u897f\u5e02\u5834\u7684\u53c3\u8003\u516c\u53f8,\u5c08\u9580\u88fd\u4f5c\u548c\u50b3\u64ad\u96fb\u5b50\u5546\u52d9\u9818\u57df\u7684\u9ad8\u54c1\u8cea\u5167\u5bb9\u3002\u70ba\u4e86\u4fc3\u9032\u8a72\u570b\u96fb\u5b50\u5546\u52d9\u7684\u6210\u9577\u548c\u767c\u5c55,\u8a72\u516c\u53f8\u81f4\u529b\u65bc\u89e3\u6c7a\u570b\u5167\u548c\u570b\u969b\u4e0a\u8207\u8a72\u9818\u57df\u76f8\u95dc\u7684\u6700\u591a\u6a23\u5316\u7684\u4e3b\u984c\u3002.<\/p>\n\n\n\n<p>\u900f\u904e\u6df1\u5165\u7684\u6587\u7ae0\u3001\u5e02\u5834\u5206\u6790\u3001\u5c08\u5bb6\u8a2a\u8ac7\u4ee5\u53ca\u91cd\u5927\u4e8b\u4ef6\u548c\u8da8\u52e2\u7684\u5831\u9053,\u96fb\u5b50\u5546\u52d9\u66f4\u65b0\u70ba\u8b80\u8005\u63d0\u4f9b\u4e86\u8c50\u5bcc\u3001\u66f4\u65b0\u548c\u76f8\u95dc\u7684\u5167\u5bb9\u3002\u8a72\u516c\u53f8\u4e0d\u50c5\u81f4\u529b\u65bc\u63d0\u4f9b\u8cc7\u8a0a,\u9084\u65e8\u5728\u6559\u80b2\u548c\u6fc0\u52f5\u5c08\u696d\u4eba\u58eb\u3001\u4f01\u696d\u5bb6\u548c\u96fb\u5b50\u5546\u52d9\u611b\u597d\u8005,\u70ba\u5df4\u897f\u548c\u5168\u7403\u66f4\u5f37\u5927\u548c\u5275\u65b0\u7684\u96fb\u5b50\u5546\u52d9\u751f\u614b\u7cfb\u7d71\u7684\u767c\u5c55\u505a\u51fa\u8ca2\u737b\u3002.<\/p>\n\n\n\n<p>\u96fb\u5b50\u5546\u52d9\u66f4\u65b0\u4ee5\u5176\u7de8\u8f2f\u54c1\u8cea\u548c\u96fb\u5b50\u5546\u52d9\u76f8\u95dc\u4e3b\u984c\u7684\u7d9c\u5408\u65b9\u6cd5\u800c\u812b\u7a4e\u800c\u51fa\u3002\u5f9e\u6578\u4f4d\u884c\u92b7\u7b56\u7565\u3001\u7269\u6d41\u3001\u652f\u4ed8\u65b9\u5f0f\u548c\u7528\u6236\u9ad4\u9a57,\u5230\u6280\u8853\u5275\u65b0\u3001\u6210\u529f\u6848\u4f8b\u548c\u884c\u696d\u6311\u6230,\u516c\u53f8\u65e8\u5728\u6db5\u84cb\u6240\u6709\u65b9\u9762\u5c0d\u65bc\u96fb\u5b50\u5546\u52d9\u7684\u6210\u529f\u81f3\u95dc\u91cd\u8981\u3002.<\/p>\n\n\n\n<p>\u900f\u904e\u978f\u56fa\u81ea\u5df1\u4f5c\u70ba\u96fb\u5b50\u5546\u52d9\u53ef\u9760\u4e14\u9f13\u821e\u4eba\u5fc3\u7684\u5167\u5bb9\u4f86\u6e90\u7684\u5730\u4f4d,\u96fb\u5b50\u5546\u52d9\u66f4\u65b0\u65e5\u76ca\u6210\u70ba\u5c0b\u6c42\u4fdd\u6301\u6700\u65b0\u72c0\u614b\u3001\u6539\u9032\u7b56\u7565\u4e26\u5229\u7528\u4e0d\u65b7\u64f4\u5927\u7684\u5e02\u5834\u63d0\u4f9b\u7684\u6a5f\u6703\u7684\u5c08\u696d\u4eba\u58eb\u548c\u516c\u53f8\u7684\u53c3\u8003\u9ede\u3002\u6191\u85c9\u81f4\u529b\u65bc\u4fc3\u9032\u5df4\u897f\u548c\u5168\u7403\u96fb\u5b50\u5546\u52d9,\u8a72\u516c\u53f8\u5728\u70ba\u8a72\u884c\u696d\u5efa\u7acb\u5145\u6eff\u5e0c\u671b\u7684\u672a\u4f86\u65b9\u9762\u767c\u63ee\u95dc\u9375\u4f5c\u7528\u3002.<\/p>","protected":false},"excerpt":{"rendered":"<p>A E-Commerce Update \u00e9 uma empresa de refer\u00eancia no mercado brasileiro, especializada em produzir e disseminar conte\u00fado de alta qualidade sobre o setor de com\u00e9rcio eletr\u00f4nico. Com o objetivo de fomentar o crescimento e a evolu\u00e7\u00e3o do e-commerce no pa\u00eds, a empresa se dedica a abordar os mais variados temas relacionados a esse segmento, tanto [&hellip;]<\/p>\n","protected":false},"author":1,"featured_media":0,"parent":0,"menu_order":0,"comment_status":"closed","ping_status":"closed","template":"","meta":{"footnotes":""},"class_list":["post-400","page","type-page","status-publish"],"aioseo_notices":[],"_links":{"self":[{"href":"https:\/\/www.ecommerceupdate.com.br\/zh_tw\/wp-json\/wp\/v2\/pages\/400","targetHints":{"allow":["GET"]}}],"collection":[{"href":"https:\/\/www.ecommerceupdate.com.br\/zh_tw\/wp-json\/wp\/v2\/pages"}],"about":[{"href":"https:\/\/www.ecommerceupdate.com.br\/zh_tw\/wp-json\/wp\/v2\/types\/page"}],"author":[{"embeddable":true,"href":"https:\/\/www.ecommerceupdate.com.br\/zh_tw\/wp-json\/wp\/v2\/users\/1"}],"replies":[{"embeddable":true,"href":"https:\/\/www.ecommerceupdate.com.br\/zh_tw\/wp-json\/wp\/v2\/comments?post=400"}],"version-history":[{"count":0,"href":"https:\/\/www.ecommerceupdate.com.br\/zh_tw\/wp-json\/wp\/v2\/pages\/400\/revisions"}],"wp:attachment":[{"href":"https:\/\/www.ecommerceupdate.com.br\/zh_tw\/wp-json\/wp\/v2\/media?parent=400"}],"curies":[{"name":"wp","href":"https:\/\/api.w.org\/{rel}","templated":true}]}}